{"id":6777,"date":"2025-04-07T12:14:24","date_gmt":"2025-04-07T12:14:24","guid":{"rendered":"https:\/\/feroterm.ro\/altep\/?post_type=product&#038;p=6777"},"modified":"2025-04-07T12:14:24","modified_gmt":"2025-04-07T12:14:24","slug":"centrala-pe-peleti-trio-pellet","status":"publish","type":"product","link":"https:\/\/feroterm.ro\/altep\/produs\/centrala-pe-peleti-trio-pellet\/","title":{"rendered":"Centrala pe peleti Trio Pellet"},"content":{"rendered":"<h3><span>TRIO\u00a0Pellet<\/span><\/h3>\n<p>Cazanele pe pele\u021bi TRIO Pellet sunt prevazute pentru \u00eenc\u0103lzirea locuin\u021belor \u0219i unit\u0103\u021bilor industriale \u00een modul automat. Pele\u021bii sunt transporta\u021bi cu ajutorul \u0219necului din bunc\u0103r, care se afla l\u00e2ng\u0103 cazan.<\/p>\n<p>Combustibilul principal pentru aceasta central\u0430 TRIO Pellet se constituie combustibil frac\u021bionar ( maxim de 25 mm), pele\u021bi din lemn \u0219i agro pele\u021bi (paie, coji de floarea soarelui, stuf, semin\u021be s.a.)<\/p>\n<div class=\"s_alert clearfix w-100 s_alert_md\" data-name=\"Alert\">\n<div class=\"s_alert_content\">\n<p>Perfect\u0103 lui exploatare cu sistem alimentare \u0219nec depinde de corect\u0103 lui instalare,<br \/>\nfolosirea combustibilului potrivit \u0219i cur\u0103\u021barea s\u0103 \u00een timp util.<\/p>\n<\/div>\n<\/div>\n<h4>Caracteristici<\/h4>\n<p>Cazanul\u00a0 TRIO Pellet este un cazan cu temperaturi joase \u0219i sistem automat de alimentare cu combustibil \u00een camera de ardere.<\/p>\n<p>Cazanul TRIO Pellet are un arz\u0103tor de retorta polonez, care este automatizat \u0219i controlat de un controler ata\u0219at acestuia.Eficienta cazanului este de un minim de 91%. Este extrem de eficient \u0219i sigur.<\/p>\n<p>Construc\u021bia acestui arz\u0103tor este foarte simpla. In partea orizontala a arz\u0103torului avem \u0219necul de alimentare care leag\u0103 bunc\u0103rul cu pele\u021bi \u0219i partea cap\u0103tului de ardere. Cap\u0103t care se termina cu un arz\u0103tor de retorta rotativ.<\/p>\n<p>Motorul-reductor de provenien\u021ba germana, al companiei\u00a0 \u201dNord\u201d, care garanteaz\u0103 o rezistenta ridicata, precum \u0219i o func\u021bionare silen\u021bioas\u0103, cu lunga durata de viata.<\/p>\n<p>Este important sa setam corect pe controler regimul exact de alimentare a combustibilului, cu pauzele prestabilite, astfel \u00eenc\u00e2t sa nu conduc\u0103 la risipirea combustibilului nears integral, sau realocarea zonei de combustie \u00een \u0219necul de alimentare. In astfel de cazuri este prevazut un sistem de stingere al incendiilor, \u00een care apa intra \u00een \u0219necul de alimentare, astfel sting\u00e2nd focul p\u0103truns.<\/p>\n<p>Gazele arse ies \u00een co\u0219ul de fum prin gaura de evacuare amplasata \u00een partea superioara din spatele cazanului. Gura de evacuare a gazelor este echipata cu un \u0219ubler ce permite \u00een cazul pierderii masive a c\u0103ldurii prin cos, blocarea par\u021biala a evacu\u0103rii acesteia<\/p>\n<p>\u00centre\u021binerea func\u021bionalit\u0103\u021bii cazanului consta \u00een ad\u0103ugarea periodica a combustibilului \u00een bunc\u0103r \u0219i \u00eendep\u0103rtarea cenu\u0219ii de pe raftul cenu\u0219ar al cazanului, f\u0103r\u0103 a fi necesara stingerea acestuia. Dup\u0103 aprinderea centralei nu este nevoie de o supraveghere permanenta a acestuia. Func\u021bionalitatea cazanului poate a dura pentru \u00eentregul sezon de \u00eenc\u0103lzire f\u0103r\u0103 a fi \u00eentrerupta. Centrala de asemenea poate fi folosita \u0219i \u00een afara sezonului rece, pentru \u00eenc\u0103lzirea apei, legata \u00een sistem cu un boiler.<\/p>\n<p>Numai pe cazanele TRIO Pellet de la 400 pana la 600 \u043aw\u00a0 sunt instalate doua arz\u0103toare cu retorta cu doua bancare pentru combustibil. Pe partea lateral opusa celei pe care sunt montate bunc\u0103rele de combustibil, sunt amplasate doua r\u00e2nduri de u\u0219i. U\u0219ile din r\u00e2ndul superior sunt proiectate pentru aprindere,pentru a gestiona \u0219i monitoriza procesul de ardere combustibilului \u00een retorta. U\u0219ile din r\u00e2ndul inferior &#8211; pentru cur\u0103\u021barea cenu\u0219ii din partea de jos a cazanului \u0219i a retortelor.<\/p>\n<p>Cazanul pe pele\u021bi ALTEP TRIO Pellet de la\u00a0 150 \u043aw pana la 300 \u043aw au gura de evacuare de forma p\u0103trata, de la 400 \u043aw la 600 \u043aw &#8211; rotunda. In gura de evacuare avem un \u0219ubler, cu ajutorul c\u0103ruia controlam tirajul de evacuare a gazelor arse,pentru economisirea combustibilului.<\/p>\n<div class=\"row justify-content-center\">\n<div class=\"col-auto\">\n<table class=\"table table-hover table-responsive\">\n<thead class=\"thead-dark\">\n<tr>\n<th>Parametri<\/th>\n<th><abbr title=\"Unitate de m\u0103sur\u0103\">U.M.<\/abbr><\/th>\n<th>150 kW<\/th>\n<th>200 kW<\/th>\n<th>250 kW<\/th>\n<th>300 kW<\/th>\n<th>400 kW<\/th>\n<th>500 kW<\/th>\n<th>600 kW<\/th>\n<\/tr>\n<\/thead>\n<tbody>\n<tr>\n<th>Suprafa\u021b\u0103 schimb\u0103torului de c\u0103ldura<\/th>\n<td>m\u00b2<\/td>\n<td>13,1<\/td>\n<td>16,5<\/td>\n<td>24,1<\/td>\n<td>27,2<\/td>\n<td>36<\/td>\n<td>41,0<\/td>\n<td>46,2<\/td>\n<\/tr>\n<tr>\n<th>Eficien\u021ba, min<\/th>\n<td>%<\/td>\n<td colspan=\"7\">91<\/td>\n<\/tr>\n<tr>\n<th>Volumul apei din cazan<\/th>\n<td>l<\/td>\n<td>365<\/td>\n<td>425<\/td>\n<td>585<\/td>\n<td>655<\/td>\n<td>800<\/td>\n<td>900<\/td>\n<td>1050<\/td>\n<\/tr>\n<tr>\n<th>Greutatea cazanului f\u0103r\u0103 apa<\/th>\n<td>kg<\/td>\n<td>1500<\/td>\n<td>1850<\/td>\n<td>2300<\/td>\n<td>2550<\/td>\n<td>3800<\/td>\n<td>4500<\/td>\n<td>5000<\/td>\n<\/tr>\n<tr>\n<th>Temperatura gazelor arse<\/th>\n<td>\u00b0C<\/td>\n<td colspan=\"7\">100-180<\/td>\n<\/tr>\n<tr>\n<th>Temperatura apei minim recomandata<\/th>\n<td>\u00b0C<\/td>\n<td colspan=\"7\">58<\/td>\n<\/tr>\n<tr>\n<th>Temperatura maxima a apei<\/th>\n<td>\u00b0C<\/td>\n<td colspan=\"7\">85<\/td>\n<\/tr>\n<tr>\n<th>Presiunea nominala a apei (maxim)<\/th>\n<td>mP\u0430<\/td>\n<td colspan=\"7\">0,20<\/td>\n<\/tr>\n<tr>\n<th>Consumul de energie electrica, min<\/th>\n<td>W<\/td>\n<td>430<\/td>\n<td>500<\/td>\n<td>500<\/td>\n<td>500<\/td>\n<td>1320<\/td>\n<td>1320<\/td>\n<td>1320<\/td>\n<\/tr>\n<tr>\n<th>Diametrul etern racord cos<\/th>\n<td>mm<\/td>\n<td>298<\/td>\n<td>348<\/td>\n<td>398<\/td>\n<td>448<\/td>\n<td>498<\/td>\n<td>548<\/td>\n<td>548<\/td>\n<\/tr>\n<tr>\n<th>Diametru conexiune re\u021belei de apa (Du)<\/th>\n<td>mm<\/td>\n<td>80(FL)<\/td>\n<td>100(FL)<\/td>\n<td>100(FL)<\/td>\n<td>100(FL)<\/td>\n<td>125(FL)<\/td>\n<td>125(FL)<\/td>\n<td>125(FL)<\/td>\n<\/tr>\n<\/tbody>\n<thead class=\"thead-dark\">\n<tr>\n<th colspan=\"9\">Dimensiuni burlan<\/th>\n<\/tr>\n<\/thead>\n<tbody>\n<tr>\n<th>Sec\u021biunea transversala<\/th>\n<td>\u0441m\u00b2<\/td>\n<td>660<\/td>\n<td>908<\/td>\n<td>1194<\/td>\n<td>1520<\/td>\n<td>1885<\/td>\n<td>2290<\/td>\n<td>2290<\/td>\n<\/tr>\n<tr>\n<th>Diametru intern<\/th>\n<td>mm<\/td>\n<td>300<\/td>\n<td>350<\/td>\n<td>400<\/td>\n<td>450<\/td>\n<td>500<\/td>\n<td>550<\/td>\n<td>550<\/td>\n<\/tr>\n<tr>\n<th>\u00cen\u0103l\u021bime (min permisa)<\/th>\n<td>m<\/td>\n<td>10<\/td>\n<td>11<\/td>\n<td>11<\/td>\n<td>12<\/td>\n<td>13<\/td>\n<td>14<\/td>\n<td>15<\/td>\n<\/tr>\n<tr>\n<th>Putere ventilator<\/th>\n<td>m\u00b3\/ora<\/td>\n<td>600<\/td>\n<td>600<\/td>\n<td>600<\/td>\n<td>600<\/td>\n<td>600\u00d72<\/td>\n<td>600\u00d72<\/td>\n<td>600\u00d72<\/td>\n<\/tr>\n<tr>\n<th>Diametru \u021bevii de sub siguran\u021bele supapei (Du)<\/th>\n<td>mm<\/td>\n<td>50(FL)<\/td>\n<td>50(FL)<\/td>\n<td>50(FL)<\/td>\n<td>50(FL)<\/td>\n<td>50\u00d72(FL)<\/td>\n<td>50\u00d72(FL)<\/td>\n<td>50\u00d72(FL)<\/td>\n<\/tr>\n<\/tbody>\n<\/table>\n<\/div>\n<\/div>\n","protected":false},"excerpt":{"rendered":"<p>TRIO Pellet \u2013 cazan industrial cu \u00eenc\u0103rcare automata a combustibilului<br \/>\nCombustibili: c\u0103rbune fin, pelete de lemn \u015fi agro pelete<br \/>\n&#8211; eficienta foarte mare, minim 91%<br \/>\n&#8211; cazan cu gama larga de putere<br \/>\n&#8211; camera de ardere mare cu un arz\u0103tor de retorta de \u00eenalta performan\u021ba<br \/>\n&#8211; sistem automat de stingere \u00een caz de incendiu<br \/>\n&#8211; \u0219nec de alimentare monolit<br \/>\n&#8211; arde orice calitate de pele\u021bi<br \/>\n&#8211; posibilitatea schimb\u0103rii pozi\u021biei bunc\u0103rului<br \/>\n&#8211; posibilitatea m\u0103ririi volumului bunc\u0103rului<\/p>\n","protected":false},"featured_media":6780,"comment_status":"open","ping_status":"closed","template":"","meta":[],"product_brand":[],"product_cat":[53],"product_tag":[],"class_list":{"0":"post-6777","1":"product","2":"type-product","3":"status-publish","4":"has-post-thumbnail","6":"product_cat-centrale-pe-peleti","8":"first","9":"instock","10":"shipping-taxable","11":"purchasable","12":"product-type-variable"},"yoast_head":"<!-- This site is optimized with the Yoast SEO Premium plugin v21.2 (Yoast SEO v24.8.1) - https:\/\/yoast.com\/wordpress\/plugins\/seo\/ -->\n<title>Centrala pe peleti Trio Pellet - Altep<\/title>\n<meta name=\"robots\" content=\"index, follow, max-snippet:-1, max-image-preview:large, max-video-preview:-1\" \/>\n<link rel=\"canonical\" href=\"https:\/\/feroterm.ro\/altep\/produs\/centrala-pe-peleti-trio-pellet\/\" \/>\n<meta property=\"og:locale\" content=\"ro_RO\" \/>\n<meta property=\"og:type\" content=\"article\" \/>\n<meta property=\"og:title\" content=\"Centrala pe peleti Trio Pellet - Altep\" \/>\n<meta property=\"og:description\" content=\"TRIO Pellet \u2013 cazan industrial cu \u00eenc\u0103rcare automata a combustibilului Combustibili: c\u0103rbune fin, pelete de lemn \u015fi agro pelete - eficienta foarte mare, minim 91% - cazan cu gama larga de putere - camera de ardere mare cu un arz\u0103tor de retorta de \u00eenalta performan\u021ba - sistem automat de stingere \u00een caz de incendiu - \u0219nec de alimentare monolit - arde orice calitate de pele\u021bi - posibilitatea schimb\u0103rii pozi\u021biei bunc\u0103rului - posibilitatea m\u0103ririi volumului bunc\u0103rului\" \/>\n<meta property=\"og:url\" content=\"https:\/\/feroterm.ro\/altep\/produs\/centrala-pe-peleti-trio-pellet\/\" \/>\n<meta property=\"og:site_name\" content=\"FEROTERM\" \/>\n<meta property=\"og:image\" content=\"https:\/\/feroterm.ro\/altep\/wp-content\/uploads\/2025\/04\/Duo-Uni-Pellet-Plus-250-300-kW-1.png\" \/>\n\t<meta property=\"og:image:width\" content=\"1024\" \/>\n\t<meta property=\"og:image:height\" content=\"1024\" \/>\n\t<meta property=\"og:image:type\" content=\"image\/png\" \/>\n<meta name=\"twitter:card\" content=\"summary_large_image\" \/>\n<meta name=\"twitter:label1\" content=\"Timp estimat pentru citire\" \/>\n\t<meta name=\"twitter:data1\" content=\"4 minute\" \/>\n<script type=\"application\/ld+json\" class=\"yoast-schema-graph\">{\"@context\":\"https:\/\/schema.org\",\"@graph\":[{\"@type\":\"WebPage\",\"@id\":\"https:\/\/feroterm.ro\/altep\/produs\/centrala-pe-peleti-trio-pellet\/\",\"url\":\"https:\/\/feroterm.ro\/altep\/produs\/centrala-pe-peleti-trio-pellet\/\",\"name\":\"Centrala pe peleti Trio Pellet - Altep\",\"isPartOf\":{\"@id\":\"https:\/\/feroterm.ro\/altep\/#website\"},\"primaryImageOfPage\":{\"@id\":\"https:\/\/feroterm.ro\/altep\/produs\/centrala-pe-peleti-trio-pellet\/#primaryimage\"},\"image\":{\"@id\":\"https:\/\/feroterm.ro\/altep\/produs\/centrala-pe-peleti-trio-pellet\/#primaryimage\"},\"thumbnailUrl\":\"https:\/\/feroterm.ro\/altep\/wp-content\/uploads\/2025\/04\/Duo-Uni-Pellet-Plus-250-300-kW-1.png\",\"datePublished\":\"2025-04-07T12:14:24+00:00\",\"breadcrumb\":{\"@id\":\"https:\/\/feroterm.ro\/altep\/produs\/centrala-pe-peleti-trio-pellet\/#breadcrumb\"},\"inLanguage\":\"ro-RO\",\"potentialAction\":[{\"@type\":\"ReadAction\",\"target\":[\"https:\/\/feroterm.ro\/altep\/produs\/centrala-pe-peleti-trio-pellet\/\"]}]},{\"@type\":\"ImageObject\",\"inLanguage\":\"ro-RO\",\"@id\":\"https:\/\/feroterm.ro\/altep\/produs\/centrala-pe-peleti-trio-pellet\/#primaryimage\",\"url\":\"https:\/\/feroterm.ro\/altep\/wp-content\/uploads\/2025\/04\/Duo-Uni-Pellet-Plus-250-300-kW-1.png\",\"contentUrl\":\"https:\/\/feroterm.ro\/altep\/wp-content\/uploads\/2025\/04\/Duo-Uni-Pellet-Plus-250-300-kW-1.png\",\"width\":1024,\"height\":1024},{\"@type\":\"BreadcrumbList\",\"@id\":\"https:\/\/feroterm.ro\/altep\/produs\/centrala-pe-peleti-trio-pellet\/#breadcrumb\",\"itemListElement\":[{\"@type\":\"ListItem\",\"position\":1,\"name\":\"Magazin\",\"item\":\"https:\/\/feroterm.ro\/altep\/magazin\/\"},{\"@type\":\"ListItem\",\"position\":2,\"name\":\"Centrala pe peleti Trio Pellet\"}]},{\"@type\":\"WebSite\",\"@id\":\"https:\/\/feroterm.ro\/altep\/#website\",\"url\":\"https:\/\/feroterm.ro\/altep\/\",\"name\":\"FEROTERM\",\"description\":\"Comercializam toata gama de cazane Altep\",\"publisher\":{\"@id\":\"https:\/\/feroterm.ro\/altep\/#organization\"},\"potentialAction\":[{\"@type\":\"SearchAction\",\"target\":{\"@type\":\"EntryPoint\",\"urlTemplate\":\"https:\/\/feroterm.ro\/altep\/?s={search_term_string}\"},\"query-input\":{\"@type\":\"PropertyValueSpecification\",\"valueRequired\":true,\"valueName\":\"search_term_string\"}}],\"inLanguage\":\"ro-RO\"},{\"@type\":\"Organization\",\"@id\":\"https:\/\/feroterm.ro\/altep\/#organization\",\"name\":\"FEROTERM\",\"url\":\"https:\/\/feroterm.ro\/altep\/\",\"logo\":{\"@type\":\"ImageObject\",\"inLanguage\":\"ro-RO\",\"@id\":\"https:\/\/feroterm.ro\/altep\/#\/schema\/logo\/image\/\",\"url\":\"https:\/\/feroterm.ro\/altep\/wp-content\/uploads\/2025\/04\/logo-feroterm.png\",\"contentUrl\":\"https:\/\/feroterm.ro\/altep\/wp-content\/uploads\/2025\/04\/logo-feroterm.png\",\"width\":346,\"height\":56,\"caption\":\"FEROTERM\"},\"image\":{\"@id\":\"https:\/\/feroterm.ro\/altep\/#\/schema\/logo\/image\/\"}}]}<\/script>\n<!-- \/ Yoast SEO Premium plugin. -->","yoast_head_json":{"title":"Centrala pe peleti Trio Pellet - Altep","robots":{"index":"index","follow":"follow","max-snippet":"max-snippet:-1","max-image-preview":"max-image-preview:large","max-video-preview":"max-video-preview:-1"},"canonical":"https:\/\/feroterm.ro\/altep\/produs\/centrala-pe-peleti-trio-pellet\/","og_locale":"ro_RO","og_type":"article","og_title":"Centrala pe peleti Trio Pellet - Altep","og_description":"TRIO Pellet \u2013 cazan industrial cu \u00eenc\u0103rcare automata a combustibilului Combustibili: c\u0103rbune fin, pelete de lemn \u015fi agro pelete - eficienta foarte mare, minim 91% - cazan cu gama larga de putere - camera de ardere mare cu un arz\u0103tor de retorta de \u00eenalta performan\u021ba - sistem automat de stingere \u00een caz de incendiu - \u0219nec de alimentare monolit - arde orice calitate de pele\u021bi - posibilitatea schimb\u0103rii pozi\u021biei bunc\u0103rului - posibilitatea m\u0103ririi volumului bunc\u0103rului","og_url":"https:\/\/feroterm.ro\/altep\/produs\/centrala-pe-peleti-trio-pellet\/","og_site_name":"FEROTERM","og_image":[{"width":1024,"height":1024,"url":"https:\/\/feroterm.ro\/altep\/wp-content\/uploads\/2025\/04\/Duo-Uni-Pellet-Plus-250-300-kW-1.png","type":"image\/png"}],"twitter_card":"summary_large_image","twitter_misc":{"Timp estimat pentru citire":"4 minute"},"schema":{"@context":"https:\/\/schema.org","@graph":[{"@type":"WebPage","@id":"https:\/\/feroterm.ro\/altep\/produs\/centrala-pe-peleti-trio-pellet\/","url":"https:\/\/feroterm.ro\/altep\/produs\/centrala-pe-peleti-trio-pellet\/","name":"Centrala pe peleti Trio Pellet - Altep","isPartOf":{"@id":"https:\/\/feroterm.ro\/altep\/#website"},"primaryImageOfPage":{"@id":"https:\/\/feroterm.ro\/altep\/produs\/centrala-pe-peleti-trio-pellet\/#primaryimage"},"image":{"@id":"https:\/\/feroterm.ro\/altep\/produs\/centrala-pe-peleti-trio-pellet\/#primaryimage"},"thumbnailUrl":"https:\/\/feroterm.ro\/altep\/wp-content\/uploads\/2025\/04\/Duo-Uni-Pellet-Plus-250-300-kW-1.png","datePublished":"2025-04-07T12:14:24+00:00","breadcrumb":{"@id":"https:\/\/feroterm.ro\/altep\/produs\/centrala-pe-peleti-trio-pellet\/#breadcrumb"},"inLanguage":"ro-RO","potentialAction":[{"@type":"ReadAction","target":["https:\/\/feroterm.ro\/altep\/produs\/centrala-pe-peleti-trio-pellet\/"]}]},{"@type":"ImageObject","inLanguage":"ro-RO","@id":"https:\/\/feroterm.ro\/altep\/produs\/centrala-pe-peleti-trio-pellet\/#primaryimage","url":"https:\/\/feroterm.ro\/altep\/wp-content\/uploads\/2025\/04\/Duo-Uni-Pellet-Plus-250-300-kW-1.png","contentUrl":"https:\/\/feroterm.ro\/altep\/wp-content\/uploads\/2025\/04\/Duo-Uni-Pellet-Plus-250-300-kW-1.png","width":1024,"height":1024},{"@type":"BreadcrumbList","@id":"https:\/\/feroterm.ro\/altep\/produs\/centrala-pe-peleti-trio-pellet\/#breadcrumb","itemListElement":[{"@type":"ListItem","position":1,"name":"Magazin","item":"https:\/\/feroterm.ro\/altep\/magazin\/"},{"@type":"ListItem","position":2,"name":"Centrala pe peleti Trio Pellet"}]},{"@type":"WebSite","@id":"https:\/\/feroterm.ro\/altep\/#website","url":"https:\/\/feroterm.ro\/altep\/","name":"FEROTERM","description":"Comercializam toata gama de cazane Altep","publisher":{"@id":"https:\/\/feroterm.ro\/altep\/#organization"},"potentialAction":[{"@type":"SearchAction","target":{"@type":"EntryPoint","urlTemplate":"https:\/\/feroterm.ro\/altep\/?s={search_term_string}"},"query-input":{"@type":"PropertyValueSpecification","valueRequired":true,"valueName":"search_term_string"}}],"inLanguage":"ro-RO"},{"@type":"Organization","@id":"https:\/\/feroterm.ro\/altep\/#organization","name":"FEROTERM","url":"https:\/\/feroterm.ro\/altep\/","logo":{"@type":"ImageObject","inLanguage":"ro-RO","@id":"https:\/\/feroterm.ro\/altep\/#\/schema\/logo\/image\/","url":"https:\/\/feroterm.ro\/altep\/wp-content\/uploads\/2025\/04\/logo-feroterm.png","contentUrl":"https:\/\/feroterm.ro\/altep\/wp-content\/uploads\/2025\/04\/logo-feroterm.png","width":346,"height":56,"caption":"FEROTERM"},"image":{"@id":"https:\/\/feroterm.ro\/altep\/#\/schema\/logo\/image\/"}}]}},"_links":{"self":[{"href":"https:\/\/feroterm.ro\/altep\/wp-json\/wp\/v2\/product\/6777","targetHints":{"allow":["GET"]}}],"collection":[{"href":"https:\/\/feroterm.ro\/altep\/wp-json\/wp\/v2\/product"}],"about":[{"href":"https:\/\/feroterm.ro\/altep\/wp-json\/wp\/v2\/types\/product"}],"replies":[{"embeddable":true,"href":"https:\/\/feroterm.ro\/altep\/wp-json\/wp\/v2\/comments?post=6777"}],"wp:featuredmedia":[{"embeddable":true,"href":"https:\/\/feroterm.ro\/altep\/wp-json\/wp\/v2\/media\/6780"}],"wp:attachment":[{"href":"https:\/\/feroterm.ro\/altep\/wp-json\/wp\/v2\/media?parent=6777"}],"wp:term":[{"taxonomy":"product_brand","embeddable":true,"href":"https:\/\/feroterm.ro\/altep\/wp-json\/wp\/v2\/product_brand?post=6777"},{"taxonomy":"product_cat","embeddable":true,"href":"https:\/\/feroterm.ro\/altep\/wp-json\/wp\/v2\/product_cat?post=6777"},{"taxonomy":"product_tag","embeddable":true,"href":"https:\/\/feroterm.ro\/altep\/wp-json\/wp\/v2\/product_tag?post=6777"}],"curies":[{"name":"wp","href":"https:\/\/api.w.org\/{rel}","templated":true}]}}