{"id":6743,"date":"2025-04-07T12:04:38","date_gmt":"2025-04-07T12:04:38","guid":{"rendered":"https:\/\/feroterm.ro\/altep\/?post_type=product&#038;p=6743"},"modified":"2025-04-07T12:04:39","modified_gmt":"2025-04-07T12:04:39","slug":"centrala-pe-peleti-duo-uni-pellet","status":"publish","type":"product","link":"https:\/\/feroterm.ro\/altep\/produs\/centrala-pe-peleti-duo-uni-pellet\/","title":{"rendered":"Centrala pe peleti Duo Uni Pellet"},"content":{"rendered":"<h3>Cazan pe pele\u021bi\u00a0<span>Duo Uni Pellet<\/span><\/h3>\n<p>Centrala pe pele\u021bi Duo UNI Pellet este prevazut pentru \u00eenc\u0103lzirea locuin\u021belor \u0219i unit\u0103\u021bilor industriale \u00een regim automat. Pele\u021bii sunt transporta\u021bi cu ajutorul \u0219necului din bunc\u0103r, care se afla l\u00e2ng\u0103 cazan. Combustibilul potrivit pentru cazanul\u00a0 Duo UNI Pellet se considera pele\u021bii care corespund clasei DIN plus.<\/p>\n<h5>Caracteristicile peletului recomandat:<\/h5>\n<ul>\n<li>Umiditate max 10%;<\/li>\n<li>Diametru intre 6 \u0219i 8 mm;<\/li>\n<li>Lungime 25-40 mm<\/li>\n<\/ul>\n<div class=\"s_alert s_alert_md alert-delta w-100 clearfix\" data-name=\"Alert\"><i class=\"fa fa-3x fa-info-circle s_alert_icon\" title=\"\" data-original-title=\"\" aria-describedby=\"tooltip33330\"><\/i><\/p>\n<div class=\"s_alert_content\">\n<p>Este posibila exploatarea cazanului \u00een regim de alimentare manuala a combustibilului solid. Pentru trecerea la acest regim este nevoie sa comanda\u021bi din fabrica urm\u0103toarele accesorii: ventilator, unitate automatizare, gr\u0103tare fonta (pentru 21 pana la 50 kW) \u0219i u\u0219i\u021b\u0103 de fonta.<\/p>\n<\/div>\n<\/div>\n<h4>Caracteristici<\/h4>\n<p>Grosimea carcasei din otel \u0219i a schimb\u0103torului de c\u0103ldura a cazanului este de 6 mm. Acesta este un indicator important, deoarece viata cazanului depinde direct de acesta.<\/p>\n<p>In complecta\u021bie de baza a cazanului Duo UNI Pellet este montat este montat arz\u0103torul de pele\u021bi de \u00eenalt\u0103 performanta Eco-Palnik, al produc\u0103torului polonez. Este echipat cu func\u021bia de aprindere automata. Pele\u021bii sunt alimenta\u021bi de la bunc\u0103r prin \u0219necul de alimentare la conducta ondulata prin care este alimentat por\u021bionat arz\u0103torul, \u00eentr-o camera de ardere din otel rezistent la c\u0103ldura. Arz\u0103torul este cur\u0103\u021bat automat prin mi\u0219carea gr\u0103tarelor \u0219i suflarea turbinelor. Arz\u0103torul este complet automatizat, \u00een toate fazele procesului de ardere -aprindere, ardere, a\u0219teptare, stingere se programeaz\u0103. Construc\u021bia arz\u0103torului exclude pericolul supra\u00eenc\u0103lzirii cazanului \u00een absenta alimentarii cu energie electrica, deoarece cantitatea combustibilului pe gr\u0103tar este suficient de mica. \u00cen cazul penelor de curent electric, arz\u0103torul opre\u0219te \u0219i porne\u0219te automat.<\/p>\n<div class=\"s_alert alert-delta clearfix w-100 s_alert_md\" data-name=\"Alert\">\n<div class=\"s_alert_content\">\n<p>La comanda, pe cazanul Duo UNI Pellet se pot monta \u0219i alte arz\u0103toare, ai altor produc\u0103tori.<\/p>\n<\/div>\n<\/div>\n<p>Pentru posibilitatea func\u021bionarii cazanului cu combustibil solid \u00een regimul alimentarii manuale a cuptorului (ex- lemn de foc), \u00een complecta\u021bie cu cazanul se pot comanda set de gr\u0103tare de fonta, care se vor a\u0219eza \u00een acest caz \u00een camera de ardere la nivelul potrivit acestora ,se potrivesc la cazane (intre 21-50 \u043aW).\u00a0 Duo UNI Pellet\/Plus de la 60 la 200 \u043aW, pentru folosirea acestui combustibil solid, va fi necesara umplerea gr\u0103tarelor cu apa. In plus ,pe peretele superior al corpului cazanului este prevazut un orificiu pentru instalarea ventilatorului (\u00eenchis cu un capac), care va sufla aerul \u00een camera de ardere.<\/p>\n<p>Duo UNI Pellet are patru camere de ardere a gazelor (schimb\u0103torul de c\u0103ldura), ce permite utilizarea eficienta a c\u0103ldurii produse din arderea \u00een boiler. Schimb\u0103torul de c\u0103ldura utilizeaz\u0103 \u00een mod eficient c\u0103ldura \u00een urma arderii combustibilului \u0219i a purt\u0103torului de c\u0103ldura. Controlerul m\u0103soar\u0103 permanent temperatura apei, astfel direc\u021bion\u00e2nd alimentarea automata a combustibilului. Controlerul este conectat la pompa de circula\u021bie a sistemului de \u00eenc\u0103lzire.<\/p>\n<h4>Alimentarea cazanului<\/h4>\n<p>\u00centre\u021binerea func\u021bionalit\u0103\u021bii cazanului consta \u00een ad\u0103ugarea periodica a combustibilului \u00een bunc\u0103r \u0219i \u00eendep\u0103rtarea cenu\u0219ii de pe raftul cenu\u0219ar al cazanului, f\u0103r\u0103 a fi necesara stingerea acestuia. Dup\u0103 aprinderea centralei nu este nevoie de o supraveghere permanenta a acestuia. Func\u021bionalitatea cazanului poate a dura pentru \u00eentregul sezon de \u00eenc\u0103lzire f\u0103r\u0103 a fi \u00eentrerupta. Centrala de asemenea poate fi folosita \u0219i \u00een afara sezonului rece, pentru \u00eenc\u0103lzirea apei, legata \u00een sistem cu un boiler.<\/p>\n<p>Cazanele au gura de evacuare de forma rotunda \u0219i au un \u0219ubler, cu ajutorul c\u0103ruia controlam tirajul de evacuare a gazelor arse,pentru economisirea combustibilului.<\/p>\n<p>Achizi\u021bion\u00e2nd o centrala Duo UNI Pellet nu numai c\u0103 ve\u021bi economisi bani, dar \u0219i timp, deoarece acesta nu necesita o supraveghere frecventa.<\/p>\n<div class=\"justify-content-center row\">\n<div class=\"col-auto\">\n<table class=\"table table-hover table-responsive\">\n<thead class=\"thead-dark\">\n<tr>\n<th>Parametri<\/th>\n<th><abbr title=\"Unitate de m\u0103sur\u0103\">U.M.<\/abbr><\/th>\n<th>21 kW<\/th>\n<th>27 kW<\/th>\n<th>33 kW<\/th>\n<th>40 kW<\/th>\n<th>50 kW<\/th>\n<th>62 kW<\/th>\n<th>75 kW<\/th>\n<th>95 kW<\/th>\n<th>120 kW<\/th>\n<th>150 kW<\/th>\n<th>200 kW<\/th>\n<th>250 kW<\/th>\n<th>300 kW<\/th>\n<\/tr>\n<\/thead>\n<tbody>\n<tr>\n<th>Suprafa\u021ba schimb\u0103torului de c\u0103ldur\u0103<\/th>\n<td>m\u00b2<\/td>\n<td>1,9<\/td>\n<td>2,3<\/td>\n<td>2,6<\/td>\n<td>3,1<\/td>\n<td>3,6<\/td>\n<td>4,5<\/td>\n<td>5,0<\/td>\n<td>6,0<\/td>\n<td>8,2<\/td>\n<td>9,3<\/td>\n<td>10,2<\/td>\n<td>14,1<\/td>\n<td>17,4<\/td>\n<\/tr>\n<tr>\n<th>Volumul bunc\u0103rului<\/th>\n<td>dm\u00b3<\/td>\n<td>300<\/td>\n<td>300<\/td>\n<td>300<\/td>\n<td>300<\/td>\n<td>300<\/td>\n<td>500<\/td>\n<td>500<\/td>\n<td>500<\/td>\n<td>700<\/td>\n<td>700<\/td>\n<td>1000<\/td>\n<td>1000<\/td>\n<td>1000<\/td>\n<\/tr>\n<tr>\n<th>Volumul apei din cazan<\/th>\n<td>l<\/td>\n<td>84<\/td>\n<td>92<\/td>\n<td>105<\/td>\n<td>120<\/td>\n<td>135<\/td>\n<td>170<\/td>\n<td>194<\/td>\n<td>220<\/td>\n<td>290<\/td>\n<td>328<\/td>\n<td>357<\/td>\n<td>560<\/td>\n<td>660<\/td>\n<\/tr>\n<tr>\n<th>Greutatea cazanului f\u0103r\u0103 apa<\/th>\n<td>kg<\/td>\n<td>420<\/td>\n<td>440<\/td>\n<td>480<\/td>\n<td>520<\/td>\n<td>560<\/td>\n<td>790<\/td>\n<td>830<\/td>\n<td>910<\/td>\n<td>1220<\/td>\n<td>1310<\/td>\n<td>1400<\/td>\n<td>1920<\/td>\n<td>2350<\/td>\n<\/tr>\n<tr>\n<th>Tirajul necesar a gazelor arse<\/th>\n<td>P\u0430<\/td>\n<td colspan=\"13\">23-30<\/td>\n<\/tr>\n<tr>\n<th>Temperatura gazelor arse<\/th>\n<td>\u00b0C<\/td>\n<td colspan=\"13\">100-180<\/td>\n<\/tr>\n<tr>\n<th>Temperatura apei minim recomandata<\/th>\n<td>\u00b0C<\/td>\n<td colspan=\"13\">58<\/td>\n<\/tr>\n<tr>\n<th>Temperatura maxima a apei<\/th>\n<td>\u00b0C<\/td>\n<td colspan=\"13\">90<\/td>\n<\/tr>\n<tr>\n<th>Presiunea nominala a apei (maxim)<\/th>\n<td>mP\u0430<\/td>\n<td>0,15<\/td>\n<td>0,15<\/td>\n<td>0,15<\/td>\n<td>0,15<\/td>\n<td>0,15<\/td>\n<td>0,20<\/td>\n<td>0,20<\/td>\n<td>0,20<\/td>\n<td>0,20<\/td>\n<td>0,20<\/td>\n<td>0,20<\/td>\n<td>0,20<\/td>\n<td>0,20<\/td>\n<\/tr>\n<\/tbody>\n<thead class=\"thead-dark\">\n<tr>\n<th colspan=\"15\">Consumul de energie electrica, min<\/th>\n<\/tr>\n<\/thead>\n<tbody>\n<tr>\n<th>\u00een proces de exploatare<\/th>\n<td>W<\/td>\n<td>80<\/td>\n<td>80<\/td>\n<td>80<\/td>\n<td>80<\/td>\n<td>80<\/td>\n<td>80<\/td>\n<td>80<\/td>\n<td>80<\/td>\n<td>100<\/td>\n<td>100<\/td>\n<td>100<\/td>\n<td>500<\/td>\n<td>500<\/td>\n<\/tr>\n<tr>\n<th>la aprindere<\/th>\n<td>W<\/td>\n<td>800<\/td>\n<td>800<\/td>\n<td>800<\/td>\n<td>800<\/td>\n<td>800<\/td>\n<td>800<\/td>\n<td>800<\/td>\n<td>800<\/td>\n<td>800<\/td>\n<td>800<\/td>\n<td>800<\/td>\n<td>1200<\/td>\n<td>1200<\/td>\n<\/tr>\n<tr>\n<th>Diametrul extern racord cos<\/th>\n<td>mm<\/td>\n<td>159<\/td>\n<td>159<\/td>\n<td>178<\/td>\n<td>178<\/td>\n<td>219<\/td>\n<td>248<\/td>\n<td>248<\/td>\n<td>248<\/td>\n<td>298<\/td>\n<td>298<\/td>\n<td>298<\/td>\n<td>348<\/td>\n<td>398<\/td>\n<\/tr>\n<tr>\n<th>Diametru conexiune re\u021belei de apa<\/th>\n<td>mm<\/td>\n<td>50<\/td>\n<td>50<\/td>\n<td>50<\/td>\n<td>50<\/td>\n<td>50<\/td>\n<td>50<\/td>\n<td>50<\/td>\n<td>65(FL)<\/td>\n<td>65(FL)<\/td>\n<td>80(FL)<\/td>\n<td>80(FL)<\/td>\n<td>100(FL)<\/td>\n<td>100(FL)<\/td>\n<\/tr>\n<\/tbody>\n<thead class=\"thead-dark\">\n<tr>\n<th colspan=\"15\">Dimensiuni pentru burlan<\/th>\n<\/tr>\n<\/thead>\n<tbody>\n<tr>\n<th>Sec\u021biunea transversala<\/th>\n<td>\u0441m\u00b2<\/td>\n<td>201<\/td>\n<td>201<\/td>\n<td>248<\/td>\n<td>248<\/td>\n<td>377<\/td>\n<td>452<\/td>\n<td>452<\/td>\n<td>452<\/td>\n<td>660<\/td>\n<td>660<\/td>\n<td>660<\/td>\n<td>908<\/td>\n<td>1194<\/td>\n<\/tr>\n<tr>\n<th>Diametru intern<\/th>\n<td>mm<\/td>\n<td>160<\/td>\n<td>160<\/td>\n<td>180<\/td>\n<td>180<\/td>\n<td>220<\/td>\n<td>250<\/td>\n<td>250<\/td>\n<td>250<\/td>\n<td>300<\/td>\n<td>300<\/td>\n<td>300<\/td>\n<td>350<\/td>\n<td>400<\/td>\n<\/tr>\n<tr>\n<th>\u00een\u0103l\u021bime (minim permisa)<\/th>\n<td>m<\/td>\n<td>5<\/td>\n<td>5<\/td>\n<td>5<\/td>\n<td>5<\/td>\n<td>6<\/td>\n<td>6<\/td>\n<td>6<\/td>\n<td>7<\/td>\n<td>7<\/td>\n<td>7<\/td>\n<td>8<\/td>\n<td>9<\/td>\n<td>10<\/td>\n<\/tr>\n<tr>\n<th>Diametrul unit\u0103\u021bii pentru siguran\u021ba(Du)<\/th>\n<td>mm<\/td>\n<td>15<\/td>\n<td>15<\/td>\n<td>15<\/td>\n<td>15<\/td>\n<td>15<\/td>\n<td>20<\/td>\n<td>20<\/td>\n<td>20<\/td>\n<td>25<\/td>\n<td>25<\/td>\n<td>50(FL)<\/td>\n<td>50(FL)<\/td>\n<td>50(FL)<\/td>\n<\/tr>\n<\/tbody>\n<\/table>\n<\/div>\n<\/div>\n","protected":false},"excerpt":{"rendered":"<p>Duo Uni Pellet \u2013 cazan cu alimentare automata \u0219i manuala a combustibilului<\/p>\n<p>&#8211; eficienta foarte mare, minim 91%<br \/>\n&#8211; cazan cu gama larga de putere<br \/>\n&#8211; arz\u0103tor cu auto-cur\u0103\u021bare<br \/>\n&#8211; sistem de aprindere automata<br \/>\n&#8211; camera de ardere generoasa cu arz\u0103tor de pele\u021bi<br \/>\n&#8211; gr\u0103tar din fonta cu apa<br \/>\n&#8211; posibilitatea alimentare manuala<br \/>\n&#8211; posibilitatea program\u0103rii<\/p>\n","protected":false},"featured_media":6744,"comment_status":"open","ping_status":"closed","template":"","meta":[],"product_brand":[],"product_cat":[53],"product_tag":[],"class_list":{"0":"post-6743","1":"product","2":"type-product","3":"status-publish","4":"has-post-thumbnail","6":"product_cat-centrale-pe-peleti","8":"first","9":"instock","10":"shipping-taxable","11":"purchasable","12":"product-type-variable"},"yoast_head":"<!-- This site is optimized with the Yoast SEO Premium plugin v21.2 (Yoast SEO v24.8.1) - https:\/\/yoast.com\/wordpress\/plugins\/seo\/ -->\n<title>Centrala pe peleti Duo Uni Pellet - Altep<\/title>\n<meta name=\"robots\" content=\"index, follow, max-snippet:-1, max-image-preview:large, max-video-preview:-1\" \/>\n<link rel=\"canonical\" href=\"https:\/\/feroterm.ro\/altep\/produs\/centrala-pe-peleti-duo-uni-pellet\/\" \/>\n<meta property=\"og:locale\" content=\"ro_RO\" \/>\n<meta property=\"og:type\" content=\"article\" \/>\n<meta property=\"og:title\" content=\"Centrala pe peleti Duo Uni Pellet - Altep\" \/>\n<meta property=\"og:description\" content=\"Duo Uni Pellet \u2013 cazan cu alimentare automata \u0219i manuala a combustibilului  - eficienta foarte mare, minim 91% - cazan cu gama larga de putere - arz\u0103tor cu auto-cur\u0103\u021bare - sistem de aprindere automata - camera de ardere generoasa cu arz\u0103tor de pele\u021bi - gr\u0103tar din fonta cu apa - posibilitatea alimentare manuala - posibilitatea program\u0103rii\" \/>\n<meta property=\"og:url\" content=\"https:\/\/feroterm.ro\/altep\/produs\/centrala-pe-peleti-duo-uni-pellet\/\" \/>\n<meta property=\"og:site_name\" content=\"FEROTERM\" \/>\n<meta property=\"article:modified_time\" content=\"2025-04-07T12:04:39+00:00\" \/>\n<meta property=\"og:image\" content=\"https:\/\/feroterm.ro\/altep\/wp-content\/uploads\/2025\/04\/Duo-Uni-Pellet-17-21-kW.png\" \/>\n\t<meta property=\"og:image:width\" content=\"450\" \/>\n\t<meta property=\"og:image:height\" content=\"450\" \/>\n\t<meta property=\"og:image:type\" content=\"image\/png\" \/>\n<meta name=\"twitter:card\" content=\"summary_large_image\" \/>\n<meta name=\"twitter:label1\" content=\"Timp estimat pentru citire\" \/>\n\t<meta name=\"twitter:data1\" content=\"5 minute\" \/>\n<script type=\"application\/ld+json\" class=\"yoast-schema-graph\">{\"@context\":\"https:\/\/schema.org\",\"@graph\":[{\"@type\":\"WebPage\",\"@id\":\"https:\/\/feroterm.ro\/altep\/produs\/centrala-pe-peleti-duo-uni-pellet\/\",\"url\":\"https:\/\/feroterm.ro\/altep\/produs\/centrala-pe-peleti-duo-uni-pellet\/\",\"name\":\"Centrala pe peleti Duo Uni Pellet - Altep\",\"isPartOf\":{\"@id\":\"https:\/\/feroterm.ro\/altep\/#website\"},\"primaryImageOfPage\":{\"@id\":\"https:\/\/feroterm.ro\/altep\/produs\/centrala-pe-peleti-duo-uni-pellet\/#primaryimage\"},\"image\":{\"@id\":\"https:\/\/feroterm.ro\/altep\/produs\/centrala-pe-peleti-duo-uni-pellet\/#primaryimage\"},\"thumbnailUrl\":\"https:\/\/feroterm.ro\/altep\/wp-content\/uploads\/2025\/04\/Duo-Uni-Pellet-17-21-kW.png\",\"datePublished\":\"2025-04-07T12:04:38+00:00\",\"dateModified\":\"2025-04-07T12:04:39+00:00\",\"breadcrumb\":{\"@id\":\"https:\/\/feroterm.ro\/altep\/produs\/centrala-pe-peleti-duo-uni-pellet\/#breadcrumb\"},\"inLanguage\":\"ro-RO\",\"potentialAction\":[{\"@type\":\"ReadAction\",\"target\":[\"https:\/\/feroterm.ro\/altep\/produs\/centrala-pe-peleti-duo-uni-pellet\/\"]}]},{\"@type\":\"ImageObject\",\"inLanguage\":\"ro-RO\",\"@id\":\"https:\/\/feroterm.ro\/altep\/produs\/centrala-pe-peleti-duo-uni-pellet\/#primaryimage\",\"url\":\"https:\/\/feroterm.ro\/altep\/wp-content\/uploads\/2025\/04\/Duo-Uni-Pellet-17-21-kW.png\",\"contentUrl\":\"https:\/\/feroterm.ro\/altep\/wp-content\/uploads\/2025\/04\/Duo-Uni-Pellet-17-21-kW.png\",\"width\":450,\"height\":450},{\"@type\":\"BreadcrumbList\",\"@id\":\"https:\/\/feroterm.ro\/altep\/produs\/centrala-pe-peleti-duo-uni-pellet\/#breadcrumb\",\"itemListElement\":[{\"@type\":\"ListItem\",\"position\":1,\"name\":\"Magazin\",\"item\":\"https:\/\/feroterm.ro\/altep\/magazin\/\"},{\"@type\":\"ListItem\",\"position\":2,\"name\":\"Centrala pe peleti Duo Uni Pellet\"}]},{\"@type\":\"WebSite\",\"@id\":\"https:\/\/feroterm.ro\/altep\/#website\",\"url\":\"https:\/\/feroterm.ro\/altep\/\",\"name\":\"FEROTERM\",\"description\":\"Comercializam toata gama de cazane Altep\",\"publisher\":{\"@id\":\"https:\/\/feroterm.ro\/altep\/#organization\"},\"potentialAction\":[{\"@type\":\"SearchAction\",\"target\":{\"@type\":\"EntryPoint\",\"urlTemplate\":\"https:\/\/feroterm.ro\/altep\/?s={search_term_string}\"},\"query-input\":{\"@type\":\"PropertyValueSpecification\",\"valueRequired\":true,\"valueName\":\"search_term_string\"}}],\"inLanguage\":\"ro-RO\"},{\"@type\":\"Organization\",\"@id\":\"https:\/\/feroterm.ro\/altep\/#organization\",\"name\":\"FEROTERM\",\"url\":\"https:\/\/feroterm.ro\/altep\/\",\"logo\":{\"@type\":\"ImageObject\",\"inLanguage\":\"ro-RO\",\"@id\":\"https:\/\/feroterm.ro\/altep\/#\/schema\/logo\/image\/\",\"url\":\"https:\/\/feroterm.ro\/altep\/wp-content\/uploads\/2025\/04\/logo-feroterm.png\",\"contentUrl\":\"https:\/\/feroterm.ro\/altep\/wp-content\/uploads\/2025\/04\/logo-feroterm.png\",\"width\":346,\"height\":56,\"caption\":\"FEROTERM\"},\"image\":{\"@id\":\"https:\/\/feroterm.ro\/altep\/#\/schema\/logo\/image\/\"}}]}<\/script>\n<!-- \/ Yoast SEO Premium plugin. -->","yoast_head_json":{"title":"Centrala pe peleti Duo Uni Pellet - Altep","robots":{"index":"index","follow":"follow","max-snippet":"max-snippet:-1","max-image-preview":"max-image-preview:large","max-video-preview":"max-video-preview:-1"},"canonical":"https:\/\/feroterm.ro\/altep\/produs\/centrala-pe-peleti-duo-uni-pellet\/","og_locale":"ro_RO","og_type":"article","og_title":"Centrala pe peleti Duo Uni Pellet - Altep","og_description":"Duo Uni Pellet \u2013 cazan cu alimentare automata \u0219i manuala a combustibilului  - eficienta foarte mare, minim 91% - cazan cu gama larga de putere - arz\u0103tor cu auto-cur\u0103\u021bare - sistem de aprindere automata - camera de ardere generoasa cu arz\u0103tor de pele\u021bi - gr\u0103tar din fonta cu apa - posibilitatea alimentare manuala - posibilitatea program\u0103rii","og_url":"https:\/\/feroterm.ro\/altep\/produs\/centrala-pe-peleti-duo-uni-pellet\/","og_site_name":"FEROTERM","article_modified_time":"2025-04-07T12:04:39+00:00","og_image":[{"width":450,"height":450,"url":"https:\/\/feroterm.ro\/altep\/wp-content\/uploads\/2025\/04\/Duo-Uni-Pellet-17-21-kW.png","type":"image\/png"}],"twitter_card":"summary_large_image","twitter_misc":{"Timp estimat pentru citire":"5 minute"},"schema":{"@context":"https:\/\/schema.org","@graph":[{"@type":"WebPage","@id":"https:\/\/feroterm.ro\/altep\/produs\/centrala-pe-peleti-duo-uni-pellet\/","url":"https:\/\/feroterm.ro\/altep\/produs\/centrala-pe-peleti-duo-uni-pellet\/","name":"Centrala pe peleti Duo Uni Pellet - Altep","isPartOf":{"@id":"https:\/\/feroterm.ro\/altep\/#website"},"primaryImageOfPage":{"@id":"https:\/\/feroterm.ro\/altep\/produs\/centrala-pe-peleti-duo-uni-pellet\/#primaryimage"},"image":{"@id":"https:\/\/feroterm.ro\/altep\/produs\/centrala-pe-peleti-duo-uni-pellet\/#primaryimage"},"thumbnailUrl":"https:\/\/feroterm.ro\/altep\/wp-content\/uploads\/2025\/04\/Duo-Uni-Pellet-17-21-kW.png","datePublished":"2025-04-07T12:04:38+00:00","dateModified":"2025-04-07T12:04:39+00:00","breadcrumb":{"@id":"https:\/\/feroterm.ro\/altep\/produs\/centrala-pe-peleti-duo-uni-pellet\/#breadcrumb"},"inLanguage":"ro-RO","potentialAction":[{"@type":"ReadAction","target":["https:\/\/feroterm.ro\/altep\/produs\/centrala-pe-peleti-duo-uni-pellet\/"]}]},{"@type":"ImageObject","inLanguage":"ro-RO","@id":"https:\/\/feroterm.ro\/altep\/produs\/centrala-pe-peleti-duo-uni-pellet\/#primaryimage","url":"https:\/\/feroterm.ro\/altep\/wp-content\/uploads\/2025\/04\/Duo-Uni-Pellet-17-21-kW.png","contentUrl":"https:\/\/feroterm.ro\/altep\/wp-content\/uploads\/2025\/04\/Duo-Uni-Pellet-17-21-kW.png","width":450,"height":450},{"@type":"BreadcrumbList","@id":"https:\/\/feroterm.ro\/altep\/produs\/centrala-pe-peleti-duo-uni-pellet\/#breadcrumb","itemListElement":[{"@type":"ListItem","position":1,"name":"Magazin","item":"https:\/\/feroterm.ro\/altep\/magazin\/"},{"@type":"ListItem","position":2,"name":"Centrala pe peleti Duo Uni Pellet"}]},{"@type":"WebSite","@id":"https:\/\/feroterm.ro\/altep\/#website","url":"https:\/\/feroterm.ro\/altep\/","name":"FEROTERM","description":"Comercializam toata gama de cazane Altep","publisher":{"@id":"https:\/\/feroterm.ro\/altep\/#organization"},"potentialAction":[{"@type":"SearchAction","target":{"@type":"EntryPoint","urlTemplate":"https:\/\/feroterm.ro\/altep\/?s={search_term_string}"},"query-input":{"@type":"PropertyValueSpecification","valueRequired":true,"valueName":"search_term_string"}}],"inLanguage":"ro-RO"},{"@type":"Organization","@id":"https:\/\/feroterm.ro\/altep\/#organization","name":"FEROTERM","url":"https:\/\/feroterm.ro\/altep\/","logo":{"@type":"ImageObject","inLanguage":"ro-RO","@id":"https:\/\/feroterm.ro\/altep\/#\/schema\/logo\/image\/","url":"https:\/\/feroterm.ro\/altep\/wp-content\/uploads\/2025\/04\/logo-feroterm.png","contentUrl":"https:\/\/feroterm.ro\/altep\/wp-content\/uploads\/2025\/04\/logo-feroterm.png","width":346,"height":56,"caption":"FEROTERM"},"image":{"@id":"https:\/\/feroterm.ro\/altep\/#\/schema\/logo\/image\/"}}]}},"_links":{"self":[{"href":"https:\/\/feroterm.ro\/altep\/wp-json\/wp\/v2\/product\/6743","targetHints":{"allow":["GET"]}}],"collection":[{"href":"https:\/\/feroterm.ro\/altep\/wp-json\/wp\/v2\/product"}],"about":[{"href":"https:\/\/feroterm.ro\/altep\/wp-json\/wp\/v2\/types\/product"}],"replies":[{"embeddable":true,"href":"https:\/\/feroterm.ro\/altep\/wp-json\/wp\/v2\/comments?post=6743"}],"wp:featuredmedia":[{"embeddable":true,"href":"https:\/\/feroterm.ro\/altep\/wp-json\/wp\/v2\/media\/6744"}],"wp:attachment":[{"href":"https:\/\/feroterm.ro\/altep\/wp-json\/wp\/v2\/media?parent=6743"}],"wp:term":[{"taxonomy":"product_brand","embeddable":true,"href":"https:\/\/feroterm.ro\/altep\/wp-json\/wp\/v2\/product_brand?post=6743"},{"taxonomy":"product_cat","embeddable":true,"href":"https:\/\/feroterm.ro\/altep\/wp-json\/wp\/v2\/product_cat?post=6743"},{"taxonomy":"product_tag","embeddable":true,"href":"https:\/\/feroterm.ro\/altep\/wp-json\/wp\/v2\/product_tag?post=6743"}],"curies":[{"name":"wp","href":"https:\/\/api.w.org\/{rel}","templated":true}]}}