{"id":6730,"date":"2025-04-07T11:58:08","date_gmt":"2025-04-07T11:58:08","guid":{"rendered":"https:\/\/feroterm.ro\/altep\/?post_type=product&#038;p=6730"},"modified":"2025-04-07T11:58:09","modified_gmt":"2025-04-07T11:58:09","slug":"centrala-pe-peleti-duo-pellet-n","status":"publish","type":"product","link":"https:\/\/feroterm.ro\/altep\/produs\/centrala-pe-peleti-duo-pellet-n\/","title":{"rendered":"Centrala pe peleti Duo Pellet N"},"content":{"rendered":"<h3>\u00a0Cazanul pe pele\u021bi\u00a0<span>Duo Pellet N<\/span><\/h3>\n<p>Cazanul pe pele\u021bi Duo Pellet N este prev\u0103zut pentru \u00eenc\u0103lzirea locuin\u021belor \u0219i unit\u0103\u021bilor industriale \u00een modul automat. Pele\u021bii sunt transporta\u021bi cu ajutorul \u0219necului din bunc\u0103r, care se afla l\u00e2ng\u0103 cazan.<br \/>\nCombustibilul principal pentru aceasta centrala Duo Pellet se constituie combustibil frac\u021bionar ( maxim de 25 mm), pele\u021bi din lemn \u0219i agropele\u021bi (paie, coji de floarea soarelui, stuf, semin\u021be s.a.)<\/p>\n<div class=\"s_alert clearfix w-100 s_alert_md\" data-name=\"Alert\">\n<div class=\"s_alert_content\">\n<p>Perfect\u0103 lui exploatare cu sistem alimentare \u0219nec depinde de corect\u0103 lui instalare, folosirea combustibilului potrivit \u0219i cur\u0103\u021barea s\u0103 \u00een timp util.<br \/>\nAlimentarea acestuia se poate face \u0219i manual cu combustibil solid.<\/p>\n<\/div>\n<\/div>\n<h4>\u00a0 \u00a0 Alimentarea cu combustibil<\/h4>\n<p>Cazanul pe pele\u021bi\u00a0 Duo Pellet N este unul universal. Exista posibilitatea amplas\u0103rii bunc\u0103rului de combustibil at\u00e2t \u00een dreapta cazanului, cat \u0219i \u00een st\u00e2nga acestuia.Centrala poate func\u021biona \u0219i \u00een afara sezonului rece, \u00een sistemul de \u00eenc\u0103lzire a apei legat de un boiler. Dup\u0103 aprinderea cazanului nu este necesara o supraveghere permanent\u0103 a acestuia. Func\u021bionarea centralei poate fi ne\u00eentrerupt\u0103 pe tot parcursul sezonului de \u00eenc\u0103lzire . Cel mai mare avantaj al centralei Duo Pellet N consta \u00een faptul c\u0103 dac\u0103 am alimentat bunc\u0103rul acestuia o data nu mai este nevoie s\u0103-l mai alimentam o perioada \u00eendelungat\u0103 de la 3 la 7 zile \u0219i mai mult, \u00een func\u021bie de m\u0103rimea acestuia.<\/p>\n<h4>\u00a0\u00a0\u00a0\u00a0Caracteristicile cazanului<\/h4>\n<p>Cazanul Duo Pellet N este un cazan cu temperatura joas\u0103 \u0219i alimentare automat\u0103 \u00een camera de combustie \u0219i arz\u0103tor de retort\u0103. Randamentul acestuia\u00a0 fiind de 93%. Se poate alimenta \u0219i manual datorit\u0103 gr\u0103tarului realizat din \u021bevi f\u0103r\u0103 sudur\u0103,prin care circula apa constant din carcasa cu apa a cazanului, ceea ce face imposibil\u0103 arderea acestora.<br \/>\nCazanul este dotat cu o carcas\u0103 ce \u00eel r\u0103ce\u0219te, f\u0103cut\u0103 din foi de o\u021bel cu grosimea de 6mm.<br \/>\nCamera de ardere foarte mare este amplasat\u0103 sub schimb\u0103torul de c\u0103ldur\u0103 cu patru cai, foarte eficient.<br \/>\nCombustibilul pentru procesul de ardere este alimentat automat de la bunc\u0103rul care este situat l\u00e2ng\u0103 cazan cu ajutorul mecanismului de alimentare cu \u0219nec. In retorta de fonta, are loc procesul de ardere a combustibilului cu ajutorul aerului, care este suflat cu ajutorul unui ventilator de alimentare. Pentru distribuirea uniforma a materialelor de ardere prin intermediul schimb\u0103torului de c\u0103ldur\u0103 \u00een cazan, este folosit un separator din fonta -deflector, care este situat deasupra retortului.<br \/>\nCenu\u0219a ce rezulta \u00een urma arderii,se aduna pe marginea retortului\u00a0 \u0219i se vars\u0103 \u00een partea inferioar\u0103 a cazanului.<\/p>\n<p>Controlerul efectueaz\u0103 m\u0103sur\u0103tori permanente ale temperaturii apei \u00een cazan \u0219i \u00een baza acestor date controleaz\u0103 func\u021bionarea aliment\u0103rii automate a combustibilului \u0219i a ventilatorului. Este prev\u0103zut\u0103 o conexiune cu controlerul pompei de circula\u021bie a sistemului de \u00eenc\u0103lzire. Cazanul mai beneficiaz\u0103 de un sistem de avarie pentru stingerea de urgen\u021b\u0103 a alimentatorului, al c\u0103rui senzor m\u0103soar\u0103 constant temperatura \u00een bunc\u0103rul de combustibil \u0219i \u00een cazul temperaturii ridicate injecteaz\u0103 o doz\u0103 de apa dintr-un rezervor, suficient\u0103 pentru a stinge eventual incendiu din conducta dintre bunc\u0103r \u0219i retort\u0103.<br \/>\nIe\u0219irea pentru co\u0219ul de evacuare este rotunda \u0219i se afla pe spatele cazanului.<\/p>\n<div class=\"row justify-content-center\">\n<div class=\"col-auto\">\n<table class=\"table table-hover table-responsive\">\n<thead class=\"thead-dark\">\n<tr>\n<th colspan=\"2\">Parametri<\/th>\n<th><abbr title=\"Unitate de m\u0103sur\u0103\">U.M.<\/abbr><\/th>\n<th colspan=\"11\">Duo Pellet N<\/th>\n<\/tr>\n<\/thead>\n<tbody>\n<tr>\n<th colspan=\"2\" scope=\"row\">Puterea nominal\u0103 a cazanului<\/th>\n<td>kW<\/td>\n<td>21<\/td>\n<td>27<\/td>\n<td>33<\/td>\n<td>40<\/td>\n<td>50<\/td>\n<td>62<\/td>\n<td>75<\/td>\n<td>95<\/td>\n<td>120<\/td>\n<td>150<\/td>\n<td>200<\/td>\n<\/tr>\n<tr>\n<th colspan=\"2\" scope=\"row\">Suprafa\u021ba schimb\u0103torului de c\u0103ldur\u0103<\/th>\n<td>m\u00b2<\/td>\n<td>1,9<\/td>\n<td>2,3<\/td>\n<td>2,6<\/td>\n<td>3,1<\/td>\n<td>3,6<\/td>\n<td>4,5<\/td>\n<td>5,0<\/td>\n<td>6,0<\/td>\n<td>8,2<\/td>\n<td>9,8<\/td>\n<td>11,3<\/td>\n<\/tr>\n<tr>\n<th colspan=\"2\" scope=\"row\">Volumul bunc\u0103rului<\/th>\n<td>dm\u00b3<\/td>\n<td>215<\/td>\n<td>215<\/td>\n<td>240<\/td>\n<td>310<\/td>\n<td>340<\/td>\n<td>380<\/td>\n<td>460<\/td>\n<td>540<\/td>\n<td>620<\/td>\n<td>620<\/td>\n<td>620<\/td>\n<\/tr>\n<tr>\n<th rowspan=\"4\" scope=\"row\">M\u0103rimea<br \/>\ncamerei<br \/>\nde ardere<br \/>\nsuplimentar\u0103<\/th>\n<th>Ad\u00e2ncimea<\/th>\n<td>mm<\/td>\n<td>400<\/td>\n<td>450<\/td>\n<td>450<\/td>\n<td>520<\/td>\n<td>600<\/td>\n<td>600<\/td>\n<td>650<\/td>\n<td>750<\/td>\n<td>820<\/td>\n<td>820<\/td>\n<td>990<\/td>\n<\/tr>\n<tr>\n<th scope=\"row\">L\u0103\u021bimea<\/th>\n<td>mm<\/td>\n<td>320<\/td>\n<td>320<\/td>\n<td>370<\/td>\n<td>370<\/td>\n<td>370<\/td>\n<td>420<\/td>\n<td>500<\/td>\n<td>500<\/td>\n<td>640<\/td>\n<td>740<\/td>\n<td>740<\/td>\n<\/tr>\n<tr>\n<th scope=\"row\">\u00cen\u0103l\u021bimea<\/th>\n<td>mm<\/td>\n<td>310<\/td>\n<td>310<\/td>\n<td>360<\/td>\n<td>360<\/td>\n<td>350<\/td>\n<td>350<\/td>\n<td>320<\/td>\n<td>320<\/td>\n<td>300<\/td>\n<td>300<\/td>\n<td>340<\/td>\n<\/tr>\n<tr>\n<th scope=\"row\">Volum<\/th>\n<td>dm\u00b3<\/td>\n<td>39<\/td>\n<td>44<\/td>\n<td>60<\/td>\n<td>69<\/td>\n<td>77<\/td>\n<td>88<\/td>\n<td>104<\/td>\n<td>120<\/td>\n<td>157<\/td>\n<td>182<\/td>\n<td>249<\/td>\n<\/tr>\n<tr>\n<th colspan=\"2\" scope=\"row\">Volumul apei din cazan<\/th>\n<td>l<\/td>\n<td>84<\/td>\n<td>84<\/td>\n<td>92<\/td>\n<td>105<\/td>\n<td>120<\/td>\n<td>135<\/td>\n<td>162<\/td>\n<td>194<\/td>\n<td>220<\/td>\n<td>380<\/td>\n<td>440<\/td>\n<\/tr>\n<tr>\n<th colspan=\"2\" scope=\"row\">Greutatea cazanului f\u0103r\u0103 ap\u0103<\/th>\n<td>kg<\/td>\n<td>430<\/td>\n<td>430<\/td>\n<td>460<\/td>\n<td>490<\/td>\n<td>520<\/td>\n<td>580<\/td>\n<td>800<\/td>\n<td>860<\/td>\n<td>920<\/td>\n<td>1320<\/td>\n<td>1510<\/td>\n<\/tr>\n<tr>\n<th colspan=\"2\" scope=\"row\">Temperatura gazelor arse la evacuare<\/th>\n<td>\u00b0C<\/td>\n<td colspan=\"11\">100 &#8211; 180<\/td>\n<\/tr>\n<tr>\n<th colspan=\"2\" scope=\"row\">Temperatura apei minim recomandata<\/th>\n<td>\u00b0C<\/td>\n<td colspan=\"11\">58<\/td>\n<\/tr>\n<tr>\n<th colspan=\"2\" scope=\"row\">Temperatura maxim\u0103 a apei<\/th>\n<td>\u00b0C<\/td>\n<td colspan=\"11\">90<\/td>\n<\/tr>\n<tr>\n<th colspan=\"2\" scope=\"row\">Presiunea nominal\u0103 a apei (maxim)<\/th>\n<td>MPa<\/td>\n<td>0,15<\/td>\n<td>0,15<\/td>\n<td>0,15<\/td>\n<td>0,15<\/td>\n<td>0,15<\/td>\n<td>0,20<\/td>\n<td>0,20<\/td>\n<td>0,20<\/td>\n<td>0,20<\/td>\n<td>0,20<\/td>\n<td>0,20<\/td>\n<\/tr>\n<tr>\n<th colspan=\"2\" scope=\"row\">Consumul de energie electrica, min<\/th>\n<td>W<\/td>\n<td>180<\/td>\n<td>180<\/td>\n<td>180<\/td>\n<td>180<\/td>\n<td>180<\/td>\n<td>180<\/td>\n<td>350<\/td>\n<td>350<\/td>\n<td>430<\/td>\n<td>430<\/td>\n<td>430<\/td>\n<\/tr>\n<tr>\n<th colspan=\"2\" scope=\"row\">Diametrul extern racord cos<\/th>\n<td>mm<\/td>\n<td>159<\/td>\n<td>159<\/td>\n<td>178<\/td>\n<td>178<\/td>\n<td>219<\/td>\n<td>219<\/td>\n<td>248<\/td>\n<td>248<\/td>\n<td>298<\/td>\n<td>298<\/td>\n<td>298<\/td>\n<\/tr>\n<tr>\n<th colspan=\"2\" scope=\"row\">Diametru conexiune re\u021belei de apa<\/th>\n<td>mm<\/td>\n<td>50<\/td>\n<td>50<\/td>\n<td>50<\/td>\n<td>50<\/td>\n<td>50<\/td>\n<td>50<\/td>\n<td>50<\/td>\n<td>65<\/td>\n<td>65<\/td>\n<td>80<\/td>\n<td>80<\/td>\n<\/tr>\n<\/tbody>\n<thead class=\"thead-dark\">\n<tr>\n<th colspan=\"14\">Dimensiuni pentru burlan<\/th>\n<\/tr>\n<\/thead>\n<tbody>\n<tr>\n<th colspan=\"2\" scope=\"row\">Sec\u021biunea transversala<\/th>\n<td>cm\u00b2<\/td>\n<td>201<\/td>\n<td>201<\/td>\n<td>248<\/td>\n<td>248<\/td>\n<td>377<\/td>\n<td>377<\/td>\n<td>452<\/td>\n<td>452<\/td>\n<td>660<\/td>\n<td>660<\/td>\n<td>660<\/td>\n<\/tr>\n<tr>\n<th colspan=\"2\" scope=\"row\">Diametru intern<\/th>\n<td>mm<\/td>\n<td>160<\/td>\n<td>160<\/td>\n<td>180<\/td>\n<td>180<\/td>\n<td>220<\/td>\n<td>220<\/td>\n<td>250<\/td>\n<td>250<\/td>\n<td>300<\/td>\n<td>300<\/td>\n<td>300<\/td>\n<\/tr>\n<tr>\n<th colspan=\"2\" scope=\"row\">\u00cen\u0103l\u021bime (minim permisa)<\/th>\n<td>m<\/td>\n<td>5<\/td>\n<td>5<\/td>\n<td>5<\/td>\n<td>5<\/td>\n<td>6<\/td>\n<td>6<\/td>\n<td>6<\/td>\n<td>7<\/td>\n<td>7<\/td>\n<td>7<\/td>\n<td>10<\/td>\n<\/tr>\n<\/tbody>\n<\/table>\n<\/div>\n<\/div>\n","protected":false},"excerpt":{"rendered":"<p>Duo Pellet N \u2013 cazan cu \u00eenc\u0103rcare automata \u0219i manuala a combustibilului<br \/>\n&#8211; Eficienta foarte mare ,minim 91%<br \/>\n&#8211; cazan cu gama larga de putere (KW)<br \/>\n&#8211; camera de ardere mare cu un arz\u0103tor de retorta de \u00eenalt\u0103 performanta<br \/>\n&#8211; o camera de ardere suplimentare cu alimentare manuala<br \/>\n&#8211; gr\u0103tar de apa<br \/>\n&#8211; sistem automat de stingere \u00een caz de incendiu<br \/>\n&#8211; \u00eentreruperea par\u021biala sau totala a centralei \u00een cazul avariei la sistemul electric<br \/>\n&#8211; \u0219nec de alimentare monolit<br \/>\n&#8211; adaptat pentru reglarea mecanica a tirajului de aer<br \/>\n&#8211; posibilitatea schimb\u0103rii pozi\u021biei bunc\u0103rului<br \/>\n&#8211; posibilitatea m\u0103ririi volumului bunc\u0103rului<\/p>\n","protected":false},"featured_media":6742,"comment_status":"open","ping_status":"closed","template":"","meta":[],"product_brand":[],"product_cat":[53],"product_tag":[],"class_list":{"0":"post-6730","1":"product","2":"type-product","3":"status-publish","4":"has-post-thumbnail","6":"product_cat-centrale-pe-peleti","8":"first","9":"instock","10":"shipping-taxable","11":"purchasable","12":"product-type-variable"},"yoast_head":"<!-- This site is optimized with the Yoast SEO Premium plugin v21.2 (Yoast SEO v24.8.1) - https:\/\/yoast.com\/wordpress\/plugins\/seo\/ -->\n<title>Centrala pe peleti Duo Pellet N - Altep<\/title>\n<meta name=\"robots\" content=\"index, follow, max-snippet:-1, max-image-preview:large, max-video-preview:-1\" \/>\n<link rel=\"canonical\" href=\"https:\/\/feroterm.ro\/altep\/produs\/centrala-pe-peleti-duo-pellet-n\/\" \/>\n<meta property=\"og:locale\" content=\"ro_RO\" \/>\n<meta property=\"og:type\" content=\"article\" \/>\n<meta property=\"og:title\" content=\"Centrala pe peleti Duo Pellet N - Altep\" \/>\n<meta property=\"og:description\" content=\"Duo Pellet N \u2013 cazan cu \u00eenc\u0103rcare automata \u0219i manuala a combustibilului - Eficienta foarte mare ,minim 91% - cazan cu gama larga de putere (KW) - camera de ardere mare cu un arz\u0103tor de retorta de \u00eenalt\u0103 performanta - o camera de ardere suplimentare cu alimentare manuala - gr\u0103tar de apa - sistem automat de stingere \u00een caz de incendiu - \u00eentreruperea par\u021biala sau totala a centralei \u00een cazul avariei la sistemul electric - \u0219nec de alimentare monolit - adaptat pentru reglarea mecanica a tirajului de aer - posibilitatea schimb\u0103rii pozi\u021biei bunc\u0103rului - posibilitatea m\u0103ririi volumului bunc\u0103rului\" \/>\n<meta property=\"og:url\" content=\"https:\/\/feroterm.ro\/altep\/produs\/centrala-pe-peleti-duo-pellet-n\/\" \/>\n<meta property=\"og:site_name\" content=\"FEROTERM\" \/>\n<meta property=\"article:modified_time\" content=\"2025-04-07T11:58:09+00:00\" \/>\n<meta property=\"og:image\" content=\"https:\/\/feroterm.ro\/altep\/wp-content\/uploads\/2025\/04\/Duo-Pellet-N-21-kW.png\" \/>\n\t<meta property=\"og:image:width\" content=\"1024\" \/>\n\t<meta property=\"og:image:height\" content=\"1024\" \/>\n\t<meta property=\"og:image:type\" content=\"image\/png\" \/>\n<meta name=\"twitter:card\" content=\"summary_large_image\" \/>\n<meta name=\"twitter:label1\" content=\"Timp estimat pentru citire\" \/>\n\t<meta name=\"twitter:data1\" content=\"5 minute\" \/>\n<script type=\"application\/ld+json\" class=\"yoast-schema-graph\">{\"@context\":\"https:\/\/schema.org\",\"@graph\":[{\"@type\":\"WebPage\",\"@id\":\"https:\/\/feroterm.ro\/altep\/produs\/centrala-pe-peleti-duo-pellet-n\/\",\"url\":\"https:\/\/feroterm.ro\/altep\/produs\/centrala-pe-peleti-duo-pellet-n\/\",\"name\":\"Centrala pe peleti Duo Pellet N - Altep\",\"isPartOf\":{\"@id\":\"https:\/\/feroterm.ro\/altep\/#website\"},\"primaryImageOfPage\":{\"@id\":\"https:\/\/feroterm.ro\/altep\/produs\/centrala-pe-peleti-duo-pellet-n\/#primaryimage\"},\"image\":{\"@id\":\"https:\/\/feroterm.ro\/altep\/produs\/centrala-pe-peleti-duo-pellet-n\/#primaryimage\"},\"thumbnailUrl\":\"https:\/\/feroterm.ro\/altep\/wp-content\/uploads\/2025\/04\/Duo-Pellet-N-21-kW.png\",\"datePublished\":\"2025-04-07T11:58:08+00:00\",\"dateModified\":\"2025-04-07T11:58:09+00:00\",\"breadcrumb\":{\"@id\":\"https:\/\/feroterm.ro\/altep\/produs\/centrala-pe-peleti-duo-pellet-n\/#breadcrumb\"},\"inLanguage\":\"ro-RO\",\"potentialAction\":[{\"@type\":\"ReadAction\",\"target\":[\"https:\/\/feroterm.ro\/altep\/produs\/centrala-pe-peleti-duo-pellet-n\/\"]}]},{\"@type\":\"ImageObject\",\"inLanguage\":\"ro-RO\",\"@id\":\"https:\/\/feroterm.ro\/altep\/produs\/centrala-pe-peleti-duo-pellet-n\/#primaryimage\",\"url\":\"https:\/\/feroterm.ro\/altep\/wp-content\/uploads\/2025\/04\/Duo-Pellet-N-21-kW.png\",\"contentUrl\":\"https:\/\/feroterm.ro\/altep\/wp-content\/uploads\/2025\/04\/Duo-Pellet-N-21-kW.png\",\"width\":1024,\"height\":1024},{\"@type\":\"BreadcrumbList\",\"@id\":\"https:\/\/feroterm.ro\/altep\/produs\/centrala-pe-peleti-duo-pellet-n\/#breadcrumb\",\"itemListElement\":[{\"@type\":\"ListItem\",\"position\":1,\"name\":\"Magazin\",\"item\":\"https:\/\/feroterm.ro\/altep\/magazin\/\"},{\"@type\":\"ListItem\",\"position\":2,\"name\":\"Centrala pe peleti Duo Pellet N\"}]},{\"@type\":\"WebSite\",\"@id\":\"https:\/\/feroterm.ro\/altep\/#website\",\"url\":\"https:\/\/feroterm.ro\/altep\/\",\"name\":\"FEROTERM\",\"description\":\"Comercializam toata gama de cazane Altep\",\"publisher\":{\"@id\":\"https:\/\/feroterm.ro\/altep\/#organization\"},\"potentialAction\":[{\"@type\":\"SearchAction\",\"target\":{\"@type\":\"EntryPoint\",\"urlTemplate\":\"https:\/\/feroterm.ro\/altep\/?s={search_term_string}\"},\"query-input\":{\"@type\":\"PropertyValueSpecification\",\"valueRequired\":true,\"valueName\":\"search_term_string\"}}],\"inLanguage\":\"ro-RO\"},{\"@type\":\"Organization\",\"@id\":\"https:\/\/feroterm.ro\/altep\/#organization\",\"name\":\"FEROTERM\",\"url\":\"https:\/\/feroterm.ro\/altep\/\",\"logo\":{\"@type\":\"ImageObject\",\"inLanguage\":\"ro-RO\",\"@id\":\"https:\/\/feroterm.ro\/altep\/#\/schema\/logo\/image\/\",\"url\":\"https:\/\/feroterm.ro\/altep\/wp-content\/uploads\/2025\/04\/logo-feroterm.png\",\"contentUrl\":\"https:\/\/feroterm.ro\/altep\/wp-content\/uploads\/2025\/04\/logo-feroterm.png\",\"width\":346,\"height\":56,\"caption\":\"FEROTERM\"},\"image\":{\"@id\":\"https:\/\/feroterm.ro\/altep\/#\/schema\/logo\/image\/\"}}]}<\/script>\n<!-- \/ Yoast SEO Premium plugin. -->","yoast_head_json":{"title":"Centrala pe peleti Duo Pellet N - Altep","robots":{"index":"index","follow":"follow","max-snippet":"max-snippet:-1","max-image-preview":"max-image-preview:large","max-video-preview":"max-video-preview:-1"},"canonical":"https:\/\/feroterm.ro\/altep\/produs\/centrala-pe-peleti-duo-pellet-n\/","og_locale":"ro_RO","og_type":"article","og_title":"Centrala pe peleti Duo Pellet N - Altep","og_description":"Duo Pellet N \u2013 cazan cu \u00eenc\u0103rcare automata \u0219i manuala a combustibilului - Eficienta foarte mare ,minim 91% - cazan cu gama larga de putere (KW) - camera de ardere mare cu un arz\u0103tor de retorta de \u00eenalt\u0103 performanta - o camera de ardere suplimentare cu alimentare manuala - gr\u0103tar de apa - sistem automat de stingere \u00een caz de incendiu - \u00eentreruperea par\u021biala sau totala a centralei \u00een cazul avariei la sistemul electric - \u0219nec de alimentare monolit - adaptat pentru reglarea mecanica a tirajului de aer - posibilitatea schimb\u0103rii pozi\u021biei bunc\u0103rului - posibilitatea m\u0103ririi volumului bunc\u0103rului","og_url":"https:\/\/feroterm.ro\/altep\/produs\/centrala-pe-peleti-duo-pellet-n\/","og_site_name":"FEROTERM","article_modified_time":"2025-04-07T11:58:09+00:00","og_image":[{"width":1024,"height":1024,"url":"https:\/\/feroterm.ro\/altep\/wp-content\/uploads\/2025\/04\/Duo-Pellet-N-21-kW.png","type":"image\/png"}],"twitter_card":"summary_large_image","twitter_misc":{"Timp estimat pentru citire":"5 minute"},"schema":{"@context":"https:\/\/schema.org","@graph":[{"@type":"WebPage","@id":"https:\/\/feroterm.ro\/altep\/produs\/centrala-pe-peleti-duo-pellet-n\/","url":"https:\/\/feroterm.ro\/altep\/produs\/centrala-pe-peleti-duo-pellet-n\/","name":"Centrala pe peleti Duo Pellet N - Altep","isPartOf":{"@id":"https:\/\/feroterm.ro\/altep\/#website"},"primaryImageOfPage":{"@id":"https:\/\/feroterm.ro\/altep\/produs\/centrala-pe-peleti-duo-pellet-n\/#primaryimage"},"image":{"@id":"https:\/\/feroterm.ro\/altep\/produs\/centrala-pe-peleti-duo-pellet-n\/#primaryimage"},"thumbnailUrl":"https:\/\/feroterm.ro\/altep\/wp-content\/uploads\/2025\/04\/Duo-Pellet-N-21-kW.png","datePublished":"2025-04-07T11:58:08+00:00","dateModified":"2025-04-07T11:58:09+00:00","breadcrumb":{"@id":"https:\/\/feroterm.ro\/altep\/produs\/centrala-pe-peleti-duo-pellet-n\/#breadcrumb"},"inLanguage":"ro-RO","potentialAction":[{"@type":"ReadAction","target":["https:\/\/feroterm.ro\/altep\/produs\/centrala-pe-peleti-duo-pellet-n\/"]}]},{"@type":"ImageObject","inLanguage":"ro-RO","@id":"https:\/\/feroterm.ro\/altep\/produs\/centrala-pe-peleti-duo-pellet-n\/#primaryimage","url":"https:\/\/feroterm.ro\/altep\/wp-content\/uploads\/2025\/04\/Duo-Pellet-N-21-kW.png","contentUrl":"https:\/\/feroterm.ro\/altep\/wp-content\/uploads\/2025\/04\/Duo-Pellet-N-21-kW.png","width":1024,"height":1024},{"@type":"BreadcrumbList","@id":"https:\/\/feroterm.ro\/altep\/produs\/centrala-pe-peleti-duo-pellet-n\/#breadcrumb","itemListElement":[{"@type":"ListItem","position":1,"name":"Magazin","item":"https:\/\/feroterm.ro\/altep\/magazin\/"},{"@type":"ListItem","position":2,"name":"Centrala pe peleti Duo Pellet N"}]},{"@type":"WebSite","@id":"https:\/\/feroterm.ro\/altep\/#website","url":"https:\/\/feroterm.ro\/altep\/","name":"FEROTERM","description":"Comercializam toata gama de cazane Altep","publisher":{"@id":"https:\/\/feroterm.ro\/altep\/#organization"},"potentialAction":[{"@type":"SearchAction","target":{"@type":"EntryPoint","urlTemplate":"https:\/\/feroterm.ro\/altep\/?s={search_term_string}"},"query-input":{"@type":"PropertyValueSpecification","valueRequired":true,"valueName":"search_term_string"}}],"inLanguage":"ro-RO"},{"@type":"Organization","@id":"https:\/\/feroterm.ro\/altep\/#organization","name":"FEROTERM","url":"https:\/\/feroterm.ro\/altep\/","logo":{"@type":"ImageObject","inLanguage":"ro-RO","@id":"https:\/\/feroterm.ro\/altep\/#\/schema\/logo\/image\/","url":"https:\/\/feroterm.ro\/altep\/wp-content\/uploads\/2025\/04\/logo-feroterm.png","contentUrl":"https:\/\/feroterm.ro\/altep\/wp-content\/uploads\/2025\/04\/logo-feroterm.png","width":346,"height":56,"caption":"FEROTERM"},"image":{"@id":"https:\/\/feroterm.ro\/altep\/#\/schema\/logo\/image\/"}}]}},"_links":{"self":[{"href":"https:\/\/feroterm.ro\/altep\/wp-json\/wp\/v2\/product\/6730","targetHints":{"allow":["GET"]}}],"collection":[{"href":"https:\/\/feroterm.ro\/altep\/wp-json\/wp\/v2\/product"}],"about":[{"href":"https:\/\/feroterm.ro\/altep\/wp-json\/wp\/v2\/types\/product"}],"replies":[{"embeddable":true,"href":"https:\/\/feroterm.ro\/altep\/wp-json\/wp\/v2\/comments?post=6730"}],"wp:featuredmedia":[{"embeddable":true,"href":"https:\/\/feroterm.ro\/altep\/wp-json\/wp\/v2\/media\/6742"}],"wp:attachment":[{"href":"https:\/\/feroterm.ro\/altep\/wp-json\/wp\/v2\/media?parent=6730"}],"wp:term":[{"taxonomy":"product_brand","embeddable":true,"href":"https:\/\/feroterm.ro\/altep\/wp-json\/wp\/v2\/product_brand?post=6730"},{"taxonomy":"product_cat","embeddable":true,"href":"https:\/\/feroterm.ro\/altep\/wp-json\/wp\/v2\/product_cat?post=6730"},{"taxonomy":"product_tag","embeddable":true,"href":"https:\/\/feroterm.ro\/altep\/wp-json\/wp\/v2\/product_tag?post=6730"}],"curies":[{"name":"wp","href":"https:\/\/api.w.org\/{rel}","templated":true}]}}