{"id":6713,"date":"2025-04-07T11:52:41","date_gmt":"2025-04-07T11:52:41","guid":{"rendered":"https:\/\/feroterm.ro\/altep\/?post_type=product&#038;p=6713"},"modified":"2025-04-07T11:53:10","modified_gmt":"2025-04-07T11:53:10","slug":"centrala-pe-peleti-altep-duo-pellet","status":"publish","type":"product","link":"https:\/\/feroterm.ro\/altep\/produs\/centrala-pe-peleti-altep-duo-pellet\/","title":{"rendered":"Centrala pe peleti Altep Duo Pellet"},"content":{"rendered":"<h3>Centrala pe pele\u021bi\u00a0Duo Pellet<\/h3>\n<p>Cazanul pe pele\u021bi Duo Pellet N este prevazut pentru \u00eenc\u0103lzirea locuin\u021belor \u0219i unit\u0103\u021bilor industriale \u00een modul automat. Pele\u021bii sunt transporta\u021bi cu ajutorul \u0219necului din bunc\u0103r ,care se afla l\u00e2ng\u0103 cazan.<\/p>\n<div class=\"s_alert s_alert_md alert-delta w-100 clearfix\" data-name=\"Alert\">\n<p><span style=\"font-size: 14.4px;\">Perfecta lui exploatare cu sistem alimentare \u0219nec depinde de corecta lui instalare.<\/span><\/p>\n<div class=\"s_alert_content\">\n<p>Folosirea combustibilului potrivit \u0219i cur\u0103\u021barea sa \u00een timp util.<\/p>\n<\/div>\n<\/div>\n<p>Combustibilul principal pentru aceasta centrala Duo Pellet se constituie combustibil frac\u021bionar ( maxim de 25 mm), pele\u021bi din lemn \u0219i agro pele\u021bi (paie, coji de floarea soarelui, stuf, semin\u021be s.a.).<\/p>\n<div class=\"s_alert s_alert_md alert-delta w-100 clearfix\" data-name=\"Alert\">\n<div class=\"s_alert_content\">\n<p>Pentru a trece cazanul la alimentare manuala a combustibilului solid<br \/>\n&#8211; este necesar sa comanda\u021bi de la produc\u0103tor un gr\u0103tar din fonta.<\/p>\n<\/div>\n<\/div>\n<h3>Caracteristici<\/h3>\n<p>Cazanul este dotat cu o carcasa ce \u00eel r\u0103ce\u0219te, f\u0103cut\u0103 din foi de otel cu grosimea de 6 mm. Este rezistent la temperaturi foarte ridicate \u0219i este proiectat pentru o func\u021bionare continua.<\/p>\n<div id=\"nav_tabs_content_1579006564578_29\" class=\"active fade show tab-pane\" role=\"tabpanel\" aria-labelledby=\"nav_tabs_link_1579006564578_29\">Pentru a proteja cazanul \u00eempotriva pierderilor de c\u0103ldura, sub carcasa decorativa se afla un strat de material izolant.carcasa \u00eens\u0103\u0219i este confec\u021bionat\u0103 din tabla de o\u021bel, vopsita cu un strat de vopsea polimerica at\u00e2t din exterior, cat \u0219i din interior.<\/div>\n<div id=\"nav_tabs_content_1579006564578_29\" class=\"active fade show tab-pane\" role=\"tabpanel\" aria-labelledby=\"nav_tabs_link_1579006564578_29\"><\/div>\n<div id=\"nav_tabs_content_1579006564578_29\" class=\"active fade show tab-pane\" role=\"tabpanel\" aria-labelledby=\"nav_tabs_link_1579006564578_29\">Cazanul Duo Pellet are un arz\u0103tor de retorta polonez, care este automatizat \u0219i controlat de un controler ata\u0219at acestuia. Eficienta cazanului este de un minim de 91%. Este extrem de eficient \u0219i sigur.<\/div>\n<div id=\"nav_tabs_content_1579006564578_29\" class=\"active fade show tab-pane\" role=\"tabpanel\" aria-labelledby=\"nav_tabs_link_1579006564578_29\"><\/div>\n<div id=\"nav_tabs_content_1579006564578_29\" class=\"active fade show tab-pane\" role=\"tabpanel\" aria-labelledby=\"nav_tabs_link_1579006564578_29\">\n<p>Construc\u021bia acestui arz\u0103tor este foarte simpla. In partea orizontala a arz\u0103torului avem \u0219necul de alimentare care leag\u0103 bunc\u0103rul cu pele\u021bi \u0219i partea cap\u0103tului de ardere. Cap\u0103t care se termina cu un arz\u0103tor de retorta rotativ. Coroana din fonta este un element mobil al sistemului, care m\u0103run\u021be\u0219te eventualele conglomera\u021bii de pele\u021bi formate. Acest lucru va permite arderea eficienta a combustibilului,deoarece este distribuit uniform \u00een arz\u0103tor. Motorul -reductor de provenien\u021ba germana, al companiei \u201dNORD\u201d, care garanteaz\u0103 o rezistenta ridicata, precum \u0219i o func\u021bionare silen\u021bioasa, cu lunga durata de viata.\u00a0 Aerul necesar pentru arderea combustibilului este furnizat direct la retortul din fonta.<\/p>\n<blockquote data-o-mail-quote-node=\"1\" data-o-mail-quote=\"1\"><p>Este important sa setam corect pe controler regimul exact de alimentare a combustibilului ,cu pauzele prestabilite, astfel \u00eenc\u00e2t sa nu conduc\u0103 la risipirea combustibilului nears integral, sau relocarea zonei de combustie \u00een \u0219necul de alimentare. In astfel de cazuri este prevazut un sistem de stingere al incendiilor, \u00een care apa intra \u00een \u0219necul de alimentare ,astfel sting\u00e2nd focul p\u0103truns.<\/p><\/blockquote>\n<div id=\"nav_tabs_content_1579006564578_29\" class=\"active fade show tab-pane\" role=\"tabpanel\" aria-labelledby=\"nav_tabs_link_1579006564578_29\">Camera de ardere foarte mare este amplasat\u0103 sub schimb\u0103torul de c\u0103ldura cu patru cai, foarte eficient.<\/div>\n<div id=\"nav_tabs_content_1579006564578_29\" class=\"active fade show tab-pane\" role=\"tabpanel\" aria-labelledby=\"nav_tabs_link_1579006564578_29\"><\/div>\n<div id=\"nav_tabs_content_1579006564578_29\" class=\"active fade show tab-pane\" role=\"tabpanel\" aria-labelledby=\"nav_tabs_link_1579006564578_29\">\n<p>Gazele arse ies \u00een co\u0219ul de fum prin gaura de evacuare amplasata \u00een partea superioara din spatele cazanului. Gura de evacuare a gazelor este echipata cu un \u0219ubler ce permite \u00een cazul pierderii masive a c\u0103ldurii prin cos, blocarea par\u021bial\u0103 a evacu\u0103rii acesteia.<\/p>\n<h4>Alimentarea cu combustibili<\/h4>\n<p>Dac\u0103 nu exista posibilitatea amplas\u0103rii bunc\u0103rului \u0219i respectiv al mecanismului de alimentare \u00een dreapta cazanului, \u00een partea st\u00e2nga al cazanului este prevazuta posibilitatea amplas\u0103rii acestuia pentru lansa mecanismului de alimentare.<\/p>\n<p>Astfel, Duo Pellet este adaptat pentru func\u021bionarea acestuia prin reglajul mecanic al tirajului de aer .Aceasta metoda de reglaj pentru un cazan pe pele\u021bi este cel mai simplu instrument de automatizare, complet independent fa\u021ba de alimentarea cu energie electrica.<\/p>\n<\/div>\n<\/div>\n<p><span style=\"font-size: 14.4px;\">Cazane pe pele\u021bi Duo Pellet ocupa un loc frunta\u0219 \u00een gradul de popularitate intre cazanele cu combustibil solid, deoarece arz\u0103torul de retorta instalat pe acest model este foarte rezistent la pele\u021bi de calitate inferioara.<\/span><\/p>\n<div class=\"justify-content-center row\">\n<div class=\"col-auto\">\n<table class=\"table table-hover table-responsive\">\n<thead class=\"thead-dark\">\n<tr>\n<th>Parametri<\/th>\n<th><abbr title=\"Unitate de m\u0103sur\u0103\">U.M.<\/abbr><\/th>\n<th>17 kW<\/th>\n<th>25 kW<\/th>\n<th>31 kW<\/th>\n<th>38 kW<\/th>\n<th>50 kW<\/th>\n<th>62 kW<\/th>\n<th>75 kW<\/th>\n<th>95 kW<\/th>\n<th>120 kW<\/th>\n<th>150 kW<\/th>\n<th>200 kW<\/th>\n<th>250 kW<\/th>\n<\/tr>\n<\/thead>\n<tbody>\n<tr>\n<th>Suprafa\u021ba schimb\u0103torului de c\u0103ldura<\/th>\n<td>m\u00b2<\/td>\n<td>2,5<\/td>\n<td>2,9<\/td>\n<td>3,2<\/td>\n<td>3,9<\/td>\n<td>4,6<\/td>\n<td>5,3<\/td>\n<td>6,2<\/td>\n<td>7,8<\/td>\n<td>9,8<\/td>\n<td>11,3<\/td>\n<td>15,1<\/td>\n<td>18,9<\/td>\n<\/tr>\n<tr>\n<th>Eficien\u021ba, minim<\/th>\n<td>%<\/td>\n<td colspan=\"12\">91<\/td>\n<\/tr>\n<tr>\n<th>Volumul bunc\u0103r<\/th>\n<td>dm\u00b3<\/td>\n<td>215<\/td>\n<td>240<\/td>\n<td>310<\/td>\n<td>340<\/td>\n<td>380<\/td>\n<td>460<\/td>\n<td>540<\/td>\n<td>620<\/td>\n<td>620<\/td>\n<td>620<\/td>\n<td>840<\/td>\n<td>1050<\/td>\n<\/tr>\n<tr>\n<th>Volumul apei din cazan<\/th>\n<td>l<\/td>\n<td>82<\/td>\n<td>117<\/td>\n<td>132<\/td>\n<td>152<\/td>\n<td>192<\/td>\n<td>222<\/td>\n<td>268<\/td>\n<td>398<\/td>\n<td>473<\/td>\n<td>580<\/td>\n<td>773<\/td>\n<td>966<\/td>\n<\/tr>\n<tr>\n<th>Greutatea cazanului f\u0103r\u0103 apa<\/th>\n<td>kg<\/td>\n<td>440<\/td>\n<td>480<\/td>\n<td>520<\/td>\n<td>580<\/td>\n<td>670<\/td>\n<td>770<\/td>\n<td>860<\/td>\n<td>1170<\/td>\n<td>1310<\/td>\n<td>1450<\/td>\n<td>1790<\/td>\n<td>2200<\/td>\n<\/tr>\n<tr>\n<th>Temperatura gazelor arse<\/th>\n<td>\u00b0C<\/td>\n<td colspan=\"12\">100-180<\/td>\n<\/tr>\n<tr>\n<th>Temperatura apei minim recomandata<\/th>\n<td>\u00b0C<\/td>\n<td colspan=\"12\">58<\/td>\n<\/tr>\n<tr>\n<th>Temperatura maxima a apei<\/th>\n<td>\u00b0C<\/td>\n<td colspan=\"12\">90<\/td>\n<\/tr>\n<tr>\n<th>Presiunea nominala a apei (maxim)<\/th>\n<td>mP\u0430<\/td>\n<td>0,15<\/td>\n<td>0,15<\/td>\n<td>0,15<\/td>\n<td>0,15<\/td>\n<td>0,20<\/td>\n<td>0,20<\/td>\n<td>0,20<\/td>\n<td>0,20<\/td>\n<td>0,20<\/td>\n<td>0,20<\/td>\n<td>0,20<\/td>\n<td>0,20<\/td>\n<\/tr>\n<tr>\n<th>Consumul de energie electrica, min.<\/th>\n<td>W<\/td>\n<td>180<\/td>\n<td>180<\/td>\n<td>180<\/td>\n<td>180<\/td>\n<td>180<\/td>\n<td>290<\/td>\n<td>350<\/td>\n<td>430<\/td>\n<td>430<\/td>\n<td>430<\/td>\n<td>500<\/td>\n<td>500<\/td>\n<\/tr>\n<tr>\n<th>Diametrul extern racord cos<\/th>\n<td>mm<\/td>\n<td>159<\/td>\n<td>178<\/td>\n<td>178<\/td>\n<td>219<\/td>\n<td>245<\/td>\n<td>245<\/td>\n<td>245<\/td>\n<td>299<\/td>\n<td>299<\/td>\n<td>299<\/td>\n<td>348<\/td>\n<td>398<\/td>\n<\/tr>\n<tr>\n<th>Diametru conexiune re\u021belei de apa<\/th>\n<td>mm<\/td>\n<td>50<\/td>\n<td>50<\/td>\n<td>50<\/td>\n<td>50<\/td>\n<td>50<\/td>\n<td>50<\/td>\n<td>65<\/td>\n<td>65<\/td>\n<td>80<\/td>\n<td>80<\/td>\n<td>100<\/td>\n<td>100<\/td>\n<\/tr>\n<\/tbody>\n<thead class=\"thead-dark\">\n<tr>\n<th colspan=\"14\">Dimensiuni burlan<\/th>\n<\/tr>\n<\/thead>\n<tbody>\n<tr>\n<th>Sec\u021biunea transversala<\/th>\n<td>cm\u00b2<\/td>\n<td>201<\/td>\n<td>248<\/td>\n<td>248<\/td>\n<td>377<\/td>\n<td>483<\/td>\n<td>483<\/td>\n<td>483<\/td>\n<td>702<\/td>\n<td>702<\/td>\n<td>702<\/td>\n<td>962<\/td>\n<td>1256<\/td>\n<\/tr>\n<tr>\n<th>Diametru intern<\/th>\n<td>mm<\/td>\n<td>160<\/td>\n<td>180<\/td>\n<td>180<\/td>\n<td>220<\/td>\n<td>250<\/td>\n<td>250<\/td>\n<td>250<\/td>\n<td>300<\/td>\n<td>300<\/td>\n<td>300<\/td>\n<td>350<\/td>\n<td>400<\/td>\n<\/tr>\n<tr>\n<th>\u00cen\u0103l\u021bime (minim permisa)<\/th>\n<td>m<\/td>\n<td>5<\/td>\n<td>5<\/td>\n<td>6<\/td>\n<td>6<\/td>\n<td>6<\/td>\n<td>7<\/td>\n<td>8<\/td>\n<td>8<\/td>\n<td>9<\/td>\n<td>10<\/td>\n<td>11<\/td>\n<td>11<\/td>\n<\/tr>\n<tr>\n<th>Capacitatea ventilatorului<\/th>\n<td>m\u00b3\/ora<\/td>\n<td>270<\/td>\n<td>270<\/td>\n<td>270<\/td>\n<td>270<\/td>\n<td>270<\/td>\n<td>395<\/td>\n<td>505<\/td>\n<td>600<\/td>\n<td>600<\/td>\n<td>600<\/td>\n<td>600<\/td>\n<td>600<\/td>\n<\/tr>\n<\/tbody>\n<\/table>\n<\/div>\n<\/div>\n","protected":false},"excerpt":{"rendered":"<p>Duo Pellet \u2013 cazan cu alimentare automata \u0219i manuala a combustibilului<br \/>\nCombustibili: c\u0103rbune fin, pelete de lemn \u015fi agro pelete<br \/>\n&#8211; eficienta foarte mare, minim 91%<br \/>\n&#8211; cazan cu gama larga de putere<br \/>\n&#8211; camera de ardere mare cu un arz\u0103tor de retorta de \u00eenalta performan\u021ba<br \/>\n&#8211; sistem automat de stingere \u00een caz de incendiu<br \/>\n&#8211; \u0219nec de alimentare monolit<br \/>\n&#8211; adaptat pentru a func\u021biona cu controlul mecanic al tirajului de aer<br \/>\n&#8211; posibilitatea de func\u021bionare a cazanului cu \u00eenc\u0103rcare manuala a combustibilului, cu instalarea gr\u0103tarului din fonta rezistent la jar<br \/>\n&#8211; posibilitatea schimb\u0103rii pozi\u021biei bunc\u0103rului<br \/>\n&#8211; posibilitatea m\u0103ririi volumului bunc\u0103rului<\/p>\n","protected":false},"featured_media":6717,"comment_status":"open","ping_status":"closed","template":"","meta":[],"product_brand":[],"product_cat":[53],"product_tag":[],"class_list":{"0":"post-6713","1":"product","2":"type-product","3":"status-publish","4":"has-post-thumbnail","6":"product_cat-centrale-pe-peleti","8":"first","9":"instock","10":"shipping-taxable","11":"purchasable","12":"product-type-variable"},"yoast_head":"<!-- This site is optimized with the Yoast SEO Premium plugin v21.2 (Yoast SEO v24.8.1) - https:\/\/yoast.com\/wordpress\/plugins\/seo\/ -->\n<title>Centrala pe peleti Altep Duo Pellet - Altep<\/title>\n<meta name=\"robots\" content=\"index, follow, max-snippet:-1, max-image-preview:large, max-video-preview:-1\" \/>\n<link rel=\"canonical\" href=\"https:\/\/feroterm.ro\/altep\/produs\/centrala-pe-peleti-altep-duo-pellet\/\" \/>\n<meta property=\"og:locale\" content=\"ro_RO\" \/>\n<meta property=\"og:type\" content=\"article\" \/>\n<meta property=\"og:title\" content=\"Centrala pe peleti Altep Duo Pellet - Altep\" \/>\n<meta property=\"og:description\" content=\"Duo Pellet \u2013 cazan cu alimentare automata \u0219i manuala a combustibilului Combustibili: c\u0103rbune fin, pelete de lemn \u015fi agro pelete - eficienta foarte mare, minim 91% - cazan cu gama larga de putere - camera de ardere mare cu un arz\u0103tor de retorta de \u00eenalta performan\u021ba - sistem automat de stingere \u00een caz de incendiu - \u0219nec de alimentare monolit - adaptat pentru a func\u021biona cu controlul mecanic al tirajului de aer - posibilitatea de func\u021bionare a cazanului cu \u00eenc\u0103rcare manuala a combustibilului, cu instalarea gr\u0103tarului din fonta rezistent la jar - posibilitatea schimb\u0103rii pozi\u021biei bunc\u0103rului - posibilitatea m\u0103ririi volumului bunc\u0103rului\" \/>\n<meta property=\"og:url\" content=\"https:\/\/feroterm.ro\/altep\/produs\/centrala-pe-peleti-altep-duo-pellet\/\" \/>\n<meta property=\"og:site_name\" content=\"FEROTERM\" \/>\n<meta property=\"article:modified_time\" content=\"2025-04-07T11:53:10+00:00\" \/>\n<meta property=\"og:image\" content=\"https:\/\/feroterm.ro\/altep\/wp-content\/uploads\/2025\/04\/Duo-Pellet.png\" \/>\n\t<meta property=\"og:image:width\" content=\"1024\" \/>\n\t<meta property=\"og:image:height\" content=\"1024\" \/>\n\t<meta property=\"og:image:type\" content=\"image\/png\" \/>\n<meta name=\"twitter:card\" content=\"summary_large_image\" \/>\n<meta name=\"twitter:label1\" content=\"Timp estimat pentru citire\" \/>\n\t<meta name=\"twitter:data1\" content=\"5 minute\" \/>\n<script type=\"application\/ld+json\" class=\"yoast-schema-graph\">{\"@context\":\"https:\/\/schema.org\",\"@graph\":[{\"@type\":\"WebPage\",\"@id\":\"https:\/\/feroterm.ro\/altep\/produs\/centrala-pe-peleti-altep-duo-pellet\/\",\"url\":\"https:\/\/feroterm.ro\/altep\/produs\/centrala-pe-peleti-altep-duo-pellet\/\",\"name\":\"Centrala pe peleti Altep Duo Pellet - Altep\",\"isPartOf\":{\"@id\":\"https:\/\/feroterm.ro\/altep\/#website\"},\"primaryImageOfPage\":{\"@id\":\"https:\/\/feroterm.ro\/altep\/produs\/centrala-pe-peleti-altep-duo-pellet\/#primaryimage\"},\"image\":{\"@id\":\"https:\/\/feroterm.ro\/altep\/produs\/centrala-pe-peleti-altep-duo-pellet\/#primaryimage\"},\"thumbnailUrl\":\"https:\/\/feroterm.ro\/altep\/wp-content\/uploads\/2025\/04\/Duo-Pellet.png\",\"datePublished\":\"2025-04-07T11:52:41+00:00\",\"dateModified\":\"2025-04-07T11:53:10+00:00\",\"breadcrumb\":{\"@id\":\"https:\/\/feroterm.ro\/altep\/produs\/centrala-pe-peleti-altep-duo-pellet\/#breadcrumb\"},\"inLanguage\":\"ro-RO\",\"potentialAction\":[{\"@type\":\"ReadAction\",\"target\":[\"https:\/\/feroterm.ro\/altep\/produs\/centrala-pe-peleti-altep-duo-pellet\/\"]}]},{\"@type\":\"ImageObject\",\"inLanguage\":\"ro-RO\",\"@id\":\"https:\/\/feroterm.ro\/altep\/produs\/centrala-pe-peleti-altep-duo-pellet\/#primaryimage\",\"url\":\"https:\/\/feroterm.ro\/altep\/wp-content\/uploads\/2025\/04\/Duo-Pellet.png\",\"contentUrl\":\"https:\/\/feroterm.ro\/altep\/wp-content\/uploads\/2025\/04\/Duo-Pellet.png\",\"width\":1024,\"height\":1024},{\"@type\":\"BreadcrumbList\",\"@id\":\"https:\/\/feroterm.ro\/altep\/produs\/centrala-pe-peleti-altep-duo-pellet\/#breadcrumb\",\"itemListElement\":[{\"@type\":\"ListItem\",\"position\":1,\"name\":\"Magazin\",\"item\":\"https:\/\/feroterm.ro\/altep\/magazin\/\"},{\"@type\":\"ListItem\",\"position\":2,\"name\":\"Centrala pe peleti Altep Duo Pellet\"}]},{\"@type\":\"WebSite\",\"@id\":\"https:\/\/feroterm.ro\/altep\/#website\",\"url\":\"https:\/\/feroterm.ro\/altep\/\",\"name\":\"FEROTERM\",\"description\":\"Comercializam toata gama de cazane Altep\",\"publisher\":{\"@id\":\"https:\/\/feroterm.ro\/altep\/#organization\"},\"potentialAction\":[{\"@type\":\"SearchAction\",\"target\":{\"@type\":\"EntryPoint\",\"urlTemplate\":\"https:\/\/feroterm.ro\/altep\/?s={search_term_string}\"},\"query-input\":{\"@type\":\"PropertyValueSpecification\",\"valueRequired\":true,\"valueName\":\"search_term_string\"}}],\"inLanguage\":\"ro-RO\"},{\"@type\":\"Organization\",\"@id\":\"https:\/\/feroterm.ro\/altep\/#organization\",\"name\":\"FEROTERM\",\"url\":\"https:\/\/feroterm.ro\/altep\/\",\"logo\":{\"@type\":\"ImageObject\",\"inLanguage\":\"ro-RO\",\"@id\":\"https:\/\/feroterm.ro\/altep\/#\/schema\/logo\/image\/\",\"url\":\"https:\/\/feroterm.ro\/altep\/wp-content\/uploads\/2025\/04\/logo-feroterm.png\",\"contentUrl\":\"https:\/\/feroterm.ro\/altep\/wp-content\/uploads\/2025\/04\/logo-feroterm.png\",\"width\":346,\"height\":56,\"caption\":\"FEROTERM\"},\"image\":{\"@id\":\"https:\/\/feroterm.ro\/altep\/#\/schema\/logo\/image\/\"}}]}<\/script>\n<!-- \/ Yoast SEO Premium plugin. -->","yoast_head_json":{"title":"Centrala pe peleti Altep Duo Pellet - Altep","robots":{"index":"index","follow":"follow","max-snippet":"max-snippet:-1","max-image-preview":"max-image-preview:large","max-video-preview":"max-video-preview:-1"},"canonical":"https:\/\/feroterm.ro\/altep\/produs\/centrala-pe-peleti-altep-duo-pellet\/","og_locale":"ro_RO","og_type":"article","og_title":"Centrala pe peleti Altep Duo Pellet - Altep","og_description":"Duo Pellet \u2013 cazan cu alimentare automata \u0219i manuala a combustibilului Combustibili: c\u0103rbune fin, pelete de lemn \u015fi agro pelete - eficienta foarte mare, minim 91% - cazan cu gama larga de putere - camera de ardere mare cu un arz\u0103tor de retorta de \u00eenalta performan\u021ba - sistem automat de stingere \u00een caz de incendiu - \u0219nec de alimentare monolit - adaptat pentru a func\u021biona cu controlul mecanic al tirajului de aer - posibilitatea de func\u021bionare a cazanului cu \u00eenc\u0103rcare manuala a combustibilului, cu instalarea gr\u0103tarului din fonta rezistent la jar - posibilitatea schimb\u0103rii pozi\u021biei bunc\u0103rului - posibilitatea m\u0103ririi volumului bunc\u0103rului","og_url":"https:\/\/feroterm.ro\/altep\/produs\/centrala-pe-peleti-altep-duo-pellet\/","og_site_name":"FEROTERM","article_modified_time":"2025-04-07T11:53:10+00:00","og_image":[{"width":1024,"height":1024,"url":"https:\/\/feroterm.ro\/altep\/wp-content\/uploads\/2025\/04\/Duo-Pellet.png","type":"image\/png"}],"twitter_card":"summary_large_image","twitter_misc":{"Timp estimat pentru citire":"5 minute"},"schema":{"@context":"https:\/\/schema.org","@graph":[{"@type":"WebPage","@id":"https:\/\/feroterm.ro\/altep\/produs\/centrala-pe-peleti-altep-duo-pellet\/","url":"https:\/\/feroterm.ro\/altep\/produs\/centrala-pe-peleti-altep-duo-pellet\/","name":"Centrala pe peleti Altep Duo Pellet - Altep","isPartOf":{"@id":"https:\/\/feroterm.ro\/altep\/#website"},"primaryImageOfPage":{"@id":"https:\/\/feroterm.ro\/altep\/produs\/centrala-pe-peleti-altep-duo-pellet\/#primaryimage"},"image":{"@id":"https:\/\/feroterm.ro\/altep\/produs\/centrala-pe-peleti-altep-duo-pellet\/#primaryimage"},"thumbnailUrl":"https:\/\/feroterm.ro\/altep\/wp-content\/uploads\/2025\/04\/Duo-Pellet.png","datePublished":"2025-04-07T11:52:41+00:00","dateModified":"2025-04-07T11:53:10+00:00","breadcrumb":{"@id":"https:\/\/feroterm.ro\/altep\/produs\/centrala-pe-peleti-altep-duo-pellet\/#breadcrumb"},"inLanguage":"ro-RO","potentialAction":[{"@type":"ReadAction","target":["https:\/\/feroterm.ro\/altep\/produs\/centrala-pe-peleti-altep-duo-pellet\/"]}]},{"@type":"ImageObject","inLanguage":"ro-RO","@id":"https:\/\/feroterm.ro\/altep\/produs\/centrala-pe-peleti-altep-duo-pellet\/#primaryimage","url":"https:\/\/feroterm.ro\/altep\/wp-content\/uploads\/2025\/04\/Duo-Pellet.png","contentUrl":"https:\/\/feroterm.ro\/altep\/wp-content\/uploads\/2025\/04\/Duo-Pellet.png","width":1024,"height":1024},{"@type":"BreadcrumbList","@id":"https:\/\/feroterm.ro\/altep\/produs\/centrala-pe-peleti-altep-duo-pellet\/#breadcrumb","itemListElement":[{"@type":"ListItem","position":1,"name":"Magazin","item":"https:\/\/feroterm.ro\/altep\/magazin\/"},{"@type":"ListItem","position":2,"name":"Centrala pe peleti Altep Duo Pellet"}]},{"@type":"WebSite","@id":"https:\/\/feroterm.ro\/altep\/#website","url":"https:\/\/feroterm.ro\/altep\/","name":"FEROTERM","description":"Comercializam toata gama de cazane Altep","publisher":{"@id":"https:\/\/feroterm.ro\/altep\/#organization"},"potentialAction":[{"@type":"SearchAction","target":{"@type":"EntryPoint","urlTemplate":"https:\/\/feroterm.ro\/altep\/?s={search_term_string}"},"query-input":{"@type":"PropertyValueSpecification","valueRequired":true,"valueName":"search_term_string"}}],"inLanguage":"ro-RO"},{"@type":"Organization","@id":"https:\/\/feroterm.ro\/altep\/#organization","name":"FEROTERM","url":"https:\/\/feroterm.ro\/altep\/","logo":{"@type":"ImageObject","inLanguage":"ro-RO","@id":"https:\/\/feroterm.ro\/altep\/#\/schema\/logo\/image\/","url":"https:\/\/feroterm.ro\/altep\/wp-content\/uploads\/2025\/04\/logo-feroterm.png","contentUrl":"https:\/\/feroterm.ro\/altep\/wp-content\/uploads\/2025\/04\/logo-feroterm.png","width":346,"height":56,"caption":"FEROTERM"},"image":{"@id":"https:\/\/feroterm.ro\/altep\/#\/schema\/logo\/image\/"}}]}},"_links":{"self":[{"href":"https:\/\/feroterm.ro\/altep\/wp-json\/wp\/v2\/product\/6713","targetHints":{"allow":["GET"]}}],"collection":[{"href":"https:\/\/feroterm.ro\/altep\/wp-json\/wp\/v2\/product"}],"about":[{"href":"https:\/\/feroterm.ro\/altep\/wp-json\/wp\/v2\/types\/product"}],"replies":[{"embeddable":true,"href":"https:\/\/feroterm.ro\/altep\/wp-json\/wp\/v2\/comments?post=6713"}],"wp:featuredmedia":[{"embeddable":true,"href":"https:\/\/feroterm.ro\/altep\/wp-json\/wp\/v2\/media\/6717"}],"wp:attachment":[{"href":"https:\/\/feroterm.ro\/altep\/wp-json\/wp\/v2\/media?parent=6713"}],"wp:term":[{"taxonomy":"product_brand","embeddable":true,"href":"https:\/\/feroterm.ro\/altep\/wp-json\/wp\/v2\/product_brand?post=6713"},{"taxonomy":"product_cat","embeddable":true,"href":"https:\/\/feroterm.ro\/altep\/wp-json\/wp\/v2\/product_cat?post=6713"},{"taxonomy":"product_tag","embeddable":true,"href":"https:\/\/feroterm.ro\/altep\/wp-json\/wp\/v2\/product_tag?post=6713"}],"curies":[{"name":"wp","href":"https:\/\/api.w.org\/{rel}","templated":true}]}}