{"id":6697,"date":"2025-04-07T11:46:51","date_gmt":"2025-04-07T11:46:51","guid":{"rendered":"https:\/\/feroterm.ro\/altep\/?post_type=product&#038;p=6697"},"modified":"2025-04-07T11:46:51","modified_gmt":"2025-04-07T11:46:51","slug":"centrala-pe-peleti-altep-bio","status":"publish","type":"product","link":"https:\/\/feroterm.ro\/altep\/produs\/centrala-pe-peleti-altep-bio\/","title":{"rendered":"Centrala pe peleti Altep Bio"},"content":{"rendered":"<h3>Cazane pe toc\u0103tura \u0219i rumegu\u0219\u00a0<span>Bio<\/span><\/h3>\n<p>Cazanele cu func\u021bionare pe toc\u0103tura \u0219i rumegu\u0219 modelul BIO sunt concepute pentru \u00eenc\u0103lzirea caselor, cl\u0103dirilor reziden\u021biale \u0219i industriale, \u00eenzestrate cu regim automat. Combustibilul este alimentat automat cu ajutorul \u0219necului din bunc\u0103r, care se a\u0219eaz\u0103 l\u00e2ng\u0103 cazan.<\/p>\n<p>Cazanele fixe \u0219i centralele modul sunt folosite pentru sistemele de \u00eenc\u0103lzire \u00eenchisa.<\/p>\n<p>Combustibilul pentru cazane poate fi de\u0219eu lemnos, rumegu\u0219 \u0219i toc\u0103tura lemnoasa cu frac\u021bia maxima de\u00a0 15\u044535\u044580 mm.<\/p>\n<div class=\"s_alert s_alert_md alert-delta w-100 clearfix\" data-name=\"Alert\">\n<div class=\"s_alert_content\">\n<p>Pentru a trece cazanul la alimentare manuala a combustibilului solid<br \/>\n&#8211; este necesar sa comanda\u021bi de la produc\u0103tor un gr\u0103tar din fonta.<\/p>\n<\/div>\n<\/div>\n<h3>Caracteristici<\/h3>\n<p>Pentru a proteja \u00eempotriva\u00a0pierderilor, pe suprafa\u021ba\u00a0exterioara\u00a0 a cazanului ,sub carcasa decorativa avem un strat de material izolant termic.<\/p>\n<p>U\u0219ile\u00a0cazanelor au paravane reglabile \u0219i\u00a0un cablu de etan\u0219are, care garanteaz\u0103\u00a0o fixare str\u00e2nsa\u00a0a u\u0219ii\u00a0pe corpul cazanului, astfel evit\u00e2nd\u00a0p\u0103trunderea\u00a0gazelor arse \u00een\u00a0casa \u0219i\u00a0asigur\u00e2ndu etan\u0219eitatea\u00a0completa a camerei de ardere.<\/p>\n<p>Combustibilul pentru procesul de ardere este alimentat automat din bunc\u0103rul\u00a0cu combustibil, situat l\u00e2ng\u0103\u00a0cazan, utiliz\u00e2nd\u00a0un mecanism de alimentare cu \u0219nec. In bunc\u0103r\u00a0se afla un mecanism de amestecare a combustibilului cu ajutorul unui motor-reductor. Pe gr\u0103tarul\u00a0din cuptorul cazanului are loc procesul de ardere a combustibilului cu ajutorul\u00a0aerului, furnizat de ventilatoare.<br \/>\nAerul este furnizat prin duzele\u00a0situate deasupra \u0219i\u00a0sub gr\u0103tarul\u00a0din \u021bevi, pentru arderea completa a gazelor secundare.<br \/>\nPartea convexa consta din doua r\u00e2nduri\u00a0de \u021bevi\u00a0\u00een\u00a0jar.<br \/>\nO alta caracteristica a modelului BIO este camera de ardere c\u0103ptu\u0219ita\u00a0cu c\u0103r\u0103mizi\u00a0de ceramica. Aceasta calitate\u00a0asigura o eficienta mare a cazanului.<\/p>\n<p>Acest model de cazan ofer\u0103\u00a0posibilitatea conect\u0103rii\u00a0bunc\u0103rului\u00a0cu sistem mecanic de alimentare, at\u00e2t\u00a0\u00een\u00a0st\u00e2nga\u00a0cazanului, cat \u0219i\u00a0\u00een\u00a0dreapta lui, \u00een func\u021bie\u00a0de preferin\u021bele\u00a0clientului.<\/p>\n<p>Bunc\u0103rul\u00a0are 2 guri ,cea superioara este pentru alimentarea acestuia \u0219i\u00a0cea inferioara pentru cur\u0103\u021barea\u00a0lui.<br \/>\n\u00cen lateral se afla o fereastra prin care putem urm\u0103ri\u00a0nivelul\u00a0combustibilului din bunc\u0103r\u00a0f\u0103r\u0103\u00a0a fi nevoie sa-l deschidem.<br \/>\nGazele arse sunt eliminate prin burlanul de evacuare care se une\u0219te\u00a0la gura de evacuare de forma rotunda, aflata \u00een\u00a0spatele cazanului.<\/p>\n<div id=\"nav_tabs_content_1579006564578_29\" class=\"active fade show tab-pane\" role=\"tabpanel\" aria-labelledby=\"nav_tabs_link_1579006564578_29\">\n<div id=\"nav_tabs_content_1579006564578_29\" class=\"active fade show tab-pane\" role=\"tabpanel\" aria-labelledby=\"nav_tabs_link_1579006564578_29\">\n<h4>\u00centre\u021binerea cazanului<\/h4>\n<p>\u00centre\u021binerea func\u021biei cazanului consta \u00een ad\u0103ugarea periodica a combustibilului \u00een bunc\u0103r \u0219i \u00eenl\u0103turarea\u00a0 cenu\u0219ii din partea inferioara a acestuia f\u0103r\u0103 a fi necesara stingerea focului \u00een cazan. Dup\u0103 aprinderea cazanului nu este necesara supravegherea permanenta a acestuia. Exploatarea cazanului se poate face ne\u00eentrerupt pe toat\u0103 perioada sezonului de \u00eenc\u0103lzire. Cazanul pe rumegu\u0219\u00a0 este func\u021bional \u0219i \u00een afara sezonului de \u00eenc\u0103lzire, \u00een sistemul de \u00eenc\u0103lzire a apei calde legat de un boiler.<\/p>\n<p>O supapa termostat este furnizata \u00eempreun\u0103 cu cazanul,care trebuie montat pe un loc special pe bunc\u0103r. Senzorul supapei m\u0103soar\u0103 \u00een continuu temperatura din bunc\u0103rul cu combustibil, iar \u00een cazul valorilor ridicate semnaleaz\u0103 arderea combustibilului \u00een conducta dintre bunc\u0103r \u0219i retort\u0103.<\/p>\n<\/div>\n<\/div>\n<p>&nbsp;<\/p>\n<div class=\"s_alert alert-delta clearfix w-100 s_alert_md\" data-name=\"Alert\">\n<div class=\"s_alert_content\">\n<p>Cazanele pe toc\u0103tur\u0103 , rumegu\u0219 \u0219i tors modelul\u00a0Bio\u00a0\u2013 este cea mai buna solu\u021bie a \u00eentreprinderilor moderne care doresc sa reduc\u0103 \u00een mod semnificativ costurile de \u00eenc\u0103lzire, oferind \u00een acela\u0219i timp condi\u021bii confortabile \u00een incinta acestora.<\/p>\n<\/div>\n<\/div>\n<div class=\"justify-content-center row\">\n<div class=\"col-auto\">\n<table class=\"table table-hover table-responsive\">\n<thead class=\"thead-dark\">\n<tr>\n<th>Parametri<\/th>\n<th><abbr title=\"Unitate de m\u0103sur\u0103\">U.M.<\/abbr><\/th>\n<th>95 kW<\/th>\n<th>150 kW<\/th>\n<th>200 kW<\/th>\n<th>250 kW<\/th>\n<th>300 kW<\/th>\n<th>400 kW<\/th>\n<th>500 kW<\/th>\n<th>600 kW<\/th>\n<th>700 kW<\/th>\n<th>800 kW<\/th>\n<th>1000 kW<\/th>\n<\/tr>\n<\/thead>\n<tbody>\n<tr>\n<th>Eficienta, min<\/th>\n<td>%<\/td>\n<td colspan=\"11\">86<\/td>\n<\/tr>\n<tr>\n<th>Volumul apei din cazan<\/th>\n<td>m\u00b3<\/td>\n<td>0,5<\/td>\n<td>0,6<\/td>\n<td>0,8<\/td>\n<td>1,0<\/td>\n<td>1,2<\/td>\n<td>1,5<\/td>\n<td>1,9<\/td>\n<td>2,0<\/td>\n<td>2,2<\/td>\n<td>2,3<\/td>\n<td>2,8<\/td>\n<\/tr>\n<tr>\n<th>Greutate cazan, f\u0103r\u0103 apa<\/th>\n<td>kg<\/td>\n<td>1200<\/td>\n<td>1250<\/td>\n<td>1450<\/td>\n<td>1800<\/td>\n<td>2680<\/td>\n<td>3330<\/td>\n<td>3900<\/td>\n<td>3900<\/td>\n<td>4100<\/td>\n<td>4500<\/td>\n<td>4850<\/td>\n<\/tr>\n<tr>\n<th>Greutatea bunc\u0103rului cu mecanismul de alimentare<\/th>\n<td>kg<\/td>\n<td>465<\/td>\n<td>465<\/td>\n<td>465<\/td>\n<td>480<\/td>\n<td>480<\/td>\n<td>480<\/td>\n<td>480<\/td>\n<td>480<\/td>\n<td>480<\/td>\n<td>480<\/td>\n<td>480<\/td>\n<\/tr>\n<tr>\n<th>Volumul bunc\u0103r<\/th>\n<td>m\u00b3<\/td>\n<td colspan=\"11\">1,5<\/td>\n<\/tr>\n<tr>\n<th>Tirajul necesar al gazelor arse<\/th>\n<td>Pa<\/td>\n<td colspan=\"11\">60-80<\/td>\n<\/tr>\n<tr>\n<th>Temperatura gazelor arse la evacuare<\/th>\n<td>\u00b0C<\/td>\n<td colspan=\"11\">100-180<\/td>\n<\/tr>\n<tr>\n<th>Temperatura apei minim recomandata<\/th>\n<td>\u00b0C<\/td>\n<td colspan=\"11\">58<\/td>\n<\/tr>\n<tr>\n<th>Temperatura maxima a apei<\/th>\n<td>\u00b0C<\/td>\n<td colspan=\"11\">85<\/td>\n<\/tr>\n<tr>\n<th>Presiunea nominala a apei (maxim)<\/th>\n<td>MP\u0430<\/td>\n<td colspan=\"11\">0,30<\/td>\n<\/tr>\n<tr>\n<th>Presiunea de testare a apei ,min<\/th>\n<td>mP\u0430<\/td>\n<td colspan=\"11\">0,45<\/td>\n<\/tr>\n<tr>\n<th>Consumul de energie electrica, min<\/th>\n<td>kW<\/td>\n<td>1,5<\/td>\n<td>1,6<\/td>\n<td>1,6<\/td>\n<td>1,6<\/td>\n<td>1,7<\/td>\n<td>1,8<\/td>\n<td>2,1<\/td>\n<td>2,5<\/td>\n<td>2,6<\/td>\n<td>2,6<\/td>\n<td>2,6<\/td>\n<\/tr>\n<tr>\n<th>Tensiunea re\u021belei<\/th>\n<td>\u2014<\/td>\n<td colspan=\"11\">380 V (50 Hz)<\/td>\n<\/tr>\n<\/tbody>\n<thead class=\"thead-dark\">\n<tr>\n<th colspan=\"13\">Parametri recomanda\u021bi cos<\/th>\n<\/tr>\n<\/thead>\n<tbody>\n<tr>\n<th>Sec\u021biunea transversala<\/th>\n<td>\u0441m2<\/td>\n<td>660<\/td>\n<td>660<\/td>\n<td>908<\/td>\n<td>1194<\/td>\n<td>1520<\/td>\n<td>1885<\/td>\n<td>2290<\/td>\n<td>2290<\/td>\n<td>2290<\/td>\n<td>2290<\/td>\n<td>2290<\/td>\n<\/tr>\n<tr>\n<th>Diametru intern<\/th>\n<td>mm<\/td>\n<td>300<\/td>\n<td>300<\/td>\n<td>350<\/td>\n<td>400<\/td>\n<td>450<\/td>\n<td>500<\/td>\n<td>550<\/td>\n<td>550<\/td>\n<td>550<\/td>\n<td>550<\/td>\n<td>550<\/td>\n<\/tr>\n<tr>\n<th>\u00cen\u0103l\u021bime (minim permisa)<\/th>\n<td>m<\/td>\n<td>7<\/td>\n<td>9<\/td>\n<td>9<\/td>\n<td>10<\/td>\n<td>12<\/td>\n<td>13<\/td>\n<td>14<\/td>\n<td>15<\/td>\n<td>18<\/td>\n<td>21<\/td>\n<td>27<\/td>\n<\/tr>\n<tr>\n<th>Diametru coatelor de alimentare a apei directa \u0219i a re\u021belei inverse (Du)<\/th>\n<td>mm<\/td>\n<td>65<\/td>\n<td>65<\/td>\n<td>65<\/td>\n<td>65<\/td>\n<td>80<\/td>\n<td>80<\/td>\n<td>80<\/td>\n<td>80<\/td>\n<td>100<\/td>\n<td>100<\/td>\n<td>100<\/td>\n<\/tr>\n<tr>\n<th>Diametru \u021bevii de sub siguran\u021bele supapei (Du)<\/th>\n<td>mm<\/td>\n<td>50<\/td>\n<td>50<\/td>\n<td>50<\/td>\n<td>50<\/td>\n<td>50<\/td>\n<td>2\u00d750<\/td>\n<td>2\u00d750<\/td>\n<td>2\u00d750<\/td>\n<td>2\u00d750<\/td>\n<td>2\u00d750<\/td>\n<td>2\u00d765<\/td>\n<\/tr>\n<tr>\n<th>Presiunea la care se activeaz\u0103 siguran\u021ba supapei<\/th>\n<td>mP\u0430<\/td>\n<td colspan=\"11\">0,35<\/td>\n<\/tr>\n<\/tbody>\n<\/table>\n<\/div>\n<\/div>\n","protected":false},"excerpt":{"rendered":"<p>BIO \u2013 cazane pe toc\u0103tura cu \u00eenc\u0103rcare automata \u0219i manuala a combustibilului<\/p>\n<p>&#8211; gama larga \u00een func\u021bie de putere<br \/>\n&#8211; Catalizatori ceramica, care stabilizeaz\u0103 procesul de ardere a combustibilului<br \/>\n&#8211; sistem automat de stingere \u00een caz de incendiu<br \/>\n&#8211; f\u0103r\u0103 preten\u021bii la calitatea combustibililor<br \/>\n&#8211; posibilitatea func\u021bion\u0103rii cazanului \u00een regim manual de alimentare<br \/>\n&#8211; posibilitatea schimb\u0103rii pozi\u021biei bunc\u0103rului<br \/>\n&#8211; posibilitatea m\u0103ririi volumului bunc\u0103rului<\/p>\n","protected":false},"featured_media":6712,"comment_status":"open","ping_status":"closed","template":"","meta":[],"product_brand":[],"product_cat":[53],"product_tag":[],"class_list":{"0":"post-6697","1":"product","2":"type-product","3":"status-publish","4":"has-post-thumbnail","6":"product_cat-centrale-pe-peleti","8":"first","9":"instock","10":"shipping-taxable","11":"purchasable","12":"product-type-variable"},"yoast_head":"<!-- This site is optimized with the Yoast SEO Premium plugin v21.2 (Yoast SEO v24.8.1) - https:\/\/yoast.com\/wordpress\/plugins\/seo\/ -->\n<title>Centrala pe peleti Altep Bio - Altep<\/title>\n<meta name=\"robots\" content=\"index, follow, max-snippet:-1, max-image-preview:large, max-video-preview:-1\" \/>\n<link rel=\"canonical\" href=\"https:\/\/feroterm.ro\/altep\/produs\/centrala-pe-peleti-altep-bio\/\" \/>\n<meta property=\"og:locale\" content=\"ro_RO\" \/>\n<meta property=\"og:type\" content=\"article\" \/>\n<meta property=\"og:title\" content=\"Centrala pe peleti Altep Bio - Altep\" \/>\n<meta property=\"og:description\" content=\"BIO \u2013 cazane pe toc\u0103tura cu \u00eenc\u0103rcare automata \u0219i manuala a combustibilului  - gama larga \u00een func\u021bie de putere - Catalizatori ceramica, care stabilizeaz\u0103 procesul de ardere a combustibilului - sistem automat de stingere \u00een caz de incendiu - f\u0103r\u0103 preten\u021bii la calitatea combustibililor - posibilitatea func\u021bion\u0103rii cazanului \u00een regim manual de alimentare - posibilitatea schimb\u0103rii pozi\u021biei bunc\u0103rului - posibilitatea m\u0103ririi volumului bunc\u0103rului\" \/>\n<meta property=\"og:url\" content=\"https:\/\/feroterm.ro\/altep\/produs\/centrala-pe-peleti-altep-bio\/\" \/>\n<meta property=\"og:site_name\" content=\"FEROTERM\" \/>\n<meta property=\"og:image\" content=\"https:\/\/feroterm.ro\/altep\/wp-content\/uploads\/2025\/04\/Bio-1500-kW.png\" \/>\n\t<meta property=\"og:image:width\" content=\"555\" \/>\n\t<meta property=\"og:image:height\" content=\"555\" \/>\n\t<meta property=\"og:image:type\" content=\"image\/png\" \/>\n<meta name=\"twitter:card\" content=\"summary_large_image\" \/>\n<meta name=\"twitter:label1\" content=\"Timp estimat pentru citire\" \/>\n\t<meta name=\"twitter:data1\" content=\"5 minute\" \/>\n<script type=\"application\/ld+json\" class=\"yoast-schema-graph\">{\"@context\":\"https:\/\/schema.org\",\"@graph\":[{\"@type\":\"WebPage\",\"@id\":\"https:\/\/feroterm.ro\/altep\/produs\/centrala-pe-peleti-altep-bio\/\",\"url\":\"https:\/\/feroterm.ro\/altep\/produs\/centrala-pe-peleti-altep-bio\/\",\"name\":\"Centrala pe peleti Altep Bio - Altep\",\"isPartOf\":{\"@id\":\"https:\/\/feroterm.ro\/altep\/#website\"},\"primaryImageOfPage\":{\"@id\":\"https:\/\/feroterm.ro\/altep\/produs\/centrala-pe-peleti-altep-bio\/#primaryimage\"},\"image\":{\"@id\":\"https:\/\/feroterm.ro\/altep\/produs\/centrala-pe-peleti-altep-bio\/#primaryimage\"},\"thumbnailUrl\":\"https:\/\/feroterm.ro\/altep\/wp-content\/uploads\/2025\/04\/Bio-1500-kW.png\",\"datePublished\":\"2025-04-07T11:46:51+00:00\",\"breadcrumb\":{\"@id\":\"https:\/\/feroterm.ro\/altep\/produs\/centrala-pe-peleti-altep-bio\/#breadcrumb\"},\"inLanguage\":\"ro-RO\",\"potentialAction\":[{\"@type\":\"ReadAction\",\"target\":[\"https:\/\/feroterm.ro\/altep\/produs\/centrala-pe-peleti-altep-bio\/\"]}]},{\"@type\":\"ImageObject\",\"inLanguage\":\"ro-RO\",\"@id\":\"https:\/\/feroterm.ro\/altep\/produs\/centrala-pe-peleti-altep-bio\/#primaryimage\",\"url\":\"https:\/\/feroterm.ro\/altep\/wp-content\/uploads\/2025\/04\/Bio-1500-kW.png\",\"contentUrl\":\"https:\/\/feroterm.ro\/altep\/wp-content\/uploads\/2025\/04\/Bio-1500-kW.png\",\"width\":555,\"height\":555},{\"@type\":\"BreadcrumbList\",\"@id\":\"https:\/\/feroterm.ro\/altep\/produs\/centrala-pe-peleti-altep-bio\/#breadcrumb\",\"itemListElement\":[{\"@type\":\"ListItem\",\"position\":1,\"name\":\"Magazin\",\"item\":\"https:\/\/feroterm.ro\/altep\/magazin\/\"},{\"@type\":\"ListItem\",\"position\":2,\"name\":\"Centrala pe peleti Altep Bio\"}]},{\"@type\":\"WebSite\",\"@id\":\"https:\/\/feroterm.ro\/altep\/#website\",\"url\":\"https:\/\/feroterm.ro\/altep\/\",\"name\":\"FEROTERM\",\"description\":\"Comercializam toata gama de cazane Altep\",\"publisher\":{\"@id\":\"https:\/\/feroterm.ro\/altep\/#organization\"},\"potentialAction\":[{\"@type\":\"SearchAction\",\"target\":{\"@type\":\"EntryPoint\",\"urlTemplate\":\"https:\/\/feroterm.ro\/altep\/?s={search_term_string}\"},\"query-input\":{\"@type\":\"PropertyValueSpecification\",\"valueRequired\":true,\"valueName\":\"search_term_string\"}}],\"inLanguage\":\"ro-RO\"},{\"@type\":\"Organization\",\"@id\":\"https:\/\/feroterm.ro\/altep\/#organization\",\"name\":\"FEROTERM\",\"url\":\"https:\/\/feroterm.ro\/altep\/\",\"logo\":{\"@type\":\"ImageObject\",\"inLanguage\":\"ro-RO\",\"@id\":\"https:\/\/feroterm.ro\/altep\/#\/schema\/logo\/image\/\",\"url\":\"https:\/\/feroterm.ro\/altep\/wp-content\/uploads\/2025\/04\/logo-feroterm.png\",\"contentUrl\":\"https:\/\/feroterm.ro\/altep\/wp-content\/uploads\/2025\/04\/logo-feroterm.png\",\"width\":346,\"height\":56,\"caption\":\"FEROTERM\"},\"image\":{\"@id\":\"https:\/\/feroterm.ro\/altep\/#\/schema\/logo\/image\/\"}}]}<\/script>\n<!-- \/ Yoast SEO Premium plugin. -->","yoast_head_json":{"title":"Centrala pe peleti Altep Bio - Altep","robots":{"index":"index","follow":"follow","max-snippet":"max-snippet:-1","max-image-preview":"max-image-preview:large","max-video-preview":"max-video-preview:-1"},"canonical":"https:\/\/feroterm.ro\/altep\/produs\/centrala-pe-peleti-altep-bio\/","og_locale":"ro_RO","og_type":"article","og_title":"Centrala pe peleti Altep Bio - Altep","og_description":"BIO \u2013 cazane pe toc\u0103tura cu \u00eenc\u0103rcare automata \u0219i manuala a combustibilului  - gama larga \u00een func\u021bie de putere - Catalizatori ceramica, care stabilizeaz\u0103 procesul de ardere a combustibilului - sistem automat de stingere \u00een caz de incendiu - f\u0103r\u0103 preten\u021bii la calitatea combustibililor - posibilitatea func\u021bion\u0103rii cazanului \u00een regim manual de alimentare - posibilitatea schimb\u0103rii pozi\u021biei bunc\u0103rului - posibilitatea m\u0103ririi volumului bunc\u0103rului","og_url":"https:\/\/feroterm.ro\/altep\/produs\/centrala-pe-peleti-altep-bio\/","og_site_name":"FEROTERM","og_image":[{"width":555,"height":555,"url":"https:\/\/feroterm.ro\/altep\/wp-content\/uploads\/2025\/04\/Bio-1500-kW.png","type":"image\/png"}],"twitter_card":"summary_large_image","twitter_misc":{"Timp estimat pentru citire":"5 minute"},"schema":{"@context":"https:\/\/schema.org","@graph":[{"@type":"WebPage","@id":"https:\/\/feroterm.ro\/altep\/produs\/centrala-pe-peleti-altep-bio\/","url":"https:\/\/feroterm.ro\/altep\/produs\/centrala-pe-peleti-altep-bio\/","name":"Centrala pe peleti Altep Bio - Altep","isPartOf":{"@id":"https:\/\/feroterm.ro\/altep\/#website"},"primaryImageOfPage":{"@id":"https:\/\/feroterm.ro\/altep\/produs\/centrala-pe-peleti-altep-bio\/#primaryimage"},"image":{"@id":"https:\/\/feroterm.ro\/altep\/produs\/centrala-pe-peleti-altep-bio\/#primaryimage"},"thumbnailUrl":"https:\/\/feroterm.ro\/altep\/wp-content\/uploads\/2025\/04\/Bio-1500-kW.png","datePublished":"2025-04-07T11:46:51+00:00","breadcrumb":{"@id":"https:\/\/feroterm.ro\/altep\/produs\/centrala-pe-peleti-altep-bio\/#breadcrumb"},"inLanguage":"ro-RO","potentialAction":[{"@type":"ReadAction","target":["https:\/\/feroterm.ro\/altep\/produs\/centrala-pe-peleti-altep-bio\/"]}]},{"@type":"ImageObject","inLanguage":"ro-RO","@id":"https:\/\/feroterm.ro\/altep\/produs\/centrala-pe-peleti-altep-bio\/#primaryimage","url":"https:\/\/feroterm.ro\/altep\/wp-content\/uploads\/2025\/04\/Bio-1500-kW.png","contentUrl":"https:\/\/feroterm.ro\/altep\/wp-content\/uploads\/2025\/04\/Bio-1500-kW.png","width":555,"height":555},{"@type":"BreadcrumbList","@id":"https:\/\/feroterm.ro\/altep\/produs\/centrala-pe-peleti-altep-bio\/#breadcrumb","itemListElement":[{"@type":"ListItem","position":1,"name":"Magazin","item":"https:\/\/feroterm.ro\/altep\/magazin\/"},{"@type":"ListItem","position":2,"name":"Centrala pe peleti Altep Bio"}]},{"@type":"WebSite","@id":"https:\/\/feroterm.ro\/altep\/#website","url":"https:\/\/feroterm.ro\/altep\/","name":"FEROTERM","description":"Comercializam toata gama de cazane Altep","publisher":{"@id":"https:\/\/feroterm.ro\/altep\/#organization"},"potentialAction":[{"@type":"SearchAction","target":{"@type":"EntryPoint","urlTemplate":"https:\/\/feroterm.ro\/altep\/?s={search_term_string}"},"query-input":{"@type":"PropertyValueSpecification","valueRequired":true,"valueName":"search_term_string"}}],"inLanguage":"ro-RO"},{"@type":"Organization","@id":"https:\/\/feroterm.ro\/altep\/#organization","name":"FEROTERM","url":"https:\/\/feroterm.ro\/altep\/","logo":{"@type":"ImageObject","inLanguage":"ro-RO","@id":"https:\/\/feroterm.ro\/altep\/#\/schema\/logo\/image\/","url":"https:\/\/feroterm.ro\/altep\/wp-content\/uploads\/2025\/04\/logo-feroterm.png","contentUrl":"https:\/\/feroterm.ro\/altep\/wp-content\/uploads\/2025\/04\/logo-feroterm.png","width":346,"height":56,"caption":"FEROTERM"},"image":{"@id":"https:\/\/feroterm.ro\/altep\/#\/schema\/logo\/image\/"}}]}},"_links":{"self":[{"href":"https:\/\/feroterm.ro\/altep\/wp-json\/wp\/v2\/product\/6697","targetHints":{"allow":["GET"]}}],"collection":[{"href":"https:\/\/feroterm.ro\/altep\/wp-json\/wp\/v2\/product"}],"about":[{"href":"https:\/\/feroterm.ro\/altep\/wp-json\/wp\/v2\/types\/product"}],"replies":[{"embeddable":true,"href":"https:\/\/feroterm.ro\/altep\/wp-json\/wp\/v2\/comments?post=6697"}],"wp:featuredmedia":[{"embeddable":true,"href":"https:\/\/feroterm.ro\/altep\/wp-json\/wp\/v2\/media\/6712"}],"wp:attachment":[{"href":"https:\/\/feroterm.ro\/altep\/wp-json\/wp\/v2\/media?parent=6697"}],"wp:term":[{"taxonomy":"product_brand","embeddable":true,"href":"https:\/\/feroterm.ro\/altep\/wp-json\/wp\/v2\/product_brand?post=6697"},{"taxonomy":"product_cat","embeddable":true,"href":"https:\/\/feroterm.ro\/altep\/wp-json\/wp\/v2\/product_cat?post=6697"},{"taxonomy":"product_tag","embeddable":true,"href":"https:\/\/feroterm.ro\/altep\/wp-json\/wp\/v2\/product_tag?post=6697"}],"curies":[{"name":"wp","href":"https:\/\/api.w.org\/{rel}","templated":true}]}}