{"id":6676,"date":"2025-04-07T11:37:00","date_gmt":"2025-04-07T11:37:00","guid":{"rendered":"https:\/\/feroterm.ro\/altep\/?post_type=product&#038;p=6676"},"modified":"2025-04-07T12:34:22","modified_gmt":"2025-04-07T12:34:22","slug":"cazan-industrial-trio-uni-plus","status":"publish","type":"product","link":"https:\/\/feroterm.ro\/altep\/produs\/cazan-industrial-trio-uni-plus\/","title":{"rendered":"Cazan industrial Trio Uni Plus"},"content":{"rendered":"<h3>Cazane industriale pe combustibil solid\u00a0Trio\u00a0Uni Plus<\/h3>\n<p>Cazanul pe combustibili solizi modelul\u00a0 TRIO UNI Plus 80-600 kW destinat \u00eenc\u0103lzirii caselor, spa\u021biilor industriale \u0219i a altor \u00eenc\u0103peri \u00eenzestrate cu sistem de \u00eenc\u0103lzire centralizata. Preg\u0103tirea \u0219i furnizarea de c\u0103ldur\u0103 pentru necesit\u0103\u021bile tehnologice care utilizeaz\u0103 drept combustibil lemn de foc, de\u0219euri lemnoase, c\u0103rbune, brichete din rumegu\u0219, coaj\u0103\u00a0de floarea soarelui, semin\u021be, paie, stuf \u0219i turba, ruf etc.<br \/>\nConstruc\u021bia cazanului permite cea mai eficienta utilizare a c\u0103ldurii generate de arderea diferitelor tipuri de combustibili solizi cu un con\u021binut sc\u0103zut de calorii. Timpul\u00a0 de ardere \u00een urma unei singure \u00eenc\u0103rc\u0103ri al combustibilului depinde \u00een mod direct de calitatea acestuia \u0219i pierderii de c\u0103ldur\u0103 a imobilului \u00eenc\u0103lzit.<\/p>\n<div class=\"clearfix s_alert s_alert_md w-100\" data-name=\"Alert\">\n<div class=\"s_alert_content\">\n<p>Exploatarea cazanului este posibila numai \u00een modul de \u00eenc\u0103rcare manuala a combustibililor solizi.<br \/>\nPrin retehnologizarea corespunz\u0103toare a cazanului, conform recomand\u0103rilor din manual,este posibila transferarea acestuia \u00een mod automat de alimentare cu combustibil \u0219i anume pe pele\u021bi.<\/p>\n<\/div>\n<\/div>\n<h4>\u00a0\u00a0\u00a0\u00a0Caracteristici<\/h4>\n<p>Grosimea carcasei din o\u021bel a cazanului \u0219i suprafe\u021bei schimb\u0103torului de c\u0103ldur\u0103 este de 6 \u043c\u043c. Cazanele cu ardere completa\u00a0 TRIO UNI Plus 80-600kW\u00a0 au\u00a0 o izolare calitativ\u0103 \u0219i bine g\u00e2ndit\u0103 a carcasei cazanului.<br \/>\nReglarea puterii cazanului TRIO UNI Plus se face cu ajutorul ventilatorului, aliment\u00e2nd necesarul de aer \u00een camera de ardere prin duzele de aer \u0219i pe sub gr\u0103tarul de fonta (reglanduse automat).<br \/>\nPartea de convec\u021bie a cazanului este format\u0103 din doua camere\u00a0 (80-97 \u043aW) sau patru camere (150-500 \u043aW) verticale ale schimb\u0103torului de c\u0103ldur\u0103. Schimb\u0103torul de c\u0103ldur\u0103 este pozi\u021bionat dup\u0103 camera de ardere, \u00een partea din spate a cazanului.<br \/>\nLa cazanele\u00a0 TRIO UNI Plus gura de alimentare a combustibilului este amplasat\u0103 sub unghiul de 45 grade,ce face alimentarea mai u\u0219oar\u0103 cu combustibili v\u0103rsa\u021bi.<br \/>\n\u00cen partea inferioar\u0103 a cazanului se afla un gr\u0103tar r\u0103citor cu apa.Pentru a preveni posibile fisuri \u0219i scurgeri ,acestea sunt realizate din \u021bevi monolit (f\u0103r\u0103 sudura).<\/p>\n<p>Datorit\u0103 r\u0103cirii constante a apei circulante prin \u021bevi, gr\u0103tarul nu se supra\u00eenc\u0103lze\u0219te \u0219i serve\u0219te ca suprafa\u021b\u0103 suplimentar\u0103 de schimb de c\u0103ldur\u0103.<\/p>\n<div class=\"clearfix s_alert s_alert_md w-100\" data-name=\"Alert\">\n<div class=\"s_alert_content\">\n<p>Comenzile personalizate ale cazanelor TRIO UNI Plus (putere de la 80 \u043aW) au posibilitatea instal\u0103rii unei u\u0219i de revizie pe partea laterala a cazanului.<\/p>\n<\/div>\n<\/div>\n<p>Aceasta ofer\u0103 acces pentru cur\u0103\u021barea rafturilor verticale ale schimb\u0103torului de c\u0103ldur\u0103. U\u0219i\u021ba de revizie este zidit\u0103 \u00een beton anti-incendiu (material refractar), care asigura o izolare termica sigura \u0219i protec\u021bie \u00eempotriva distrugerii termice a metalului u\u0219ii. Pentru a men\u021bine izolarea ermetic\u0103 a schimb\u0103torului de c\u0103ldur\u0103, au fost instalate placi reglabile \u0219i o plac\u0103 de presare \u00een trei puncte.<\/p>\n<p>Gura de evacuare se afla \u00een spatele cazanului \u0219i are forma cilindrica.<\/p>\n<p>Versatilitate, eficien\u021ba, u\u0219urin\u021ba de exploatare a acestor cazane, cu un nivel excelent de furnizare de c\u0103ldura la un consum minim de combustibili, face ca nivelul popularit\u0103\u021bii cazanelor Altep, sa fie at\u00e2t de mare \u00een r\u00e2ndul majorit\u0103\u021bii clien\u021bilor de centrale termice.<\/p>\n<div class=\"justify-content-center row\">\n<div class=\"col-auto\">\n<table class=\"table table-hover table-responsive\">\n<thead class=\"thead-dark\">\n<tr>\n<th>Parametri<\/th>\n<th><abbr title=\"Unitate de m\u0103sur\u0103\">U.M.<\/abbr><\/th>\n<th>97 kW<\/th>\n<th>150 kW<\/th>\n<th>200 kW<\/th>\n<th>250 kW<\/th>\n<th>300 kW<\/th>\n<th>400 kW<\/th>\n<th>500 kW<\/th>\n<th>600 kW<\/th>\n<th>700 kW<\/th>\n<\/tr>\n<\/thead>\n<tbody>\n<tr>\n<th>Suprafa\u021ba schimb\u0103torului de c\u0103ldur\u0103<\/th>\n<td>m\u00b2<\/td>\n<td>8,0<\/td>\n<td>10,0<\/td>\n<td>15,0<\/td>\n<td>18,5<\/td>\n<td>27,0<\/td>\n<td>31,0<\/td>\n<td>37,0<\/td>\n<td>45,0<\/td>\n<td>52,0<\/td>\n<\/tr>\n<\/tbody>\n<thead class=\"thead-dark\">\n<tr>\n<th colspan=\"14\">Dimensiuni camera de ardere<\/th>\n<\/tr>\n<\/thead>\n<tbody>\n<tr>\n<th>Ad\u00e2ncime<\/th>\n<td>mm<\/td>\n<td>750<\/td>\n<td>850<\/td>\n<td>900<\/td>\n<td>1000<\/td>\n<td>1150<\/td>\n<td>1150<\/td>\n<td>1350<\/td>\n<td>1500<\/td>\n<td>1500<\/td>\n<\/tr>\n<tr>\n<th>Volum<\/th>\n<td>dm\u00b3<\/td>\n<td>430<\/td>\n<td>570<\/td>\n<td>790<\/td>\n<td>1100<\/td>\n<td>1480<\/td>\n<td>1680<\/td>\n<td>2060<\/td>\n<td>3050<\/td>\n<td>3050<\/td>\n<\/tr>\n<tr>\n<th>Volumul apei din cazan<\/th>\n<td>l<\/td>\n<td>265<\/td>\n<td>325<\/td>\n<td>455<\/td>\n<td>545<\/td>\n<td>750<\/td>\n<td>840<\/td>\n<td>970<\/td>\n<td>1200<\/td>\n<td>1400<\/td>\n<\/tr>\n<tr>\n<th>Greutate cazan f\u0103r\u0103 ap\u0103<\/th>\n<td>kg<\/td>\n<td>830<\/td>\n<td>970<\/td>\n<td>1450<\/td>\n<td>1780<\/td>\n<td>2300<\/td>\n<td>2550<\/td>\n<td>3150<\/td>\n<td>4010<\/td>\n<td>4300<\/td>\n<\/tr>\n<tr>\n<th>Temperatura gazelor arse<\/th>\n<td>\u00b0C<\/td>\n<td colspan=\"9\">100-180<\/td>\n<\/tr>\n<tr>\n<th>Temperatura min. recomandata<\/th>\n<td>\u00b0C<\/td>\n<td colspan=\"9\">58<\/td>\n<\/tr>\n<tr>\n<th>Temperatura max. permisa a apei din cazan<\/th>\n<td>\u00b0C<\/td>\n<td colspan=\"9\">90<\/td>\n<\/tr>\n<tr>\n<th>Presiunea nominal\u0103 a apei<\/th>\n<td>mPa<\/td>\n<td colspan=\"9\">0,20<\/td>\n<\/tr>\n<tr>\n<th>Consum energie electrica, max<\/th>\n<td>W<\/td>\n<td>170<\/td>\n<td>170<\/td>\n<td>205<\/td>\n<td>205<\/td>\n<td>205<\/td>\n<td>315<\/td>\n<td>485<\/td>\n<td>805<\/td>\n<td>1110<\/td>\n<\/tr>\n<tr>\n<th>Diametrul ext al gurii de evacuare<\/th>\n<td>mm<\/td>\n<td>248<\/td>\n<td>298<\/td>\n<td>298<\/td>\n<td>348<\/td>\n<td>398<\/td>\n<td>448<\/td>\n<td>498<\/td>\n<td>548<\/td>\n<td>548<\/td>\n<\/tr>\n<tr>\n<th>Diametrul \u021bevilor conexiune re\u021bea apa<\/th>\n<td>mm<\/td>\n<td>65(FL)<\/td>\n<td>65(FL)<\/td>\n<td>80(FL)<\/td>\n<td>100(FL)<\/td>\n<td>100(FL)<\/td>\n<td>100(FL)<\/td>\n<td>125(FL)<\/td>\n<td>125(FL)<\/td>\n<td>125(FL)<\/td>\n<\/tr>\n<\/tbody>\n<thead class=\"thead-dark\">\n<tr>\n<th colspan=\"14\">Parametri recomanda\u021bi burlan<\/th>\n<\/tr>\n<\/thead>\n<tbody>\n<tr>\n<th>Sec\u021biunea transversal\u0103<\/th>\n<td>\u0441m\u00b2<b><br \/>\n<\/b><\/td>\n<td>452<\/td>\n<td>660<\/td>\n<td>660<\/td>\n<td>908<\/td>\n<td>1194<\/td>\n<td>1520<\/td>\n<td>1885<\/td>\n<td>2290<\/td>\n<td>2290<\/td>\n<\/tr>\n<tr>\n<th>Diametrul intern<\/th>\n<td>mm<\/td>\n<td>250<\/td>\n<td>300<\/td>\n<td>300<\/td>\n<td>350<\/td>\n<td>400<\/td>\n<td>450<\/td>\n<td>500<\/td>\n<td>550<\/td>\n<td>550<\/td>\n<\/tr>\n<tr>\n<th>\u00cen\u0103l\u021bime (min. recomandata)<\/th>\n<td>m<\/td>\n<td>7<\/td>\n<td>7<\/td>\n<td>7<\/td>\n<td>9<\/td>\n<td>10<\/td>\n<td>12<\/td>\n<td>13<\/td>\n<td>14<\/td>\n<td>16<\/td>\n<\/tr>\n<tr>\n<th>Diametru \u021bevii de sub siguran\u021bele supapei<\/th>\n<td>mm<\/td>\n<td>20<\/td>\n<td>25<\/td>\n<td>50(FL)<\/td>\n<td>50(FL)<\/td>\n<td>50(FL)<\/td>\n<td>50(FL)<\/td>\n<td>2\u00d750(FL)<\/td>\n<td>2\u00d750(FL)<\/td>\n<td>2\u00d750(FL)<\/td>\n<\/tr>\n<tr>\n<th>Diametrul \u021bevii de scurgere a apei din cazan<\/th>\n<td>mm<\/td>\n<td>20<\/td>\n<td>25<\/td>\n<td>25<\/td>\n<td>25<\/td>\n<td>25<\/td>\n<td>25<\/td>\n<td>25<\/td>\n<td>25<\/td>\n<td>25<\/td>\n<\/tr>\n<\/tbody>\n<\/table>\n<\/div>\n<\/div>\n","protected":false},"excerpt":{"rendered":"<p>TRIO UNI \u2013 reglarea mecanica a procesului de ardere cu ajutorul m\u00e2nerului rotativ 14 \u2013 40 kW<br \/>\nTRIO UNI Plus \u2013 reglarea electrica a func\u021biei cazanului cu PID 14 \u2013 65 kW<br \/>\n&#8211; utilizarea tehnologiei de ardere superioara asigura o eficienta ridicata a cazanului, la un nivel care nu scade sub eficienta de 86 %<br \/>\n&#8211; camera mare de ardere<br \/>\n&#8211; gr\u0103tar de apa din fonta<br \/>\n&#8211; adaptat din fabrica pentru instalarea sistemului de presurizare<br \/>\n&#8211; sistem multi-punct de alimentare cu aer<br \/>\n&#8211; reglarea u\u0219oar\u0103 a u\u0219ii<br \/>\n&#8211; posibilitatea de instalarea a unui arz\u0103tor cu alimentare automata, autoaprindere \u0219i auto cur\u0103\u021bare<\/p>\n","protected":false},"featured_media":6692,"comment_status":"open","ping_status":"closed","template":"","meta":[],"product_brand":[],"product_cat":[52,54],"product_tag":[],"class_list":{"0":"post-6676","1":"product","2":"type-product","3":"status-publish","4":"has-post-thumbnail","6":"product_cat-cazane-pe-combustibil-solid","7":"product_cat-centrale-si-cazane-industriale","9":"first","10":"instock","11":"shipping-taxable","12":"purchasable","13":"product-type-variable"},"yoast_head":"<!-- This site is optimized with the Yoast SEO Premium plugin v21.2 (Yoast SEO v24.8.1) - https:\/\/yoast.com\/wordpress\/plugins\/seo\/ -->\n<title>Cazan industrial Trio Uni Plus - Altep<\/title>\n<meta name=\"robots\" content=\"index, follow, max-snippet:-1, max-image-preview:large, max-video-preview:-1\" \/>\n<link rel=\"canonical\" href=\"https:\/\/feroterm.ro\/altep\/produs\/cazan-industrial-trio-uni-plus\/\" \/>\n<meta property=\"og:locale\" content=\"ro_RO\" \/>\n<meta property=\"og:type\" content=\"article\" \/>\n<meta property=\"og:title\" content=\"Cazan industrial Trio Uni Plus - Altep\" \/>\n<meta property=\"og:description\" content=\"TRIO UNI \u2013 reglarea mecanica a procesului de ardere cu ajutorul m\u00e2nerului rotativ 14 \u2013 40 kW TRIO UNI Plus \u2013 reglarea electrica a func\u021biei cazanului cu PID 14 \u2013 65 kW - utilizarea tehnologiei de ardere superioara asigura o eficienta ridicata a cazanului, la un nivel care nu scade sub eficienta de 86 % - camera mare de ardere - gr\u0103tar de apa din fonta - adaptat din fabrica pentru instalarea sistemului de presurizare - sistem multi-punct de alimentare cu aer - reglarea u\u0219oar\u0103 a u\u0219ii - posibilitatea de instalarea a unui arz\u0103tor cu alimentare automata, autoaprindere \u0219i auto cur\u0103\u021bare\" \/>\n<meta property=\"og:url\" content=\"https:\/\/feroterm.ro\/altep\/produs\/cazan-industrial-trio-uni-plus\/\" \/>\n<meta property=\"og:site_name\" content=\"FEROTERM\" \/>\n<meta property=\"article:modified_time\" content=\"2025-04-07T12:34:22+00:00\" \/>\n<meta property=\"og:image\" content=\"https:\/\/feroterm.ro\/altep\/wp-content\/uploads\/2025\/04\/Trio-Uni-Plus.png\" \/>\n\t<meta property=\"og:image:width\" content=\"450\" \/>\n\t<meta property=\"og:image:height\" content=\"450\" \/>\n\t<meta property=\"og:image:type\" content=\"image\/png\" \/>\n<meta name=\"twitter:card\" content=\"summary_large_image\" \/>\n<meta name=\"twitter:label1\" content=\"Timp estimat pentru citire\" \/>\n\t<meta name=\"twitter:data1\" content=\"4 minute\" \/>\n<script type=\"application\/ld+json\" class=\"yoast-schema-graph\">{\"@context\":\"https:\/\/schema.org\",\"@graph\":[{\"@type\":\"WebPage\",\"@id\":\"https:\/\/feroterm.ro\/altep\/produs\/cazan-industrial-trio-uni-plus\/\",\"url\":\"https:\/\/feroterm.ro\/altep\/produs\/cazan-industrial-trio-uni-plus\/\",\"name\":\"Cazan industrial Trio Uni Plus - Altep\",\"isPartOf\":{\"@id\":\"https:\/\/feroterm.ro\/altep\/#website\"},\"primaryImageOfPage\":{\"@id\":\"https:\/\/feroterm.ro\/altep\/produs\/cazan-industrial-trio-uni-plus\/#primaryimage\"},\"image\":{\"@id\":\"https:\/\/feroterm.ro\/altep\/produs\/cazan-industrial-trio-uni-plus\/#primaryimage\"},\"thumbnailUrl\":\"https:\/\/feroterm.ro\/altep\/wp-content\/uploads\/2025\/04\/Trio-Uni-Plus.png\",\"datePublished\":\"2025-04-07T11:37:00+00:00\",\"dateModified\":\"2025-04-07T12:34:22+00:00\",\"breadcrumb\":{\"@id\":\"https:\/\/feroterm.ro\/altep\/produs\/cazan-industrial-trio-uni-plus\/#breadcrumb\"},\"inLanguage\":\"ro-RO\",\"potentialAction\":[{\"@type\":\"ReadAction\",\"target\":[\"https:\/\/feroterm.ro\/altep\/produs\/cazan-industrial-trio-uni-plus\/\"]}]},{\"@type\":\"ImageObject\",\"inLanguage\":\"ro-RO\",\"@id\":\"https:\/\/feroterm.ro\/altep\/produs\/cazan-industrial-trio-uni-plus\/#primaryimage\",\"url\":\"https:\/\/feroterm.ro\/altep\/wp-content\/uploads\/2025\/04\/Trio-Uni-Plus.png\",\"contentUrl\":\"https:\/\/feroterm.ro\/altep\/wp-content\/uploads\/2025\/04\/Trio-Uni-Plus.png\",\"width\":450,\"height\":450},{\"@type\":\"BreadcrumbList\",\"@id\":\"https:\/\/feroterm.ro\/altep\/produs\/cazan-industrial-trio-uni-plus\/#breadcrumb\",\"itemListElement\":[{\"@type\":\"ListItem\",\"position\":1,\"name\":\"Magazin\",\"item\":\"https:\/\/feroterm.ro\/altep\/magazin\/\"},{\"@type\":\"ListItem\",\"position\":2,\"name\":\"Cazan industrial Trio Uni Plus\"}]},{\"@type\":\"WebSite\",\"@id\":\"https:\/\/feroterm.ro\/altep\/#website\",\"url\":\"https:\/\/feroterm.ro\/altep\/\",\"name\":\"FEROTERM\",\"description\":\"Comercializam toata gama de cazane Altep\",\"publisher\":{\"@id\":\"https:\/\/feroterm.ro\/altep\/#organization\"},\"potentialAction\":[{\"@type\":\"SearchAction\",\"target\":{\"@type\":\"EntryPoint\",\"urlTemplate\":\"https:\/\/feroterm.ro\/altep\/?s={search_term_string}\"},\"query-input\":{\"@type\":\"PropertyValueSpecification\",\"valueRequired\":true,\"valueName\":\"search_term_string\"}}],\"inLanguage\":\"ro-RO\"},{\"@type\":\"Organization\",\"@id\":\"https:\/\/feroterm.ro\/altep\/#organization\",\"name\":\"FEROTERM\",\"url\":\"https:\/\/feroterm.ro\/altep\/\",\"logo\":{\"@type\":\"ImageObject\",\"inLanguage\":\"ro-RO\",\"@id\":\"https:\/\/feroterm.ro\/altep\/#\/schema\/logo\/image\/\",\"url\":\"https:\/\/feroterm.ro\/altep\/wp-content\/uploads\/2025\/04\/logo-feroterm.png\",\"contentUrl\":\"https:\/\/feroterm.ro\/altep\/wp-content\/uploads\/2025\/04\/logo-feroterm.png\",\"width\":346,\"height\":56,\"caption\":\"FEROTERM\"},\"image\":{\"@id\":\"https:\/\/feroterm.ro\/altep\/#\/schema\/logo\/image\/\"}}]}<\/script>\n<!-- \/ Yoast SEO Premium plugin. -->","yoast_head_json":{"title":"Cazan industrial Trio Uni Plus - Altep","robots":{"index":"index","follow":"follow","max-snippet":"max-snippet:-1","max-image-preview":"max-image-preview:large","max-video-preview":"max-video-preview:-1"},"canonical":"https:\/\/feroterm.ro\/altep\/produs\/cazan-industrial-trio-uni-plus\/","og_locale":"ro_RO","og_type":"article","og_title":"Cazan industrial Trio Uni Plus - Altep","og_description":"TRIO UNI \u2013 reglarea mecanica a procesului de ardere cu ajutorul m\u00e2nerului rotativ 14 \u2013 40 kW TRIO UNI Plus \u2013 reglarea electrica a func\u021biei cazanului cu PID 14 \u2013 65 kW - utilizarea tehnologiei de ardere superioara asigura o eficienta ridicata a cazanului, la un nivel care nu scade sub eficienta de 86 % - camera mare de ardere - gr\u0103tar de apa din fonta - adaptat din fabrica pentru instalarea sistemului de presurizare - sistem multi-punct de alimentare cu aer - reglarea u\u0219oar\u0103 a u\u0219ii - posibilitatea de instalarea a unui arz\u0103tor cu alimentare automata, autoaprindere \u0219i auto cur\u0103\u021bare","og_url":"https:\/\/feroterm.ro\/altep\/produs\/cazan-industrial-trio-uni-plus\/","og_site_name":"FEROTERM","article_modified_time":"2025-04-07T12:34:22+00:00","og_image":[{"width":450,"height":450,"url":"https:\/\/feroterm.ro\/altep\/wp-content\/uploads\/2025\/04\/Trio-Uni-Plus.png","type":"image\/png"}],"twitter_card":"summary_large_image","twitter_misc":{"Timp estimat pentru citire":"4 minute"},"schema":{"@context":"https:\/\/schema.org","@graph":[{"@type":"WebPage","@id":"https:\/\/feroterm.ro\/altep\/produs\/cazan-industrial-trio-uni-plus\/","url":"https:\/\/feroterm.ro\/altep\/produs\/cazan-industrial-trio-uni-plus\/","name":"Cazan industrial Trio Uni Plus - Altep","isPartOf":{"@id":"https:\/\/feroterm.ro\/altep\/#website"},"primaryImageOfPage":{"@id":"https:\/\/feroterm.ro\/altep\/produs\/cazan-industrial-trio-uni-plus\/#primaryimage"},"image":{"@id":"https:\/\/feroterm.ro\/altep\/produs\/cazan-industrial-trio-uni-plus\/#primaryimage"},"thumbnailUrl":"https:\/\/feroterm.ro\/altep\/wp-content\/uploads\/2025\/04\/Trio-Uni-Plus.png","datePublished":"2025-04-07T11:37:00+00:00","dateModified":"2025-04-07T12:34:22+00:00","breadcrumb":{"@id":"https:\/\/feroterm.ro\/altep\/produs\/cazan-industrial-trio-uni-plus\/#breadcrumb"},"inLanguage":"ro-RO","potentialAction":[{"@type":"ReadAction","target":["https:\/\/feroterm.ro\/altep\/produs\/cazan-industrial-trio-uni-plus\/"]}]},{"@type":"ImageObject","inLanguage":"ro-RO","@id":"https:\/\/feroterm.ro\/altep\/produs\/cazan-industrial-trio-uni-plus\/#primaryimage","url":"https:\/\/feroterm.ro\/altep\/wp-content\/uploads\/2025\/04\/Trio-Uni-Plus.png","contentUrl":"https:\/\/feroterm.ro\/altep\/wp-content\/uploads\/2025\/04\/Trio-Uni-Plus.png","width":450,"height":450},{"@type":"BreadcrumbList","@id":"https:\/\/feroterm.ro\/altep\/produs\/cazan-industrial-trio-uni-plus\/#breadcrumb","itemListElement":[{"@type":"ListItem","position":1,"name":"Magazin","item":"https:\/\/feroterm.ro\/altep\/magazin\/"},{"@type":"ListItem","position":2,"name":"Cazan industrial Trio Uni Plus"}]},{"@type":"WebSite","@id":"https:\/\/feroterm.ro\/altep\/#website","url":"https:\/\/feroterm.ro\/altep\/","name":"FEROTERM","description":"Comercializam toata gama de cazane Altep","publisher":{"@id":"https:\/\/feroterm.ro\/altep\/#organization"},"potentialAction":[{"@type":"SearchAction","target":{"@type":"EntryPoint","urlTemplate":"https:\/\/feroterm.ro\/altep\/?s={search_term_string}"},"query-input":{"@type":"PropertyValueSpecification","valueRequired":true,"valueName":"search_term_string"}}],"inLanguage":"ro-RO"},{"@type":"Organization","@id":"https:\/\/feroterm.ro\/altep\/#organization","name":"FEROTERM","url":"https:\/\/feroterm.ro\/altep\/","logo":{"@type":"ImageObject","inLanguage":"ro-RO","@id":"https:\/\/feroterm.ro\/altep\/#\/schema\/logo\/image\/","url":"https:\/\/feroterm.ro\/altep\/wp-content\/uploads\/2025\/04\/logo-feroterm.png","contentUrl":"https:\/\/feroterm.ro\/altep\/wp-content\/uploads\/2025\/04\/logo-feroterm.png","width":346,"height":56,"caption":"FEROTERM"},"image":{"@id":"https:\/\/feroterm.ro\/altep\/#\/schema\/logo\/image\/"}}]}},"_links":{"self":[{"href":"https:\/\/feroterm.ro\/altep\/wp-json\/wp\/v2\/product\/6676","targetHints":{"allow":["GET"]}}],"collection":[{"href":"https:\/\/feroterm.ro\/altep\/wp-json\/wp\/v2\/product"}],"about":[{"href":"https:\/\/feroterm.ro\/altep\/wp-json\/wp\/v2\/types\/product"}],"replies":[{"embeddable":true,"href":"https:\/\/feroterm.ro\/altep\/wp-json\/wp\/v2\/comments?post=6676"}],"wp:featuredmedia":[{"embeddable":true,"href":"https:\/\/feroterm.ro\/altep\/wp-json\/wp\/v2\/media\/6692"}],"wp:attachment":[{"href":"https:\/\/feroterm.ro\/altep\/wp-json\/wp\/v2\/media?parent=6676"}],"wp:term":[{"taxonomy":"product_brand","embeddable":true,"href":"https:\/\/feroterm.ro\/altep\/wp-json\/wp\/v2\/product_brand?post=6676"},{"taxonomy":"product_cat","embeddable":true,"href":"https:\/\/feroterm.ro\/altep\/wp-json\/wp\/v2\/product_cat?post=6676"},{"taxonomy":"product_tag","embeddable":true,"href":"https:\/\/feroterm.ro\/altep\/wp-json\/wp\/v2\/product_tag?post=6676"}],"curies":[{"name":"wp","href":"https:\/\/api.w.org\/{rel}","templated":true}]}}