{"id":6646,"date":"2025-04-07T11:20:42","date_gmt":"2025-04-07T11:20:42","guid":{"rendered":"https:\/\/feroterm.ro\/altep\/?post_type=product&#038;p=6646"},"modified":"2025-04-07T11:20:42","modified_gmt":"2025-04-07T11:20:42","slug":"cazan-industrial-altep-trio","status":"publish","type":"product","link":"https:\/\/feroterm.ro\/altep\/produs\/cazan-industrial-altep-trio\/","title":{"rendered":"Cazan industrial Altep TRIO"},"content":{"rendered":"<h3>\u00a0Cazane de \u00eenc\u0103lzire\u00a0<span>TRIO<\/span><\/h3>\n<p>Cazanele de \u00eenc\u0103lzire TRIO\u00a0 destinat \u00eenc\u0103lzirii caselor, spa\u021biilor industriale \u0219i a altor \u00eenc\u0103peri \u00eenzestrate cu sistem de \u00eenc\u0103lzire centralizata. Preg\u0103tirea \u0219i furnizarea de c\u0103ldur\u0103 pentru necesit\u0103\u021bile tehnologice care utilizeaz\u0103 drept combustibil lemn de foc, de\u0219euri lemnoase, c\u0103rbune, brichete din rumegu\u0219, coaj\u0103 de floarea soarelui, semin\u021be, paie, stuf \u0219i turba, ruf etc.<br \/>\nConstruc\u021bia cazanului permite cea mai eficienta utilizare a c\u0103ldurii generate de arderea diferitelor tipuri de combustibili solizi cu un con\u021binut sc\u0103zut de calorii,dar cea mai mare putere termica a cazanului este ob\u021binut\u0103 prin arderea antracitului.<br \/>\nTimpul de ardere \u00een urma unei singure \u00eenc\u0103rc\u0103ri al combustibilului depinde \u00een mod direct de calitatea acestuia \u0219i pierderii de c\u0103ldur\u0103 a imobilului \u00eenc\u0103lzit. Exploatarea cazanului se face numai prin alimentarea acestuia \u00een regim manual.<\/p>\n<h4>\u00a0\u00a0\u00a0\u00a0Caracteristicile cazanului<\/h4>\n<p>Carcasa cazanului Altep TRIO este fabricat\u0103 din o\u021bel certificat de \u00eenalt\u0103 calitate, cu o grosime de 6 mm pe cele casnice \u0219i de 8mm pe cazanele industriale de putere mare, ceea ce garanteaz\u0103 o fiabilitate ridicat\u0103 \u0219i o lung\u0103 durata de viata a cazanului.<\/p>\n<p>Pentru a proteja \u00eempotriva pierderilor, pe suprafa\u021ba exterioar\u0103\u00a0 a cazanului, sub carcasa decorativa avem un strat de material izolant termic. Carcasa \u00eens\u0103\u0219i este realizata din tabla de o\u021bel, acoperit\u0103 cu un strat de vopsea polimerica, at\u00e2t pe exterior, c\u00e2t \u0219i pe interior.<br \/>\nU\u0219ile cazanelor au paravane reglabile \u0219i un cablu de etan\u0219are, care garanteaz\u0103 o fixare str\u00e2ns\u0103 a u\u0219ii pe corpul cazanului, astfel evit\u00e2nd p\u0103trunderea gazelor arse \u00een casa \u0219i asigur\u00e2ndu etan\u0219eitatea completa a camerei de ardere.<br \/>\nCazanele pe combustibil solid TRIO sunt livrate cu doua turbine \u0219i blocul de comanda. Aceste accesorii va permit sa controla\u021bi regimul de func\u021bionare automat\u0103 a cazanului.<br \/>\nPe p\u0103r\u021bile laterale ale cazanului sunt montate dou\u0103 m\u0103nere speciale pentru reglarea aliment\u0103rii cu aer \u00een\u00a0cazan. Aerul este furnizat prin ni\u0219te duze situate direct \u00een cuptor. O astfel de alimentare cu aer permite arderea combustibilului \u00een straturi, \u00eentr-un regim econom.<br \/>\nPartea de convec\u021bie a cazanului este format\u0103 din schimb\u0103torul de c\u0103ldur\u0103 combinat dintr-un raft superior orizontal \u0219i f\u00e2nt\u00e2nile verticale. Schimb\u0103torul de c\u0103ldur\u0103 este situat \u00een spatele camerei de ardere a cazanului.<br \/>\nCazanul TRIO are o camera de ardere de dimensiuni semnificative, ceea ce face posibila o ardere \u00eendelungat\u0103 \u00een urma unei singure alimentari cu combustibil.<br \/>\n\u00cen partea de jos a camerei de ardere este a\u0219ezat gr\u0103tarul din fonta prin care circula apa. Pe gr\u0103tar este a\u0219ezat combustibilul solid. Gr\u0103tarul este realizat din \u021bevi groase monolit, f\u0103r\u0103 a fi sudate \u00eentre ele, prin care circula apa \u00een mod constant.<br \/>\nGazele arse sunt evacuate prin gura de evacuare de forma p\u0103trata, situat\u0103 \u00een partea din spate a cazanului.<br \/>\nUn coeficient mare al eficientei cazanului \u0219i posibilitatea arderii diferitelor feluri de combustibil solid, ne permite sa consider\u0103m aceste cazane drept o alternativa profitabil\u0103 \u0219i sigur\u0103 pentru cazanele tradi\u021bionale pe gaz \u0219i combustibili lichizi.<\/p>\n<div class=\"justify-content-center row\">\n<div class=\"col-auto\">\n<table class=\"table table-hover table-responsive\">\n<thead class=\"thead-dark\">\n<tr>\n<th>Parametri<\/th>\n<th><abbr title=\"Unitate de m\u0103sur\u0103\">U.M.<\/abbr><\/th>\n<th colspan=\"9\">TRIO<\/th>\n<\/tr>\n<\/thead>\n<tbody>\n<tr>\n<th>Puterea nominal\u0103 a cazanului<\/th>\n<td>kW<\/td>\n<td>80<\/td>\n<td>97<\/td>\n<td>125<\/td>\n<td>150<\/td>\n<td>200<\/td>\n<td>250<\/td>\n<td>300<\/td>\n<td>400<\/td>\n<td>500<\/td>\n<\/tr>\n<tr>\n<th>Suprafa\u021ba schimb\u0103torului de c\u0103ldur\u0103<\/th>\n<td>m2<\/td>\n<td>6,7<\/td>\n<td>7,5<\/td>\n<td>11,9<\/td>\n<td>13,0<\/td>\n<td>16,5<\/td>\n<td>21,3<\/td>\n<td>24,6<\/td>\n<td>26,7<\/td>\n<td>35,8<\/td>\n<\/tr>\n<\/tbody>\n<thead class=\"thead-dark\">\n<tr>\n<th colspan=\"11\">Dimensiuni camera de ardere<\/th>\n<\/tr>\n<\/thead>\n<tbody>\n<tr>\n<th>Ad\u00e2ncime<\/th>\n<td>mm<\/td>\n<td>540<\/td>\n<td>640<\/td>\n<td>690<\/td>\n<td>790<\/td>\n<td>790<\/td>\n<td>830<\/td>\n<td>920<\/td>\n<td>1010<\/td>\n<td>1300<\/td>\n<\/tr>\n<tr>\n<th>Volum<\/th>\n<td>dm3<\/td>\n<td>282<\/td>\n<td>362<\/td>\n<td>431<\/td>\n<td>520<\/td>\n<td>700<\/td>\n<td>914<\/td>\n<td>1167<\/td>\n<td>1430<\/td>\n<td>2151<\/td>\n<\/tr>\n<tr>\n<th>Volumul apei din cazan<\/th>\n<td>l<\/td>\n<td>260<\/td>\n<td>340<\/td>\n<td>500<\/td>\n<td>560<\/td>\n<td>670<\/td>\n<td>790<\/td>\n<td>1130<\/td>\n<td>1260<\/td>\n<td>1550<\/td>\n<\/tr>\n<tr>\n<th>Greutatea cazanului f\u0103r\u0103 ap\u0103<\/th>\n<td>kg<\/td>\n<td>910<\/td>\n<td>1050<\/td>\n<td>1520<\/td>\n<td>1630<\/td>\n<td>2000<\/td>\n<td>2300<\/td>\n<td>2920<\/td>\n<td>3340<\/td>\n<td>4100<\/td>\n<\/tr>\n<tr>\n<th>Temperatura gazelor arse<\/th>\n<td>\u00b0C<\/td>\n<td colspan=\"9\">100-180<\/td>\n<\/tr>\n<tr>\n<th>Temperatura min. a apei recomandata<\/th>\n<td>\u00b0C<\/td>\n<td colspan=\"9\">58<\/td>\n<\/tr>\n<tr>\n<th>temperatura max. apa<\/th>\n<td>\u00b0C<\/td>\n<td colspan=\"9\">90<\/td>\n<\/tr>\n<tr>\n<th>Presiunea nominal\u0103 a apei<\/th>\n<td>\u041cPa<\/td>\n<td colspan=\"9\">0,20<\/td>\n<\/tr>\n<tr class=\"rov-12\">\n<th>Consum energie electrica, max.<\/th>\n<td>W<\/td>\n<td>210<\/td>\n<td>210<\/td>\n<td>210<\/td>\n<td>210<\/td>\n<td>320<\/td>\n<td>490<\/td>\n<td>490<\/td>\n<td>810<\/td>\n<td>840<\/td>\n<\/tr>\n<tr>\n<th>Diametrul extern gura evacuare<\/th>\n<td>mm<\/td>\n<td>245<\/td>\n<td>299<\/td>\n<td>299<\/td>\n<td>299<\/td>\n<td>348<\/td>\n<td>398<\/td>\n<td>448<\/td>\n<td>498<\/td>\n<td>548<\/td>\n<\/tr>\n<tr>\n<th>Diametrul \u021bevilor conexiune re\u021bea apa<\/th>\n<td>mm<\/td>\n<td>65<\/td>\n<td>65<\/td>\n<td>80<\/td>\n<td>80<\/td>\n<td>100<\/td>\n<td>100<\/td>\n<td>125<\/td>\n<td>125<\/td>\n<td>125<\/td>\n<\/tr>\n<\/tbody>\n<thead class=\"thead-dark\">\n<tr>\n<th colspan=\"11\">Parametri recomanda\u021bi burlan<\/th>\n<\/tr>\n<\/thead>\n<tbody>\n<tr>\n<th>Sec\u021biunea transversal\u0103<\/th>\n<td>cm2<\/td>\n<td>483<\/td>\n<td>702<\/td>\n<td>702<\/td>\n<td>702<\/td>\n<td>962<\/td>\n<td>1256<\/td>\n<td>1520<\/td>\n<td>1885<\/td>\n<td>2380<\/td>\n<\/tr>\n<tr>\n<th>Diametrul extern<\/th>\n<td>mm<\/td>\n<td>250<\/td>\n<td>300<\/td>\n<td>300<\/td>\n<td>300<\/td>\n<td>350<\/td>\n<td>400<\/td>\n<td>450<\/td>\n<td>500<\/td>\n<td>550<\/td>\n<\/tr>\n<tr>\n<th>\u00cen\u0103l\u021bime (minim permisa)<\/th>\n<td>m<\/td>\n<td>8<\/td>\n<td>8<\/td>\n<td>9<\/td>\n<td>10<\/td>\n<td>11<\/td>\n<td>11<\/td>\n<td>11<\/td>\n<td>12<\/td>\n<td>14<\/td>\n<\/tr>\n<tr>\n<th>Diametru \u021bevii de sub siguran\u021bele supapei<\/th>\n<td>mm<\/td>\n<td>25<\/td>\n<td>25<\/td>\n<td>40<\/td>\n<td>40<\/td>\n<td>50<\/td>\n<td>50<\/td>\n<td>50<\/td>\n<td>2\u00d750<\/td>\n<td>2\u00d750<\/td>\n<\/tr>\n<\/tbody>\n<\/table>\n<\/div>\n<\/div>\n","protected":false},"excerpt":{"rendered":"<p>Cazanele industriale cu combustibil solid sunt concepute pentru a \u00eenc\u0103lzi o varietate de instala\u021bii, instalate \u00een cazane fixe \u0219i transportabile. Cazanele de ardere de lung\u0103 durat\u0103, din o\u021bel de \u00eenalt\u0103 calitate de 6-8 mm grosime, gr\u0103tar umplut cu ap\u0103 \u0219i sistem de alimentare cu aer multicanal, sunt capabile s\u0103 func\u021bioneze pe toate tipurile de combustibili solizi cunoscu\u021bi.<\/p>\n","protected":false},"featured_media":6652,"comment_status":"open","ping_status":"closed","template":"","meta":[],"product_brand":[],"product_cat":[54],"product_tag":[],"class_list":{"0":"post-6646","1":"product","2":"type-product","3":"status-publish","4":"has-post-thumbnail","6":"product_cat-centrale-si-cazane-industriale","8":"first","9":"instock","10":"shipping-taxable","11":"purchasable","12":"product-type-variable"},"yoast_head":"<!-- This site is optimized with the Yoast SEO Premium plugin v21.2 (Yoast SEO v24.8.1) - https:\/\/yoast.com\/wordpress\/plugins\/seo\/ -->\n<title>Cazan industrial Altep TRIO - Altep<\/title>\n<meta name=\"robots\" content=\"index, follow, max-snippet:-1, max-image-preview:large, max-video-preview:-1\" \/>\n<link rel=\"canonical\" href=\"https:\/\/feroterm.ro\/altep\/produs\/cazan-industrial-altep-trio\/\" \/>\n<meta property=\"og:locale\" content=\"ro_RO\" \/>\n<meta property=\"og:type\" content=\"article\" \/>\n<meta property=\"og:title\" content=\"Cazan industrial Altep TRIO - Altep\" \/>\n<meta property=\"og:description\" content=\"Cazanele industriale cu combustibil solid sunt concepute pentru a \u00eenc\u0103lzi o varietate de instala\u021bii, instalate \u00een cazane fixe \u0219i transportabile. Cazanele de ardere de lung\u0103 durat\u0103, din o\u021bel de \u00eenalt\u0103 calitate de 6-8 mm grosime, gr\u0103tar umplut cu ap\u0103 \u0219i sistem de alimentare cu aer multicanal, sunt capabile s\u0103 func\u021bioneze pe toate tipurile de combustibili solizi cunoscu\u021bi.\" \/>\n<meta property=\"og:url\" content=\"https:\/\/feroterm.ro\/altep\/produs\/cazan-industrial-altep-trio\/\" \/>\n<meta property=\"og:site_name\" content=\"FEROTERM\" \/>\n<meta property=\"og:image\" content=\"https:\/\/feroterm.ro\/altep\/wp-content\/uploads\/2025\/04\/TRIO.png\" \/>\n\t<meta property=\"og:image:width\" content=\"1024\" \/>\n\t<meta property=\"og:image:height\" content=\"1024\" \/>\n\t<meta property=\"og:image:type\" content=\"image\/png\" \/>\n<meta name=\"twitter:card\" content=\"summary_large_image\" \/>\n<meta name=\"twitter:label1\" content=\"Timp estimat pentru citire\" \/>\n\t<meta name=\"twitter:data1\" content=\"4 minute\" \/>\n<script type=\"application\/ld+json\" class=\"yoast-schema-graph\">{\"@context\":\"https:\/\/schema.org\",\"@graph\":[{\"@type\":\"WebPage\",\"@id\":\"https:\/\/feroterm.ro\/altep\/produs\/cazan-industrial-altep-trio\/\",\"url\":\"https:\/\/feroterm.ro\/altep\/produs\/cazan-industrial-altep-trio\/\",\"name\":\"Cazan industrial Altep TRIO - Altep\",\"isPartOf\":{\"@id\":\"https:\/\/feroterm.ro\/altep\/#website\"},\"primaryImageOfPage\":{\"@id\":\"https:\/\/feroterm.ro\/altep\/produs\/cazan-industrial-altep-trio\/#primaryimage\"},\"image\":{\"@id\":\"https:\/\/feroterm.ro\/altep\/produs\/cazan-industrial-altep-trio\/#primaryimage\"},\"thumbnailUrl\":\"https:\/\/feroterm.ro\/altep\/wp-content\/uploads\/2025\/04\/TRIO.png\",\"datePublished\":\"2025-04-07T11:20:42+00:00\",\"breadcrumb\":{\"@id\":\"https:\/\/feroterm.ro\/altep\/produs\/cazan-industrial-altep-trio\/#breadcrumb\"},\"inLanguage\":\"ro-RO\",\"potentialAction\":[{\"@type\":\"ReadAction\",\"target\":[\"https:\/\/feroterm.ro\/altep\/produs\/cazan-industrial-altep-trio\/\"]}]},{\"@type\":\"ImageObject\",\"inLanguage\":\"ro-RO\",\"@id\":\"https:\/\/feroterm.ro\/altep\/produs\/cazan-industrial-altep-trio\/#primaryimage\",\"url\":\"https:\/\/feroterm.ro\/altep\/wp-content\/uploads\/2025\/04\/TRIO.png\",\"contentUrl\":\"https:\/\/feroterm.ro\/altep\/wp-content\/uploads\/2025\/04\/TRIO.png\",\"width\":1024,\"height\":1024},{\"@type\":\"BreadcrumbList\",\"@id\":\"https:\/\/feroterm.ro\/altep\/produs\/cazan-industrial-altep-trio\/#breadcrumb\",\"itemListElement\":[{\"@type\":\"ListItem\",\"position\":1,\"name\":\"Magazin\",\"item\":\"https:\/\/feroterm.ro\/altep\/magazin\/\"},{\"@type\":\"ListItem\",\"position\":2,\"name\":\"Cazan industrial Altep TRIO\"}]},{\"@type\":\"WebSite\",\"@id\":\"https:\/\/feroterm.ro\/altep\/#website\",\"url\":\"https:\/\/feroterm.ro\/altep\/\",\"name\":\"FEROTERM\",\"description\":\"Comercializam toata gama de cazane Altep\",\"publisher\":{\"@id\":\"https:\/\/feroterm.ro\/altep\/#organization\"},\"potentialAction\":[{\"@type\":\"SearchAction\",\"target\":{\"@type\":\"EntryPoint\",\"urlTemplate\":\"https:\/\/feroterm.ro\/altep\/?s={search_term_string}\"},\"query-input\":{\"@type\":\"PropertyValueSpecification\",\"valueRequired\":true,\"valueName\":\"search_term_string\"}}],\"inLanguage\":\"ro-RO\"},{\"@type\":\"Organization\",\"@id\":\"https:\/\/feroterm.ro\/altep\/#organization\",\"name\":\"FEROTERM\",\"url\":\"https:\/\/feroterm.ro\/altep\/\",\"logo\":{\"@type\":\"ImageObject\",\"inLanguage\":\"ro-RO\",\"@id\":\"https:\/\/feroterm.ro\/altep\/#\/schema\/logo\/image\/\",\"url\":\"https:\/\/feroterm.ro\/altep\/wp-content\/uploads\/2025\/04\/logo-feroterm.png\",\"contentUrl\":\"https:\/\/feroterm.ro\/altep\/wp-content\/uploads\/2025\/04\/logo-feroterm.png\",\"width\":346,\"height\":56,\"caption\":\"FEROTERM\"},\"image\":{\"@id\":\"https:\/\/feroterm.ro\/altep\/#\/schema\/logo\/image\/\"}}]}<\/script>\n<!-- \/ Yoast SEO Premium plugin. -->","yoast_head_json":{"title":"Cazan industrial Altep TRIO - Altep","robots":{"index":"index","follow":"follow","max-snippet":"max-snippet:-1","max-image-preview":"max-image-preview:large","max-video-preview":"max-video-preview:-1"},"canonical":"https:\/\/feroterm.ro\/altep\/produs\/cazan-industrial-altep-trio\/","og_locale":"ro_RO","og_type":"article","og_title":"Cazan industrial Altep TRIO - Altep","og_description":"Cazanele industriale cu combustibil solid sunt concepute pentru a \u00eenc\u0103lzi o varietate de instala\u021bii, instalate \u00een cazane fixe \u0219i transportabile. Cazanele de ardere de lung\u0103 durat\u0103, din o\u021bel de \u00eenalt\u0103 calitate de 6-8 mm grosime, gr\u0103tar umplut cu ap\u0103 \u0219i sistem de alimentare cu aer multicanal, sunt capabile s\u0103 func\u021bioneze pe toate tipurile de combustibili solizi cunoscu\u021bi.","og_url":"https:\/\/feroterm.ro\/altep\/produs\/cazan-industrial-altep-trio\/","og_site_name":"FEROTERM","og_image":[{"width":1024,"height":1024,"url":"https:\/\/feroterm.ro\/altep\/wp-content\/uploads\/2025\/04\/TRIO.png","type":"image\/png"}],"twitter_card":"summary_large_image","twitter_misc":{"Timp estimat pentru citire":"4 minute"},"schema":{"@context":"https:\/\/schema.org","@graph":[{"@type":"WebPage","@id":"https:\/\/feroterm.ro\/altep\/produs\/cazan-industrial-altep-trio\/","url":"https:\/\/feroterm.ro\/altep\/produs\/cazan-industrial-altep-trio\/","name":"Cazan industrial Altep TRIO - Altep","isPartOf":{"@id":"https:\/\/feroterm.ro\/altep\/#website"},"primaryImageOfPage":{"@id":"https:\/\/feroterm.ro\/altep\/produs\/cazan-industrial-altep-trio\/#primaryimage"},"image":{"@id":"https:\/\/feroterm.ro\/altep\/produs\/cazan-industrial-altep-trio\/#primaryimage"},"thumbnailUrl":"https:\/\/feroterm.ro\/altep\/wp-content\/uploads\/2025\/04\/TRIO.png","datePublished":"2025-04-07T11:20:42+00:00","breadcrumb":{"@id":"https:\/\/feroterm.ro\/altep\/produs\/cazan-industrial-altep-trio\/#breadcrumb"},"inLanguage":"ro-RO","potentialAction":[{"@type":"ReadAction","target":["https:\/\/feroterm.ro\/altep\/produs\/cazan-industrial-altep-trio\/"]}]},{"@type":"ImageObject","inLanguage":"ro-RO","@id":"https:\/\/feroterm.ro\/altep\/produs\/cazan-industrial-altep-trio\/#primaryimage","url":"https:\/\/feroterm.ro\/altep\/wp-content\/uploads\/2025\/04\/TRIO.png","contentUrl":"https:\/\/feroterm.ro\/altep\/wp-content\/uploads\/2025\/04\/TRIO.png","width":1024,"height":1024},{"@type":"BreadcrumbList","@id":"https:\/\/feroterm.ro\/altep\/produs\/cazan-industrial-altep-trio\/#breadcrumb","itemListElement":[{"@type":"ListItem","position":1,"name":"Magazin","item":"https:\/\/feroterm.ro\/altep\/magazin\/"},{"@type":"ListItem","position":2,"name":"Cazan industrial Altep TRIO"}]},{"@type":"WebSite","@id":"https:\/\/feroterm.ro\/altep\/#website","url":"https:\/\/feroterm.ro\/altep\/","name":"FEROTERM","description":"Comercializam toata gama de cazane Altep","publisher":{"@id":"https:\/\/feroterm.ro\/altep\/#organization"},"potentialAction":[{"@type":"SearchAction","target":{"@type":"EntryPoint","urlTemplate":"https:\/\/feroterm.ro\/altep\/?s={search_term_string}"},"query-input":{"@type":"PropertyValueSpecification","valueRequired":true,"valueName":"search_term_string"}}],"inLanguage":"ro-RO"},{"@type":"Organization","@id":"https:\/\/feroterm.ro\/altep\/#organization","name":"FEROTERM","url":"https:\/\/feroterm.ro\/altep\/","logo":{"@type":"ImageObject","inLanguage":"ro-RO","@id":"https:\/\/feroterm.ro\/altep\/#\/schema\/logo\/image\/","url":"https:\/\/feroterm.ro\/altep\/wp-content\/uploads\/2025\/04\/logo-feroterm.png","contentUrl":"https:\/\/feroterm.ro\/altep\/wp-content\/uploads\/2025\/04\/logo-feroterm.png","width":346,"height":56,"caption":"FEROTERM"},"image":{"@id":"https:\/\/feroterm.ro\/altep\/#\/schema\/logo\/image\/"}}]}},"_links":{"self":[{"href":"https:\/\/feroterm.ro\/altep\/wp-json\/wp\/v2\/product\/6646","targetHints":{"allow":["GET"]}}],"collection":[{"href":"https:\/\/feroterm.ro\/altep\/wp-json\/wp\/v2\/product"}],"about":[{"href":"https:\/\/feroterm.ro\/altep\/wp-json\/wp\/v2\/types\/product"}],"replies":[{"embeddable":true,"href":"https:\/\/feroterm.ro\/altep\/wp-json\/wp\/v2\/comments?post=6646"}],"wp:featuredmedia":[{"embeddable":true,"href":"https:\/\/feroterm.ro\/altep\/wp-json\/wp\/v2\/media\/6652"}],"wp:attachment":[{"href":"https:\/\/feroterm.ro\/altep\/wp-json\/wp\/v2\/media?parent=6646"}],"wp:term":[{"taxonomy":"product_brand","embeddable":true,"href":"https:\/\/feroterm.ro\/altep\/wp-json\/wp\/v2\/product_brand?post=6646"},{"taxonomy":"product_cat","embeddable":true,"href":"https:\/\/feroterm.ro\/altep\/wp-json\/wp\/v2\/product_cat?post=6646"},{"taxonomy":"product_tag","embeddable":true,"href":"https:\/\/feroterm.ro\/altep\/wp-json\/wp\/v2\/product_tag?post=6646"}],"curies":[{"name":"wp","href":"https:\/\/api.w.org\/{rel}","templated":true}]}}