{"id":6635,"date":"2025-04-07T11:13:43","date_gmt":"2025-04-07T11:13:43","guid":{"rendered":"https:\/\/feroterm.ro\/altep\/?post_type=product&#038;p=6635"},"modified":"2025-04-07T11:15:39","modified_gmt":"2025-04-07T11:15:39","slug":"cazan-altep-mega","status":"publish","type":"product","link":"https:\/\/feroterm.ro\/altep\/produs\/cazan-altep-mega\/","title":{"rendered":"Cazan Altep Mega"},"content":{"rendered":"<h3>Mega<\/h3>\n<p>Cazane de \u00eenc\u0103lzire industrial\u0103 cu tub cald, de tip MEGA &#8211; o combustie de lung\u0103 durat\u0103, care func\u021bioneaz\u0103 \u00een modurile de \u00eenc\u0103rcare manual\u0103 a combustibilului \u0219i a combustibilului. Sunt instalate \u00een cazane transportabile \u0219i sta\u021bionare cu sisteme \u00eenchise de alimentare cu c\u0103ldur\u0103. Gama de putere: 600-1500 kW. Schimb\u0103torul de c\u0103ldur\u0103 al cazanului este c\u0103ptu\u0219it cu piatr\u0103 \u0219amot\u0103.<\/p>\n<p>Cazanul este echipat cu un gr\u0103tar din font\u0103, cu o suprafa\u021b\u0103 mare, care asigur\u0103 o combustie uniform\u0103 a combustibilului la diferite niveluri de umiditate. Cazanele func\u021bioneaz\u0103 la presiune ridicat\u0103 &#8211; p\u00e2n\u0103 la 3 bar, ceea ce permite instalarea echipamentelor \u00een sisteme de \u00eenalt\u0103 presiune a lichidului de r\u0103cire. Temperatura cazanului MEGA este reglat\u0103 de microprocesor sub forma unei unit\u0103\u021bi de control PID.<\/p>\n<p>Pentru a pune \u00een func\u021biune cazanul \u00een modul automat de alimentare cu combustibil, este necesar s\u0103 instala\u021bi suplimentar u\u0219a sub arz\u0103torul cu pele\u021bi, arz\u0103torul \u00een sine \u0219i bunc\u0103rul de combustibil.<\/p>\n<table class=\"table table-hover\">\n<thead class=\"thead-dark\">\n<tr>\n<th>Parametri<\/th>\n<th><abbr title=\"Unitate de m\u0103sur\u0103\">U.M.<\/abbr><\/th>\n<th>600 kW<\/th>\n<th>800 kW<\/th>\n<th>1000 kW<\/th>\n<th>1200 kW<\/th>\n<th>1500 kW<\/th>\n<\/tr>\n<\/thead>\n<tbody>\n<tr>\n<th>Suprafa\u021ba schimb\u0103torului de c\u0103ldur\u0103<\/th>\n<td>m\u00b2<\/td>\n<td>49<\/td>\n<td>60<\/td>\n<td>75<\/td>\n<td>86<\/td>\n<td>98<\/td>\n<\/tr>\n<\/tbody>\n<thead class=\"thead-dark\">\n<tr>\n<th colspan=\"7\">M\u0103rimea camerei de ardere<\/th>\n<\/tr>\n<\/thead>\n<tbody>\n<tr>\n<th>Ad\u00e2ncime<\/th>\n<td>mm<\/td>\n<td>1380<\/td>\n<td>1860<\/td>\n<td>1860<\/td>\n<td>2340<\/td>\n<td>2820<\/td>\n<\/tr>\n<tr>\n<th>Volum<\/th>\n<td>m\u00b3<\/td>\n<td>2,23<\/td>\n<td>3,01<\/td>\n<td>3,01<\/td>\n<td>3,79<\/td>\n<td>4,57<\/td>\n<\/tr>\n<tr>\n<th>Volumul apei \u00een cazan<\/th>\n<td>m\u00b3<\/td>\n<td>1,9<\/td>\n<td>2,3<\/td>\n<td>2,8<\/td>\n<td>3,4<\/td>\n<td>4,0<\/td>\n<\/tr>\n<tr>\n<th>Greutatea cazanului, f\u0103r\u0103 apa<\/th>\n<td>kg<\/td>\n<td>4500<\/td>\n<td>5200<\/td>\n<td>5850<\/td>\n<td>6700<\/td>\n<td>7600<\/td>\n<\/tr>\n<tr>\n<th>Temperatura gazelor arse<\/th>\n<td>\u00b0C<\/td>\n<td>100-180<\/td>\n<td>100-180<\/td>\n<td>100-180<\/td>\n<td>100-180<\/td>\n<td>100-180<\/td>\n<\/tr>\n<tr>\n<th>Temperatura min recomandata a apei<\/th>\n<td>\u00b0C<\/td>\n<td>58<\/td>\n<td>58<\/td>\n<td>58<\/td>\n<td>58<\/td>\n<td>58<\/td>\n<\/tr>\n<tr>\n<th>Temperatura maxima a apei<\/th>\n<td>\u00b0C<\/td>\n<td>85<\/td>\n<td>85<\/td>\n<td>85<\/td>\n<td>85<\/td>\n<td>85<\/td>\n<\/tr>\n<tr>\n<th>Presiunea normala a apei<\/th>\n<td>mPa<\/td>\n<td>0,3<\/td>\n<td>0,3<\/td>\n<td>0,3<\/td>\n<td>0,3<\/td>\n<td>0,3<\/td>\n<\/tr>\n<tr>\n<th>Consum curent electric, max<\/th>\n<td>Wt<\/td>\n<td>1110<\/td>\n<td>1110<\/td>\n<td>1110<\/td>\n<td>1660<\/td>\n<td>1660<\/td>\n<\/tr>\n<tr>\n<th>Dimensiuni extern burlan<\/th>\n<td>mm<\/td>\n<td>450<\/td>\n<td>450<\/td>\n<td>500<\/td>\n<td>600<\/td>\n<td>600<\/td>\n<\/tr>\n<tr>\n<th>Diametrul \u021bevilor re\u021belei de apa (Du)<\/th>\n<td>mm<\/td>\n<td>125(Fl)<\/td>\n<td>125(Fl)<\/td>\n<td>125(Fl)<\/td>\n<td>150(Fl)<\/td>\n<td>150(Fl)<\/td>\n<\/tr>\n<\/tbody>\n<thead class=\"thead-dark\">\n<tr>\n<th colspan=\"7\">Dimensiuni burlan<\/th>\n<\/tr>\n<\/thead>\n<tbody>\n<tr>\n<th>Sec\u021biunea transversala<\/th>\n<td>\u0441m\u00b2<\/td>\n<td>1590<\/td>\n<td>1590<\/td>\n<td>1970<\/td>\n<td>2830<\/td>\n<td>2830<\/td>\n<\/tr>\n<tr>\n<th>diametru intern<\/th>\n<td>mm<\/td>\n<td>450<\/td>\n<td>450<\/td>\n<td>500<\/td>\n<td>600<\/td>\n<td>600<\/td>\n<\/tr>\n<tr>\n<th>\u00cen\u0103l\u021bime (min admisa)<\/th>\n<td>m<\/td>\n<td>16<\/td>\n<td>22<\/td>\n<td>24<\/td>\n<td>24<\/td>\n<td>30<\/td>\n<\/tr>\n<tr>\n<th>Diametrul \u021bevii de sub siguran\u021bele supapei (Du)<\/th>\n<td>mm<\/td>\n<td>2\u00d750(Fl)<\/td>\n<td>2\u00d750(Fl)<\/td>\n<td>2\u00d765(Fl)<\/td>\n<td>2\u00d765(Fl)<\/td>\n<td>2\u00d765(Fl)<\/td>\n<\/tr>\n<\/tbody>\n<\/table>\n","protected":false},"excerpt":{"rendered":"<p>MEGA \u2013 cazan universal pentru \u00eenc\u0103lzirea spatiilor industriale pe combustibili solizi cu alimentare manuala a combustibilului<br \/>\n&#8211; gama larga de putere<br \/>\n&#8211; volum mare a camerei de ardere<br \/>\n&#8211; grila din \u021bevi de fonta<br \/>\n&#8211; sistem cu alimentare are multi-punct<br \/>\n&#8211; reglarea u\u0219ilor cazanului<br \/>\n&#8211; posibilitatea de instalare a evacu\u0103rii cenu\u0219ii \u00een mod automat<br \/>\n&#8211; posibilitatea de instalare pe cazan a unui arz\u0103tor cu aprindere automata<\/p>\n","protected":false},"featured_media":6639,"comment_status":"open","ping_status":"closed","template":"","meta":[],"product_brand":[],"product_cat":[54],"product_tag":[],"class_list":{"0":"post-6635","1":"product","2":"type-product","3":"status-publish","4":"has-post-thumbnail","6":"product_cat-centrale-si-cazane-industriale","8":"first","9":"instock","10":"shipping-taxable","11":"purchasable","12":"product-type-variable"},"yoast_head":"<!-- This site is optimized with the Yoast SEO Premium plugin v21.2 (Yoast SEO v24.8.1) - https:\/\/yoast.com\/wordpress\/plugins\/seo\/ -->\n<title>Cazan Altep Mega - Altep<\/title>\n<meta name=\"robots\" content=\"index, follow, max-snippet:-1, max-image-preview:large, max-video-preview:-1\" \/>\n<link rel=\"canonical\" href=\"https:\/\/feroterm.ro\/altep\/produs\/cazan-altep-mega\/\" \/>\n<meta property=\"og:locale\" content=\"ro_RO\" \/>\n<meta property=\"og:type\" content=\"article\" \/>\n<meta property=\"og:title\" content=\"Cazan Altep Mega - Altep\" \/>\n<meta property=\"og:description\" content=\"MEGA \u2013 cazan universal pentru \u00eenc\u0103lzirea spatiilor industriale pe combustibili solizi cu alimentare manuala a combustibilului - gama larga de putere - volum mare a camerei de ardere - grila din \u021bevi de fonta - sistem cu alimentare are multi-punct - reglarea u\u0219ilor cazanului - posibilitatea de instalare a evacu\u0103rii cenu\u0219ii \u00een mod automat - posibilitatea de instalare pe cazan a unui arz\u0103tor cu aprindere automata\" \/>\n<meta property=\"og:url\" content=\"https:\/\/feroterm.ro\/altep\/produs\/cazan-altep-mega\/\" \/>\n<meta property=\"og:site_name\" content=\"FEROTERM\" \/>\n<meta property=\"article:modified_time\" content=\"2025-04-07T11:15:39+00:00\" \/>\n<meta property=\"og:image\" content=\"https:\/\/feroterm.ro\/altep\/wp-content\/uploads\/2025\/04\/Mega-600-kW.png\" \/>\n\t<meta property=\"og:image:width\" content=\"450\" \/>\n\t<meta property=\"og:image:height\" content=\"450\" \/>\n\t<meta property=\"og:image:type\" content=\"image\/png\" \/>\n<meta name=\"twitter:card\" content=\"summary_large_image\" \/>\n<meta name=\"twitter:label1\" content=\"Timp estimat pentru citire\" \/>\n\t<meta name=\"twitter:data1\" content=\"2 minute\" \/>\n<script type=\"application\/ld+json\" class=\"yoast-schema-graph\">{\"@context\":\"https:\/\/schema.org\",\"@graph\":[{\"@type\":\"WebPage\",\"@id\":\"https:\/\/feroterm.ro\/altep\/produs\/cazan-altep-mega\/\",\"url\":\"https:\/\/feroterm.ro\/altep\/produs\/cazan-altep-mega\/\",\"name\":\"Cazan Altep Mega - Altep\",\"isPartOf\":{\"@id\":\"https:\/\/feroterm.ro\/altep\/#website\"},\"primaryImageOfPage\":{\"@id\":\"https:\/\/feroterm.ro\/altep\/produs\/cazan-altep-mega\/#primaryimage\"},\"image\":{\"@id\":\"https:\/\/feroterm.ro\/altep\/produs\/cazan-altep-mega\/#primaryimage\"},\"thumbnailUrl\":\"https:\/\/feroterm.ro\/altep\/wp-content\/uploads\/2025\/04\/Mega-600-kW.png\",\"datePublished\":\"2025-04-07T11:13:43+00:00\",\"dateModified\":\"2025-04-07T11:15:39+00:00\",\"breadcrumb\":{\"@id\":\"https:\/\/feroterm.ro\/altep\/produs\/cazan-altep-mega\/#breadcrumb\"},\"inLanguage\":\"ro-RO\",\"potentialAction\":[{\"@type\":\"ReadAction\",\"target\":[\"https:\/\/feroterm.ro\/altep\/produs\/cazan-altep-mega\/\"]}]},{\"@type\":\"ImageObject\",\"inLanguage\":\"ro-RO\",\"@id\":\"https:\/\/feroterm.ro\/altep\/produs\/cazan-altep-mega\/#primaryimage\",\"url\":\"https:\/\/feroterm.ro\/altep\/wp-content\/uploads\/2025\/04\/Mega-600-kW.png\",\"contentUrl\":\"https:\/\/feroterm.ro\/altep\/wp-content\/uploads\/2025\/04\/Mega-600-kW.png\",\"width\":450,\"height\":450},{\"@type\":\"BreadcrumbList\",\"@id\":\"https:\/\/feroterm.ro\/altep\/produs\/cazan-altep-mega\/#breadcrumb\",\"itemListElement\":[{\"@type\":\"ListItem\",\"position\":1,\"name\":\"Magazin\",\"item\":\"https:\/\/feroterm.ro\/altep\/magazin\/\"},{\"@type\":\"ListItem\",\"position\":2,\"name\":\"Cazan Altep Mega\"}]},{\"@type\":\"WebSite\",\"@id\":\"https:\/\/feroterm.ro\/altep\/#website\",\"url\":\"https:\/\/feroterm.ro\/altep\/\",\"name\":\"FEROTERM\",\"description\":\"Comercializam toata gama de cazane Altep\",\"publisher\":{\"@id\":\"https:\/\/feroterm.ro\/altep\/#organization\"},\"potentialAction\":[{\"@type\":\"SearchAction\",\"target\":{\"@type\":\"EntryPoint\",\"urlTemplate\":\"https:\/\/feroterm.ro\/altep\/?s={search_term_string}\"},\"query-input\":{\"@type\":\"PropertyValueSpecification\",\"valueRequired\":true,\"valueName\":\"search_term_string\"}}],\"inLanguage\":\"ro-RO\"},{\"@type\":\"Organization\",\"@id\":\"https:\/\/feroterm.ro\/altep\/#organization\",\"name\":\"FEROTERM\",\"url\":\"https:\/\/feroterm.ro\/altep\/\",\"logo\":{\"@type\":\"ImageObject\",\"inLanguage\":\"ro-RO\",\"@id\":\"https:\/\/feroterm.ro\/altep\/#\/schema\/logo\/image\/\",\"url\":\"https:\/\/feroterm.ro\/altep\/wp-content\/uploads\/2025\/04\/logo-feroterm.png\",\"contentUrl\":\"https:\/\/feroterm.ro\/altep\/wp-content\/uploads\/2025\/04\/logo-feroterm.png\",\"width\":346,\"height\":56,\"caption\":\"FEROTERM\"},\"image\":{\"@id\":\"https:\/\/feroterm.ro\/altep\/#\/schema\/logo\/image\/\"}}]}<\/script>\n<!-- \/ Yoast SEO Premium plugin. -->","yoast_head_json":{"title":"Cazan Altep Mega - Altep","robots":{"index":"index","follow":"follow","max-snippet":"max-snippet:-1","max-image-preview":"max-image-preview:large","max-video-preview":"max-video-preview:-1"},"canonical":"https:\/\/feroterm.ro\/altep\/produs\/cazan-altep-mega\/","og_locale":"ro_RO","og_type":"article","og_title":"Cazan Altep Mega - Altep","og_description":"MEGA \u2013 cazan universal pentru \u00eenc\u0103lzirea spatiilor industriale pe combustibili solizi cu alimentare manuala a combustibilului - gama larga de putere - volum mare a camerei de ardere - grila din \u021bevi de fonta - sistem cu alimentare are multi-punct - reglarea u\u0219ilor cazanului - posibilitatea de instalare a evacu\u0103rii cenu\u0219ii \u00een mod automat - posibilitatea de instalare pe cazan a unui arz\u0103tor cu aprindere automata","og_url":"https:\/\/feroterm.ro\/altep\/produs\/cazan-altep-mega\/","og_site_name":"FEROTERM","article_modified_time":"2025-04-07T11:15:39+00:00","og_image":[{"width":450,"height":450,"url":"https:\/\/feroterm.ro\/altep\/wp-content\/uploads\/2025\/04\/Mega-600-kW.png","type":"image\/png"}],"twitter_card":"summary_large_image","twitter_misc":{"Timp estimat pentru citire":"2 minute"},"schema":{"@context":"https:\/\/schema.org","@graph":[{"@type":"WebPage","@id":"https:\/\/feroterm.ro\/altep\/produs\/cazan-altep-mega\/","url":"https:\/\/feroterm.ro\/altep\/produs\/cazan-altep-mega\/","name":"Cazan Altep Mega - Altep","isPartOf":{"@id":"https:\/\/feroterm.ro\/altep\/#website"},"primaryImageOfPage":{"@id":"https:\/\/feroterm.ro\/altep\/produs\/cazan-altep-mega\/#primaryimage"},"image":{"@id":"https:\/\/feroterm.ro\/altep\/produs\/cazan-altep-mega\/#primaryimage"},"thumbnailUrl":"https:\/\/feroterm.ro\/altep\/wp-content\/uploads\/2025\/04\/Mega-600-kW.png","datePublished":"2025-04-07T11:13:43+00:00","dateModified":"2025-04-07T11:15:39+00:00","breadcrumb":{"@id":"https:\/\/feroterm.ro\/altep\/produs\/cazan-altep-mega\/#breadcrumb"},"inLanguage":"ro-RO","potentialAction":[{"@type":"ReadAction","target":["https:\/\/feroterm.ro\/altep\/produs\/cazan-altep-mega\/"]}]},{"@type":"ImageObject","inLanguage":"ro-RO","@id":"https:\/\/feroterm.ro\/altep\/produs\/cazan-altep-mega\/#primaryimage","url":"https:\/\/feroterm.ro\/altep\/wp-content\/uploads\/2025\/04\/Mega-600-kW.png","contentUrl":"https:\/\/feroterm.ro\/altep\/wp-content\/uploads\/2025\/04\/Mega-600-kW.png","width":450,"height":450},{"@type":"BreadcrumbList","@id":"https:\/\/feroterm.ro\/altep\/produs\/cazan-altep-mega\/#breadcrumb","itemListElement":[{"@type":"ListItem","position":1,"name":"Magazin","item":"https:\/\/feroterm.ro\/altep\/magazin\/"},{"@type":"ListItem","position":2,"name":"Cazan Altep Mega"}]},{"@type":"WebSite","@id":"https:\/\/feroterm.ro\/altep\/#website","url":"https:\/\/feroterm.ro\/altep\/","name":"FEROTERM","description":"Comercializam toata gama de cazane Altep","publisher":{"@id":"https:\/\/feroterm.ro\/altep\/#organization"},"potentialAction":[{"@type":"SearchAction","target":{"@type":"EntryPoint","urlTemplate":"https:\/\/feroterm.ro\/altep\/?s={search_term_string}"},"query-input":{"@type":"PropertyValueSpecification","valueRequired":true,"valueName":"search_term_string"}}],"inLanguage":"ro-RO"},{"@type":"Organization","@id":"https:\/\/feroterm.ro\/altep\/#organization","name":"FEROTERM","url":"https:\/\/feroterm.ro\/altep\/","logo":{"@type":"ImageObject","inLanguage":"ro-RO","@id":"https:\/\/feroterm.ro\/altep\/#\/schema\/logo\/image\/","url":"https:\/\/feroterm.ro\/altep\/wp-content\/uploads\/2025\/04\/logo-feroterm.png","contentUrl":"https:\/\/feroterm.ro\/altep\/wp-content\/uploads\/2025\/04\/logo-feroterm.png","width":346,"height":56,"caption":"FEROTERM"},"image":{"@id":"https:\/\/feroterm.ro\/altep\/#\/schema\/logo\/image\/"}}]}},"_links":{"self":[{"href":"https:\/\/feroterm.ro\/altep\/wp-json\/wp\/v2\/product\/6635","targetHints":{"allow":["GET"]}}],"collection":[{"href":"https:\/\/feroterm.ro\/altep\/wp-json\/wp\/v2\/product"}],"about":[{"href":"https:\/\/feroterm.ro\/altep\/wp-json\/wp\/v2\/types\/product"}],"replies":[{"embeddable":true,"href":"https:\/\/feroterm.ro\/altep\/wp-json\/wp\/v2\/comments?post=6635"}],"wp:featuredmedia":[{"embeddable":true,"href":"https:\/\/feroterm.ro\/altep\/wp-json\/wp\/v2\/media\/6639"}],"wp:attachment":[{"href":"https:\/\/feroterm.ro\/altep\/wp-json\/wp\/v2\/media?parent=6635"}],"wp:term":[{"taxonomy":"product_brand","embeddable":true,"href":"https:\/\/feroterm.ro\/altep\/wp-json\/wp\/v2\/product_brand?post=6635"},{"taxonomy":"product_cat","embeddable":true,"href":"https:\/\/feroterm.ro\/altep\/wp-json\/wp\/v2\/product_cat?post=6635"},{"taxonomy":"product_tag","embeddable":true,"href":"https:\/\/feroterm.ro\/altep\/wp-json\/wp\/v2\/product_tag?post=6635"}],"curies":[{"name":"wp","href":"https:\/\/api.w.org\/{rel}","templated":true}]}}