{"id":6618,"date":"2025-04-07T11:10:38","date_gmt":"2025-04-07T11:10:38","guid":{"rendered":"https:\/\/feroterm.ro\/altep\/?post_type=product&#038;p=6618"},"modified":"2025-04-07T11:10:38","modified_gmt":"2025-04-07T11:10:38","slug":"cazan-industrial-altep-max","status":"publish","type":"product","link":"https:\/\/feroterm.ro\/altep\/produs\/cazan-industrial-altep-max\/","title":{"rendered":"Cazan industrial Altep Max"},"content":{"rendered":"<h3><span>MAX<\/span><\/h3>\n<p>Construc\u021bia cazanului este o singura unitate cilindrica montat\u0103 \u0219i sudata, pozi\u021bionat\u0103 orizontal. Piesele sale principale sunt carcasa, camera de ardere,ansamblul tuburilor de jar \u0219i zona de cur\u0103\u021bare a cazanului. Caracteristica principala a acestui model este un economizator deta\u0219abil care are func\u021bia de a mari eficienta cazanului.<br \/>\nCarcasa cazanului este confec\u021bionata din otel-carbon tratat \u0219i durabil \u0219i consta din cilindri coaxiali interni \u0219i externi. Partea de convec\u021bie este situat\u0103 \u00eentre cilindri sub forma tuburilor de jar. Este acoperit cu un strat de izolare termica, care se afla sub carcasa decorativ\u0103 a cazanului.<br \/>\nTemperatura este reglata de c\u0103tre un microprocesor sub forma unui bloc automatizat. El are rolul de stabilizare a temperaturii apei prin reducerea sau cre\u0219terea num\u0103rului de rota\u021bii a ventilatorului, cu rolul de alimentare cu aer a cazanului. Astfel, gazele eliberate \u00een timpul procesului de ardere sunt eliminate, precum \u0219i sistemul\u00a0 de \u00eenc\u0103lzire este protejat de fierberea apei din sistemul schimb\u0103torului de c\u0103ldur\u0103.<br \/>\nDispozitivul cazanului Altep Max este prev\u0103zut cu conectarea pompei controlata de c\u0103tre controlerul cazanului. Cu toate astea microprocesorul este echipat cu func\u021bia de pornire periodica\u00a0 a pompei pentru a evita stagnarea acesteia la sf\u00e2r\u0219itul sezonului de \u00eenc\u0103lzire.<\/p>\n<table class=\"table table-hover\">\n<thead class=\"thead-dark\">\n<tr>\n<th>Parametri<\/th>\n<th><abbr title=\"Unitate de m\u0103sur\u0103\">U.M.<\/abbr><\/th>\n<th colspan=\"10\">Altep Max<\/th>\n<\/tr>\n<\/thead>\n<tbody>\n<tr>\n<th>Puterea nominal\u0103 a cazanului<\/th>\n<td>kW<\/td>\n<td>95<\/td>\n<td>150<\/td>\n<td>200<\/td>\n<td>250<\/td>\n<td>300<\/td>\n<td>400<\/td>\n<td>500<\/td>\n<td>600<\/td>\n<td>700<\/td>\n<td>800<\/td>\n<\/tr>\n<tr>\n<th>Suprafa\u021ba schimb\u0103torului de c\u0103ldur\u0103<\/th>\n<td>m\u00b2<\/td>\n<td>8,1<\/td>\n<td>12,4<\/td>\n<td>15,5<\/td>\n<td>21,8<\/td>\n<td>24,3<\/td>\n<td>25,8<\/td>\n<td>29,5<\/td>\n<td>36,0<\/td>\n<td>42,2<\/td>\n<td>47,5<\/td>\n<\/tr>\n<\/tbody>\n<thead class=\"thead-dark\">\n<tr>\n<th colspan=\"12\">M\u0103rimea camerei de ardere<\/th>\n<\/tr>\n<\/thead>\n<tbody>\n<tr>\n<th>Ad\u00e2ncime<\/th>\n<td>mm<\/td>\n<td>940<\/td>\n<td>1100<\/td>\n<td>1290<\/td>\n<td>1410<\/td>\n<td>1410<\/td>\n<td>1410<\/td>\n<td>1550<\/td>\n<td>1820<\/td>\n<td>2280<\/td>\n<td>2280<\/td>\n<\/tr>\n<tr>\n<th>Volum<\/th>\n<td>dm\u00b3<\/td>\n<td>240<\/td>\n<td>280<\/td>\n<td>390<\/td>\n<td>500<\/td>\n<td>560<\/td>\n<td>650<\/td>\n<td>790<\/td>\n<td>920<\/td>\n<td>1100<\/td>\n<td>1750<\/td>\n<\/tr>\n<\/tbody>\n<thead class=\"thead-dark\">\n<tr>\n<th colspan=\"12\">M\u0103rimea gurii de alimentare<\/th>\n<\/tr>\n<\/thead>\n<tbody>\n<tr>\n<th>\u00cen\u0103l\u021bime<\/th>\n<td>mm<\/td>\n<td>350<\/td>\n<td>350<\/td>\n<td>350<\/td>\n<td>400<\/td>\n<td>400<\/td>\n<td>400<\/td>\n<td>430<\/td>\n<td>430<\/td>\n<td>430<\/td>\n<td>430<\/td>\n<\/tr>\n<tr>\n<th>L\u0103\u021bime<\/th>\n<td>mm<\/td>\n<td>400<\/td>\n<td>400<\/td>\n<td>400<\/td>\n<td>500<\/td>\n<td>500<\/td>\n<td>500<\/td>\n<td>600<\/td>\n<td>600<\/td>\n<td>600<\/td>\n<td>600<\/td>\n<\/tr>\n<tr>\n<th>Volumul apei din cazan<\/th>\n<td>l<\/td>\n<td>460<\/td>\n<td>640<\/td>\n<td>680<\/td>\n<td>1160<\/td>\n<td>1320<\/td>\n<td>1320<\/td>\n<td>1470<\/td>\n<td>1800<\/td>\n<td>2250<\/td>\n<td>2400<\/td>\n<\/tr>\n<tr>\n<th>Greutate cazan, f\u0103r\u0103 apa<\/th>\n<td>kg<\/td>\n<td>1200<\/td>\n<td>1580<\/td>\n<td>1690<\/td>\n<td>2200<\/td>\n<td>2450<\/td>\n<td>2650<\/td>\n<td>3000<\/td>\n<td>3600<\/td>\n<td>4200<\/td>\n<td>5000<\/td>\n<\/tr>\n<tr>\n<th>Putere tiraj gaze arse<\/th>\n<td>Pa<\/td>\n<td colspan=\"10\">10-80<\/td>\n<\/tr>\n<tr>\n<th>Temperatura gazelor la evacuare din cazan<\/th>\n<td>\u00b0C<\/td>\n<td colspan=\"10\">240-290<\/td>\n<\/tr>\n<tr>\n<th>Temperatura apei min recomandata<\/th>\n<td>\u00b0C<\/td>\n<td colspan=\"10\">58<\/td>\n<\/tr>\n<tr>\n<th>Temperatura apa max recomandata<\/th>\n<td>\u00b0C<\/td>\n<td colspan=\"10\">90<\/td>\n<\/tr>\n<tr>\n<th>Minim (maxim \u00een lucru) presiune apa<\/th>\n<td>mPa<\/td>\n<td colspan=\"10\">0,30<\/td>\n<\/tr>\n<tr>\n<th>Presiunea de testare a apei, max<\/th>\n<td>mPa<\/td>\n<td colspan=\"10\">0,45<\/td>\n<\/tr>\n<tr>\n<th>Consum curent, max<\/th>\n<td>W<\/td>\n<td>170<\/td>\n<td>210<\/td>\n<td>210<\/td>\n<td>210<\/td>\n<td>320<\/td>\n<td>490<\/td>\n<td>810<\/td>\n<td>1110<\/td>\n<td>1110<\/td>\n<td>1110<\/td>\n<\/tr>\n<tr>\n<th>Diametrul extern racord cos<\/th>\n<td>mm<\/td>\n<td>245<\/td>\n<td>298<\/td>\n<td>298<\/td>\n<td>348<\/td>\n<td>398<\/td>\n<td>398<\/td>\n<td>448<\/td>\n<td>498<\/td>\n<td>548<\/td>\n<td>548<\/td>\n<\/tr>\n<tr>\n<th>Diametrul re\u021belei de conexiune a apei<\/th>\n<td>mm<\/td>\n<td>65<\/td>\n<td>65<\/td>\n<td>65<\/td>\n<td>80<\/td>\n<td>80<\/td>\n<td>80<\/td>\n<td>100<\/td>\n<td>100<\/td>\n<td>100<\/td>\n<td>100<\/td>\n<\/tr>\n<\/tbody>\n<thead class=\"thead-dark\">\n<tr>\n<th colspan=\"12\">Dimensiuni burlan<\/th>\n<\/tr>\n<\/thead>\n<tbody>\n<tr>\n<th>Sec\u021biunea transversal\u0103<\/th>\n<td>cm2<\/td>\n<td>483<\/td>\n<td>702<\/td>\n<td>702<\/td>\n<td>962<\/td>\n<td>1256<\/td>\n<td>1256<\/td>\n<td>1520<\/td>\n<td>1885<\/td>\n<td>2380<\/td>\n<td>2380<\/td>\n<\/tr>\n<tr>\n<th>Diametru intern<\/th>\n<td>mm<\/td>\n<td>250<\/td>\n<td>300<\/td>\n<td>300<\/td>\n<td>350<\/td>\n<td>400<\/td>\n<td>400<\/td>\n<td>450<\/td>\n<td>500<\/td>\n<td>550<\/td>\n<td>550<\/td>\n<\/tr>\n<tr>\n<th>\u00cen\u0103l\u021bime (min permisa)<\/th>\n<td>m<\/td>\n<td>9<\/td>\n<td>10<\/td>\n<td>14<\/td>\n<td>14<\/td>\n<td>11<\/td>\n<td>15<\/td>\n<td>16<\/td>\n<td>16<\/td>\n<td>16<\/td>\n<td>17<\/td>\n<\/tr>\n<tr>\n<th>Diametrul \u021bevii de sub siguran\u021bele supapei<\/th>\n<td>mm<\/td>\n<td>40<\/td>\n<td>40<\/td>\n<td>40<\/td>\n<td>50<\/td>\n<td>50<\/td>\n<td>2\u00d750<\/td>\n<td>2\u00d750<\/td>\n<td>2\u00d750<\/td>\n<td>2\u00d750<\/td>\n<td>2\u00d750<\/td>\n<\/tr>\n<\/tbody>\n<\/table>\n","protected":false},"excerpt":{"rendered":"<div>\n<p class=\"text-muted mt-3\">MAX \u2013 cazane industriale pe tuburi de foc cu \u00eenc\u0103rcare manuala a combustibilului, se pot instala \u00een containere mobile sau fixe cu circuit \u00eenchis al sistemului de \u00eenc\u0103lzire .<br \/>\n&#8211; Eficienta min 86%<br \/>\n&#8211; gama larga de putere<br \/>\n&#8211; camera de ardere voluminoasa<br \/>\n&#8211; grilaj din fonta cu apa<br \/>\nCazanele au putere de \u00eenc\u0103lzire a spatiilor industriale \u0219i a cl\u0103dirilor de mari dimensiuni \u0219i a altor spatii, preg\u0103tind \u0219i furniz\u00e2nd c\u0103ldura ob\u021binut\u0103 din procesul de ardere a combustibililor solizi:<br \/>\n&#8211; c\u0103rbune, cocs<br \/>\n&#8211; lemne ,masa lemnoasa,brichete<br \/>\n&#8211; antracit, turba \u0219i altele<\/p>\n<div id=\"product_attributes_simple\">\n<p class=\"text-muted\">\n<\/div>\n<\/div>\n","protected":false},"featured_media":6633,"comment_status":"open","ping_status":"closed","template":"","meta":[],"product_brand":[],"product_cat":[54],"product_tag":[],"class_list":{"0":"post-6618","1":"product","2":"type-product","3":"status-publish","4":"has-post-thumbnail","6":"product_cat-centrale-si-cazane-industriale","8":"first","9":"instock","10":"shipping-taxable","11":"purchasable","12":"product-type-variable"},"yoast_head":"<!-- This site is optimized with the Yoast SEO Premium plugin v21.2 (Yoast SEO v24.8.1) - https:\/\/yoast.com\/wordpress\/plugins\/seo\/ -->\n<title>Cazan industrial Altep Max - Altep<\/title>\n<meta name=\"robots\" content=\"index, follow, max-snippet:-1, max-image-preview:large, max-video-preview:-1\" \/>\n<link rel=\"canonical\" href=\"https:\/\/feroterm.ro\/altep\/produs\/cazan-industrial-altep-max\/\" \/>\n<meta property=\"og:locale\" content=\"ro_RO\" \/>\n<meta property=\"og:type\" content=\"article\" \/>\n<meta property=\"og:title\" content=\"Cazan industrial Altep Max - Altep\" \/>\n<meta property=\"og:description\" content=\"MAX \u2013 cazane industriale pe tuburi de foc cu \u00eenc\u0103rcare manuala a combustibilului, se pot instala \u00een containere mobile sau fixe cu circuit \u00eenchis al sistemului de \u00eenc\u0103lzire . - Eficienta min 86% - gama larga de putere - camera de ardere voluminoasa - grilaj din fonta cu apa Cazanele au putere de \u00eenc\u0103lzire a spatiilor industriale \u0219i a cl\u0103dirilor de mari dimensiuni \u0219i a altor spatii, preg\u0103tind \u0219i furniz\u00e2nd c\u0103ldura ob\u021binut\u0103 din procesul de ardere a combustibililor solizi: - c\u0103rbune, cocs - lemne ,masa lemnoasa,brichete - antracit, turba \u0219i altele\" \/>\n<meta property=\"og:url\" content=\"https:\/\/feroterm.ro\/altep\/produs\/cazan-industrial-altep-max\/\" \/>\n<meta property=\"og:site_name\" content=\"FEROTERM\" \/>\n<meta property=\"og:image\" content=\"https:\/\/feroterm.ro\/altep\/wp-content\/uploads\/2025\/04\/Max-800-kW.png\" \/>\n\t<meta property=\"og:image:width\" content=\"575\" \/>\n\t<meta property=\"og:image:height\" content=\"575\" \/>\n\t<meta property=\"og:image:type\" content=\"image\/png\" \/>\n<meta name=\"twitter:card\" content=\"summary_large_image\" \/>\n<meta name=\"twitter:label1\" content=\"Timp estimat pentru citire\" \/>\n\t<meta name=\"twitter:data1\" content=\"3 minute\" \/>\n<script type=\"application\/ld+json\" class=\"yoast-schema-graph\">{\"@context\":\"https:\/\/schema.org\",\"@graph\":[{\"@type\":\"WebPage\",\"@id\":\"https:\/\/feroterm.ro\/altep\/produs\/cazan-industrial-altep-max\/\",\"url\":\"https:\/\/feroterm.ro\/altep\/produs\/cazan-industrial-altep-max\/\",\"name\":\"Cazan industrial Altep Max - Altep\",\"isPartOf\":{\"@id\":\"https:\/\/feroterm.ro\/altep\/#website\"},\"primaryImageOfPage\":{\"@id\":\"https:\/\/feroterm.ro\/altep\/produs\/cazan-industrial-altep-max\/#primaryimage\"},\"image\":{\"@id\":\"https:\/\/feroterm.ro\/altep\/produs\/cazan-industrial-altep-max\/#primaryimage\"},\"thumbnailUrl\":\"https:\/\/feroterm.ro\/altep\/wp-content\/uploads\/2025\/04\/Max-800-kW.png\",\"datePublished\":\"2025-04-07T11:10:38+00:00\",\"breadcrumb\":{\"@id\":\"https:\/\/feroterm.ro\/altep\/produs\/cazan-industrial-altep-max\/#breadcrumb\"},\"inLanguage\":\"ro-RO\",\"potentialAction\":[{\"@type\":\"ReadAction\",\"target\":[\"https:\/\/feroterm.ro\/altep\/produs\/cazan-industrial-altep-max\/\"]}]},{\"@type\":\"ImageObject\",\"inLanguage\":\"ro-RO\",\"@id\":\"https:\/\/feroterm.ro\/altep\/produs\/cazan-industrial-altep-max\/#primaryimage\",\"url\":\"https:\/\/feroterm.ro\/altep\/wp-content\/uploads\/2025\/04\/Max-800-kW.png\",\"contentUrl\":\"https:\/\/feroterm.ro\/altep\/wp-content\/uploads\/2025\/04\/Max-800-kW.png\",\"width\":575,\"height\":575},{\"@type\":\"BreadcrumbList\",\"@id\":\"https:\/\/feroterm.ro\/altep\/produs\/cazan-industrial-altep-max\/#breadcrumb\",\"itemListElement\":[{\"@type\":\"ListItem\",\"position\":1,\"name\":\"Magazin\",\"item\":\"https:\/\/feroterm.ro\/altep\/magazin\/\"},{\"@type\":\"ListItem\",\"position\":2,\"name\":\"Cazan industrial Altep Max\"}]},{\"@type\":\"WebSite\",\"@id\":\"https:\/\/feroterm.ro\/altep\/#website\",\"url\":\"https:\/\/feroterm.ro\/altep\/\",\"name\":\"FEROTERM\",\"description\":\"Comercializam toata gama de cazane Altep\",\"publisher\":{\"@id\":\"https:\/\/feroterm.ro\/altep\/#organization\"},\"potentialAction\":[{\"@type\":\"SearchAction\",\"target\":{\"@type\":\"EntryPoint\",\"urlTemplate\":\"https:\/\/feroterm.ro\/altep\/?s={search_term_string}\"},\"query-input\":{\"@type\":\"PropertyValueSpecification\",\"valueRequired\":true,\"valueName\":\"search_term_string\"}}],\"inLanguage\":\"ro-RO\"},{\"@type\":\"Organization\",\"@id\":\"https:\/\/feroterm.ro\/altep\/#organization\",\"name\":\"FEROTERM\",\"url\":\"https:\/\/feroterm.ro\/altep\/\",\"logo\":{\"@type\":\"ImageObject\",\"inLanguage\":\"ro-RO\",\"@id\":\"https:\/\/feroterm.ro\/altep\/#\/schema\/logo\/image\/\",\"url\":\"https:\/\/feroterm.ro\/altep\/wp-content\/uploads\/2025\/04\/logo-feroterm.png\",\"contentUrl\":\"https:\/\/feroterm.ro\/altep\/wp-content\/uploads\/2025\/04\/logo-feroterm.png\",\"width\":346,\"height\":56,\"caption\":\"FEROTERM\"},\"image\":{\"@id\":\"https:\/\/feroterm.ro\/altep\/#\/schema\/logo\/image\/\"}}]}<\/script>\n<!-- \/ Yoast SEO Premium plugin. -->","yoast_head_json":{"title":"Cazan industrial Altep Max - Altep","robots":{"index":"index","follow":"follow","max-snippet":"max-snippet:-1","max-image-preview":"max-image-preview:large","max-video-preview":"max-video-preview:-1"},"canonical":"https:\/\/feroterm.ro\/altep\/produs\/cazan-industrial-altep-max\/","og_locale":"ro_RO","og_type":"article","og_title":"Cazan industrial Altep Max - Altep","og_description":"MAX \u2013 cazane industriale pe tuburi de foc cu \u00eenc\u0103rcare manuala a combustibilului, se pot instala \u00een containere mobile sau fixe cu circuit \u00eenchis al sistemului de \u00eenc\u0103lzire . - Eficienta min 86% - gama larga de putere - camera de ardere voluminoasa - grilaj din fonta cu apa Cazanele au putere de \u00eenc\u0103lzire a spatiilor industriale \u0219i a cl\u0103dirilor de mari dimensiuni \u0219i a altor spatii, preg\u0103tind \u0219i furniz\u00e2nd c\u0103ldura ob\u021binut\u0103 din procesul de ardere a combustibililor solizi: - c\u0103rbune, cocs - lemne ,masa lemnoasa,brichete - antracit, turba \u0219i altele","og_url":"https:\/\/feroterm.ro\/altep\/produs\/cazan-industrial-altep-max\/","og_site_name":"FEROTERM","og_image":[{"width":575,"height":575,"url":"https:\/\/feroterm.ro\/altep\/wp-content\/uploads\/2025\/04\/Max-800-kW.png","type":"image\/png"}],"twitter_card":"summary_large_image","twitter_misc":{"Timp estimat pentru citire":"3 minute"},"schema":{"@context":"https:\/\/schema.org","@graph":[{"@type":"WebPage","@id":"https:\/\/feroterm.ro\/altep\/produs\/cazan-industrial-altep-max\/","url":"https:\/\/feroterm.ro\/altep\/produs\/cazan-industrial-altep-max\/","name":"Cazan industrial Altep Max - Altep","isPartOf":{"@id":"https:\/\/feroterm.ro\/altep\/#website"},"primaryImageOfPage":{"@id":"https:\/\/feroterm.ro\/altep\/produs\/cazan-industrial-altep-max\/#primaryimage"},"image":{"@id":"https:\/\/feroterm.ro\/altep\/produs\/cazan-industrial-altep-max\/#primaryimage"},"thumbnailUrl":"https:\/\/feroterm.ro\/altep\/wp-content\/uploads\/2025\/04\/Max-800-kW.png","datePublished":"2025-04-07T11:10:38+00:00","breadcrumb":{"@id":"https:\/\/feroterm.ro\/altep\/produs\/cazan-industrial-altep-max\/#breadcrumb"},"inLanguage":"ro-RO","potentialAction":[{"@type":"ReadAction","target":["https:\/\/feroterm.ro\/altep\/produs\/cazan-industrial-altep-max\/"]}]},{"@type":"ImageObject","inLanguage":"ro-RO","@id":"https:\/\/feroterm.ro\/altep\/produs\/cazan-industrial-altep-max\/#primaryimage","url":"https:\/\/feroterm.ro\/altep\/wp-content\/uploads\/2025\/04\/Max-800-kW.png","contentUrl":"https:\/\/feroterm.ro\/altep\/wp-content\/uploads\/2025\/04\/Max-800-kW.png","width":575,"height":575},{"@type":"BreadcrumbList","@id":"https:\/\/feroterm.ro\/altep\/produs\/cazan-industrial-altep-max\/#breadcrumb","itemListElement":[{"@type":"ListItem","position":1,"name":"Magazin","item":"https:\/\/feroterm.ro\/altep\/magazin\/"},{"@type":"ListItem","position":2,"name":"Cazan industrial Altep Max"}]},{"@type":"WebSite","@id":"https:\/\/feroterm.ro\/altep\/#website","url":"https:\/\/feroterm.ro\/altep\/","name":"FEROTERM","description":"Comercializam toata gama de cazane Altep","publisher":{"@id":"https:\/\/feroterm.ro\/altep\/#organization"},"potentialAction":[{"@type":"SearchAction","target":{"@type":"EntryPoint","urlTemplate":"https:\/\/feroterm.ro\/altep\/?s={search_term_string}"},"query-input":{"@type":"PropertyValueSpecification","valueRequired":true,"valueName":"search_term_string"}}],"inLanguage":"ro-RO"},{"@type":"Organization","@id":"https:\/\/feroterm.ro\/altep\/#organization","name":"FEROTERM","url":"https:\/\/feroterm.ro\/altep\/","logo":{"@type":"ImageObject","inLanguage":"ro-RO","@id":"https:\/\/feroterm.ro\/altep\/#\/schema\/logo\/image\/","url":"https:\/\/feroterm.ro\/altep\/wp-content\/uploads\/2025\/04\/logo-feroterm.png","contentUrl":"https:\/\/feroterm.ro\/altep\/wp-content\/uploads\/2025\/04\/logo-feroterm.png","width":346,"height":56,"caption":"FEROTERM"},"image":{"@id":"https:\/\/feroterm.ro\/altep\/#\/schema\/logo\/image\/"}}]}},"_links":{"self":[{"href":"https:\/\/feroterm.ro\/altep\/wp-json\/wp\/v2\/product\/6618","targetHints":{"allow":["GET"]}}],"collection":[{"href":"https:\/\/feroterm.ro\/altep\/wp-json\/wp\/v2\/product"}],"about":[{"href":"https:\/\/feroterm.ro\/altep\/wp-json\/wp\/v2\/types\/product"}],"replies":[{"embeddable":true,"href":"https:\/\/feroterm.ro\/altep\/wp-json\/wp\/v2\/comments?post=6618"}],"wp:featuredmedia":[{"embeddable":true,"href":"https:\/\/feroterm.ro\/altep\/wp-json\/wp\/v2\/media\/6633"}],"wp:attachment":[{"href":"https:\/\/feroterm.ro\/altep\/wp-json\/wp\/v2\/media?parent=6618"}],"wp:term":[{"taxonomy":"product_brand","embeddable":true,"href":"https:\/\/feroterm.ro\/altep\/wp-json\/wp\/v2\/product_brand?post=6618"},{"taxonomy":"product_cat","embeddable":true,"href":"https:\/\/feroterm.ro\/altep\/wp-json\/wp\/v2\/product_cat?post=6618"},{"taxonomy":"product_tag","embeddable":true,"href":"https:\/\/feroterm.ro\/altep\/wp-json\/wp\/v2\/product_tag?post=6618"}],"curies":[{"name":"wp","href":"https:\/\/api.w.org\/{rel}","templated":true}]}}