{"id":6602,"date":"2025-04-07T11:04:59","date_gmt":"2025-04-07T11:04:59","guid":{"rendered":"https:\/\/feroterm.ro\/altep\/?post_type=product&#038;p=6602"},"modified":"2025-04-07T11:04:59","modified_gmt":"2025-04-07T11:04:59","slug":"cazan-altep-duo-uni-plus","status":"publish","type":"product","link":"https:\/\/feroterm.ro\/altep\/produs\/cazan-altep-duo-uni-plus\/","title":{"rendered":"Cazan Altep Duo UNI Plus"},"content":{"rendered":"<h3>\u00a0Cazanele\u00a0<span>Duo Uni Plus<\/span><\/h3>\n<p>Cazanele DUO UNI Plus sunt cazane cu combustibil solid care ard foarte mult timp. Cazanele sunt destinate \u00eenc\u0103lzirii caselor, spa\u021biilor municipale \u0219i industriale. Gama de putere: 15-250 kW.<\/p>\n<p>\u00cen regimul complet de baz\u0103, func\u021bionarea cazanului este posibil\u0103 \u00een modul de \u00eenc\u0103rcare manual\u0103 a combustibilului solid. Pentru a pune \u00een func\u021biune centrala \u00een modul automat de alimentare cu combustibil, este necesar s\u0103 instala\u021bi suplimentar u\u0219a sub arz\u0103torul cu pele\u021bi, arz\u0103torul \u00een sine \u0219i bunc\u0103rul de combustibil. Cazanul are gr\u0103tar din font\u0103 (15-40 kW) sau gril\u0103 cu ap\u0103 (50-250 kW). Sistemul de alimentare cu aer multi-canal asigur\u0103 o ardere de lung\u0103 durat\u0103 \u0219i uniform\u0103 a combustibilului de sus \u00een jos. Acest avantaj v\u0103 permite s\u0103 utiliza\u021bi diferite tipuri de combustibil, diferite dimensiuni \u0219i frac\u021bii.<\/p>\n<p>Prin dimensiunile sale compacte, cazanul are o suprafa\u021b\u0103 mare de suprafa\u021b\u0103 de convec\u021bie, ceea ce ofer\u0103 un nivel ridicat de eficien\u021b\u0103 \u0219i economise\u0219te semnificativ consumul de combustibil.<\/p>\n<p>Cazanele DUO UNI Plus sunt echipate cu un ventilator \u0219i o unitate de control pentru automatizarea func\u021bion\u0103rii cazanului.<\/p>\n<h4><\/h4>\n<h4>\u00a0 \u00a0 Caracteristicile\u00a0 cazanului<\/h4>\n<div class=\"row justify-content-center\">\n<div class=\"col-auto\">\n<table class=\"table table-hover table-responsive\">\n<thead class=\"thead-dark\">\n<tr>\n<th>Parametri<\/th>\n<th><abbr title=\"Unitate de m\u0103sur\u0103\">U.M.<\/abbr><\/th>\n<th colspan=\"11\">Duo UNI PLUS<\/th>\n<\/tr>\n<\/thead>\n<tbody>\n<tr>\n<th>Puterea nominal\u0103 a cazanului<\/th>\n<td>kW<\/td>\n<td>21<\/td>\n<td>27<\/td>\n<td>33<\/td>\n<td>40<\/td>\n<td>50<\/td>\n<td>62<\/td>\n<td>75<\/td>\n<td>95<\/td>\n<td>120<\/td>\n<td>150<\/td>\n<td>200<\/td>\n<\/tr>\n<tr>\n<th>Suprafa\u021ba schimb\u0103torului de c\u0103ldur\u0103<\/th>\n<td>m\u00b2<\/td>\n<td>1,9<\/td>\n<td>2,3<\/td>\n<td>2,6<\/td>\n<td>3,1<\/td>\n<td>3,6<\/td>\n<td>4,5<\/td>\n<td>5,0<\/td>\n<td>6,0<\/td>\n<td>8,2<\/td>\n<td>9,3<\/td>\n<td>10,2<\/td>\n<\/tr>\n<\/tbody>\n<thead class=\"thead-dark\">\n<tr>\n<th colspan=\"13\">Dimensiunea camerei de ardere<\/th>\n<\/tr>\n<\/thead>\n<tbody>\n<tr>\n<th>Ad\u00e2ncime<\/th>\n<td>mm<\/td>\n<td>400<\/td>\n<td>450<\/td>\n<td>450<\/td>\n<td>520<\/td>\n<td>600<\/td>\n<td>600<\/td>\n<td>650<\/td>\n<td>740<\/td>\n<td>820<\/td>\n<td>950<\/td>\n<td>1050<\/td>\n<\/tr>\n<tr>\n<th>Volum<\/th>\n<td>dm\u00b3<\/td>\n<td>68<\/td>\n<td>77<\/td>\n<td>97<\/td>\n<td>122<\/td>\n<td>140<\/td>\n<td>220<\/td>\n<td>260<\/td>\n<td>307<\/td>\n<td>488<\/td>\n<td>566<\/td>\n<td>626<\/td>\n<\/tr>\n<tr>\n<th>Volumul apei din cazan<\/th>\n<td>l<\/td>\n<td>84<\/td>\n<td>92<\/td>\n<td>105<\/td>\n<td>120<\/td>\n<td>135<\/td>\n<td>170<\/td>\n<td>194<\/td>\n<td>220<\/td>\n<td>290<\/td>\n<td>328<\/td>\n<td>357<\/td>\n<\/tr>\n<tr>\n<th>Greutate uscata<\/th>\n<td>kg<\/td>\n<td>320<\/td>\n<td>340<\/td>\n<td>380<\/td>\n<td>420<\/td>\n<td>460<\/td>\n<td>680<\/td>\n<td>720<\/td>\n<td>790<\/td>\n<td>1070<\/td>\n<td>1160<\/td>\n<td>1250<\/td>\n<\/tr>\n<tr>\n<th>Temperatura gazelor arse<\/th>\n<td>\u00b0C<\/td>\n<td colspan=\"11\">100-180<\/td>\n<\/tr>\n<tr>\n<th>Temperatura apei min. recomandata<\/th>\n<td>\u00b0C<\/td>\n<td colspan=\"11\">58<\/td>\n<\/tr>\n<tr>\n<th>Temperatura max. a apei<\/th>\n<td>\u00b0C<\/td>\n<td colspan=\"11\">90<\/td>\n<\/tr>\n<tr>\n<th>Presiunea nominal\u0103 de lucru a apei<\/th>\n<td>MP\u0430<\/td>\n<td>0,15<\/td>\n<td>0,15<\/td>\n<td>0,15<\/td>\n<td>0,15<\/td>\n<td>0,15<\/td>\n<td>0,20<\/td>\n<td>0,20<\/td>\n<td>0,20<\/td>\n<td>0,20<\/td>\n<td>0,20<\/td>\n<td>0,20<\/td>\n<\/tr>\n<tr>\n<th>Consum curent electric ,max<\/th>\n<td>W<\/td>\n<td>85<\/td>\n<td>85<\/td>\n<td>85<\/td>\n<td>85<\/td>\n<td>105<\/td>\n<td>160<\/td>\n<td>160<\/td>\n<td>160<\/td>\n<td>175<\/td>\n<td>175<\/td>\n<td>205<\/td>\n<\/tr>\n<tr>\n<th>Diametru racord cos<\/th>\n<td>mm<\/td>\n<td>159<\/td>\n<td>159<\/td>\n<td>178<\/td>\n<td>178<\/td>\n<td>219<\/td>\n<td>248<\/td>\n<td>248<\/td>\n<td>248<\/td>\n<td>298<\/td>\n<td>298<\/td>\n<td>298<\/td>\n<\/tr>\n<tr>\n<th>Diametru \u021bevi racordare re\u021bea apa<\/th>\n<td>mm<\/td>\n<td>50<\/td>\n<td>50<\/td>\n<td>50<\/td>\n<td>50<\/td>\n<td>50<\/td>\n<td>50<\/td>\n<td>50<\/td>\n<td>65<\/td>\n<td>65<\/td>\n<td>80<\/td>\n<td>80<\/td>\n<\/tr>\n<\/tbody>\n<thead class=\"thead-dark\">\n<tr>\n<th colspan=\"13\">Dimensiune recomandata burlan<\/th>\n<\/tr>\n<\/thead>\n<tbody>\n<tr>\n<th>Sec\u021biunea transversal\u0103<\/th>\n<td>cm\u00b2<\/td>\n<td>201<\/td>\n<td>201<\/td>\n<td>248<\/td>\n<td>248<\/td>\n<td>377<\/td>\n<td>452<\/td>\n<td>452<\/td>\n<td>452<\/td>\n<td>660<\/td>\n<td>660<\/td>\n<td>660<\/td>\n<\/tr>\n<tr>\n<th>Diametru intern<\/th>\n<td>mm<\/td>\n<td>160<\/td>\n<td>160<\/td>\n<td>180<\/td>\n<td>180<\/td>\n<td>220<\/td>\n<td>250<\/td>\n<td>250<\/td>\n<td>250<\/td>\n<td>300<\/td>\n<td>300<\/td>\n<td>300<\/td>\n<\/tr>\n<tr>\n<th>\u00cen\u0103l\u021bime (minim permisa)<\/th>\n<td>m<\/td>\n<td>5<\/td>\n<td>5<\/td>\n<td>5<\/td>\n<td>5<\/td>\n<td>6<\/td>\n<td>6<\/td>\n<td>6<\/td>\n<td>7<\/td>\n<td>7<\/td>\n<td>7<\/td>\n<td>8<\/td>\n<\/tr>\n<tr>\n<th>Diametrul \u021bevii de sub siguran\u021bele supapei (Du)<\/th>\n<td>mm<\/td>\n<td>15<\/td>\n<td>15<\/td>\n<td>15<\/td>\n<td>15<\/td>\n<td>15<\/td>\n<td>20<\/td>\n<td>20<\/td>\n<td>20<\/td>\n<td>25<\/td>\n<td>25<\/td>\n<td>50<\/td>\n<\/tr>\n<\/tbody>\n<\/table>\n<\/div>\n<\/div>\n","protected":false},"excerpt":{"rendered":"<div>\n<p class=\"text-muted mt-3\">Cazane universale cu ardere lung\u0103, cu o eficien\u021b\u0103 ridicat\u0103 \u0219i capacitatea de a gestiona at\u00e2t \u00eenc\u0103rcarea manual\u0103, c\u00e2t \u0219i livrarea de combustibil. Designul schimb\u0103torului de c\u0103ldur\u0103 este u\u0219or de \u00eentre\u021binut \u0219i o\u021belul de 6 mm grosime confirm\u0103 fiabilitatea \u0219i durabilitatea acestuia.<\/p>\n<\/div>\n","protected":false},"featured_media":6604,"comment_status":"open","ping_status":"closed","template":"","meta":[],"product_brand":[],"product_cat":[54],"product_tag":[],"class_list":{"0":"post-6602","1":"product","2":"type-product","3":"status-publish","4":"has-post-thumbnail","6":"product_cat-centrale-si-cazane-industriale","8":"first","9":"instock","10":"shipping-taxable","11":"purchasable","12":"product-type-variable"},"yoast_head":"<!-- This site is optimized with the Yoast SEO Premium plugin v21.2 (Yoast SEO v24.8.1) - https:\/\/yoast.com\/wordpress\/plugins\/seo\/ -->\n<title>Cazan Altep Duo UNI Plus - Altep<\/title>\n<meta name=\"robots\" content=\"index, follow, max-snippet:-1, max-image-preview:large, max-video-preview:-1\" \/>\n<link rel=\"canonical\" href=\"https:\/\/feroterm.ro\/altep\/produs\/cazan-altep-duo-uni-plus\/\" \/>\n<meta property=\"og:locale\" content=\"ro_RO\" \/>\n<meta property=\"og:type\" content=\"article\" \/>\n<meta property=\"og:title\" content=\"Cazan Altep Duo UNI Plus - Altep\" \/>\n<meta property=\"og:description\" content=\"Cazane universale cu ardere lung\u0103, cu o eficien\u021b\u0103 ridicat\u0103 \u0219i capacitatea de a gestiona at\u00e2t \u00eenc\u0103rcarea manual\u0103, c\u00e2t \u0219i livrarea de combustibil. Designul schimb\u0103torului de c\u0103ldur\u0103 este u\u0219or de \u00eentre\u021binut \u0219i o\u021belul de 6 mm grosime confirm\u0103 fiabilitatea \u0219i durabilitatea acestuia.\" \/>\n<meta property=\"og:url\" content=\"https:\/\/feroterm.ro\/altep\/produs\/cazan-altep-duo-uni-plus\/\" \/>\n<meta property=\"og:site_name\" content=\"FEROTERM\" \/>\n<meta property=\"og:image\" content=\"https:\/\/feroterm.ro\/altep\/wp-content\/uploads\/2025\/04\/Duo-UNI-Plus-17-21-kW-1.png\" \/>\n\t<meta property=\"og:image:width\" content=\"1024\" \/>\n\t<meta property=\"og:image:height\" content=\"1024\" \/>\n\t<meta property=\"og:image:type\" content=\"image\/png\" \/>\n<meta name=\"twitter:card\" content=\"summary_large_image\" \/>\n<meta name=\"twitter:label1\" content=\"Timp estimat pentru citire\" \/>\n\t<meta name=\"twitter:data1\" content=\"3 minute\" \/>\n<script type=\"application\/ld+json\" class=\"yoast-schema-graph\">{\"@context\":\"https:\/\/schema.org\",\"@graph\":[{\"@type\":\"WebPage\",\"@id\":\"https:\/\/feroterm.ro\/altep\/produs\/cazan-altep-duo-uni-plus\/\",\"url\":\"https:\/\/feroterm.ro\/altep\/produs\/cazan-altep-duo-uni-plus\/\",\"name\":\"Cazan Altep Duo UNI Plus - Altep\",\"isPartOf\":{\"@id\":\"https:\/\/feroterm.ro\/altep\/#website\"},\"primaryImageOfPage\":{\"@id\":\"https:\/\/feroterm.ro\/altep\/produs\/cazan-altep-duo-uni-plus\/#primaryimage\"},\"image\":{\"@id\":\"https:\/\/feroterm.ro\/altep\/produs\/cazan-altep-duo-uni-plus\/#primaryimage\"},\"thumbnailUrl\":\"https:\/\/feroterm.ro\/altep\/wp-content\/uploads\/2025\/04\/Duo-UNI-Plus-17-21-kW-1.png\",\"datePublished\":\"2025-04-07T11:04:59+00:00\",\"breadcrumb\":{\"@id\":\"https:\/\/feroterm.ro\/altep\/produs\/cazan-altep-duo-uni-plus\/#breadcrumb\"},\"inLanguage\":\"ro-RO\",\"potentialAction\":[{\"@type\":\"ReadAction\",\"target\":[\"https:\/\/feroterm.ro\/altep\/produs\/cazan-altep-duo-uni-plus\/\"]}]},{\"@type\":\"ImageObject\",\"inLanguage\":\"ro-RO\",\"@id\":\"https:\/\/feroterm.ro\/altep\/produs\/cazan-altep-duo-uni-plus\/#primaryimage\",\"url\":\"https:\/\/feroterm.ro\/altep\/wp-content\/uploads\/2025\/04\/Duo-UNI-Plus-17-21-kW-1.png\",\"contentUrl\":\"https:\/\/feroterm.ro\/altep\/wp-content\/uploads\/2025\/04\/Duo-UNI-Plus-17-21-kW-1.png\",\"width\":1024,\"height\":1024},{\"@type\":\"BreadcrumbList\",\"@id\":\"https:\/\/feroterm.ro\/altep\/produs\/cazan-altep-duo-uni-plus\/#breadcrumb\",\"itemListElement\":[{\"@type\":\"ListItem\",\"position\":1,\"name\":\"Magazin\",\"item\":\"https:\/\/feroterm.ro\/altep\/magazin\/\"},{\"@type\":\"ListItem\",\"position\":2,\"name\":\"Cazan Altep Duo UNI Plus\"}]},{\"@type\":\"WebSite\",\"@id\":\"https:\/\/feroterm.ro\/altep\/#website\",\"url\":\"https:\/\/feroterm.ro\/altep\/\",\"name\":\"FEROTERM\",\"description\":\"Comercializam toata gama de cazane Altep\",\"publisher\":{\"@id\":\"https:\/\/feroterm.ro\/altep\/#organization\"},\"potentialAction\":[{\"@type\":\"SearchAction\",\"target\":{\"@type\":\"EntryPoint\",\"urlTemplate\":\"https:\/\/feroterm.ro\/altep\/?s={search_term_string}\"},\"query-input\":{\"@type\":\"PropertyValueSpecification\",\"valueRequired\":true,\"valueName\":\"search_term_string\"}}],\"inLanguage\":\"ro-RO\"},{\"@type\":\"Organization\",\"@id\":\"https:\/\/feroterm.ro\/altep\/#organization\",\"name\":\"FEROTERM\",\"url\":\"https:\/\/feroterm.ro\/altep\/\",\"logo\":{\"@type\":\"ImageObject\",\"inLanguage\":\"ro-RO\",\"@id\":\"https:\/\/feroterm.ro\/altep\/#\/schema\/logo\/image\/\",\"url\":\"https:\/\/feroterm.ro\/altep\/wp-content\/uploads\/2025\/04\/logo-feroterm.png\",\"contentUrl\":\"https:\/\/feroterm.ro\/altep\/wp-content\/uploads\/2025\/04\/logo-feroterm.png\",\"width\":346,\"height\":56,\"caption\":\"FEROTERM\"},\"image\":{\"@id\":\"https:\/\/feroterm.ro\/altep\/#\/schema\/logo\/image\/\"}}]}<\/script>\n<!-- \/ Yoast SEO Premium plugin. -->","yoast_head_json":{"title":"Cazan Altep Duo UNI Plus - Altep","robots":{"index":"index","follow":"follow","max-snippet":"max-snippet:-1","max-image-preview":"max-image-preview:large","max-video-preview":"max-video-preview:-1"},"canonical":"https:\/\/feroterm.ro\/altep\/produs\/cazan-altep-duo-uni-plus\/","og_locale":"ro_RO","og_type":"article","og_title":"Cazan Altep Duo UNI Plus - Altep","og_description":"Cazane universale cu ardere lung\u0103, cu o eficien\u021b\u0103 ridicat\u0103 \u0219i capacitatea de a gestiona at\u00e2t \u00eenc\u0103rcarea manual\u0103, c\u00e2t \u0219i livrarea de combustibil. Designul schimb\u0103torului de c\u0103ldur\u0103 este u\u0219or de \u00eentre\u021binut \u0219i o\u021belul de 6 mm grosime confirm\u0103 fiabilitatea \u0219i durabilitatea acestuia.","og_url":"https:\/\/feroterm.ro\/altep\/produs\/cazan-altep-duo-uni-plus\/","og_site_name":"FEROTERM","og_image":[{"width":1024,"height":1024,"url":"https:\/\/feroterm.ro\/altep\/wp-content\/uploads\/2025\/04\/Duo-UNI-Plus-17-21-kW-1.png","type":"image\/png"}],"twitter_card":"summary_large_image","twitter_misc":{"Timp estimat pentru citire":"3 minute"},"schema":{"@context":"https:\/\/schema.org","@graph":[{"@type":"WebPage","@id":"https:\/\/feroterm.ro\/altep\/produs\/cazan-altep-duo-uni-plus\/","url":"https:\/\/feroterm.ro\/altep\/produs\/cazan-altep-duo-uni-plus\/","name":"Cazan Altep Duo UNI Plus - Altep","isPartOf":{"@id":"https:\/\/feroterm.ro\/altep\/#website"},"primaryImageOfPage":{"@id":"https:\/\/feroterm.ro\/altep\/produs\/cazan-altep-duo-uni-plus\/#primaryimage"},"image":{"@id":"https:\/\/feroterm.ro\/altep\/produs\/cazan-altep-duo-uni-plus\/#primaryimage"},"thumbnailUrl":"https:\/\/feroterm.ro\/altep\/wp-content\/uploads\/2025\/04\/Duo-UNI-Plus-17-21-kW-1.png","datePublished":"2025-04-07T11:04:59+00:00","breadcrumb":{"@id":"https:\/\/feroterm.ro\/altep\/produs\/cazan-altep-duo-uni-plus\/#breadcrumb"},"inLanguage":"ro-RO","potentialAction":[{"@type":"ReadAction","target":["https:\/\/feroterm.ro\/altep\/produs\/cazan-altep-duo-uni-plus\/"]}]},{"@type":"ImageObject","inLanguage":"ro-RO","@id":"https:\/\/feroterm.ro\/altep\/produs\/cazan-altep-duo-uni-plus\/#primaryimage","url":"https:\/\/feroterm.ro\/altep\/wp-content\/uploads\/2025\/04\/Duo-UNI-Plus-17-21-kW-1.png","contentUrl":"https:\/\/feroterm.ro\/altep\/wp-content\/uploads\/2025\/04\/Duo-UNI-Plus-17-21-kW-1.png","width":1024,"height":1024},{"@type":"BreadcrumbList","@id":"https:\/\/feroterm.ro\/altep\/produs\/cazan-altep-duo-uni-plus\/#breadcrumb","itemListElement":[{"@type":"ListItem","position":1,"name":"Magazin","item":"https:\/\/feroterm.ro\/altep\/magazin\/"},{"@type":"ListItem","position":2,"name":"Cazan Altep Duo UNI Plus"}]},{"@type":"WebSite","@id":"https:\/\/feroterm.ro\/altep\/#website","url":"https:\/\/feroterm.ro\/altep\/","name":"FEROTERM","description":"Comercializam toata gama de cazane Altep","publisher":{"@id":"https:\/\/feroterm.ro\/altep\/#organization"},"potentialAction":[{"@type":"SearchAction","target":{"@type":"EntryPoint","urlTemplate":"https:\/\/feroterm.ro\/altep\/?s={search_term_string}"},"query-input":{"@type":"PropertyValueSpecification","valueRequired":true,"valueName":"search_term_string"}}],"inLanguage":"ro-RO"},{"@type":"Organization","@id":"https:\/\/feroterm.ro\/altep\/#organization","name":"FEROTERM","url":"https:\/\/feroterm.ro\/altep\/","logo":{"@type":"ImageObject","inLanguage":"ro-RO","@id":"https:\/\/feroterm.ro\/altep\/#\/schema\/logo\/image\/","url":"https:\/\/feroterm.ro\/altep\/wp-content\/uploads\/2025\/04\/logo-feroterm.png","contentUrl":"https:\/\/feroterm.ro\/altep\/wp-content\/uploads\/2025\/04\/logo-feroterm.png","width":346,"height":56,"caption":"FEROTERM"},"image":{"@id":"https:\/\/feroterm.ro\/altep\/#\/schema\/logo\/image\/"}}]}},"_links":{"self":[{"href":"https:\/\/feroterm.ro\/altep\/wp-json\/wp\/v2\/product\/6602","targetHints":{"allow":["GET"]}}],"collection":[{"href":"https:\/\/feroterm.ro\/altep\/wp-json\/wp\/v2\/product"}],"about":[{"href":"https:\/\/feroterm.ro\/altep\/wp-json\/wp\/v2\/types\/product"}],"replies":[{"embeddable":true,"href":"https:\/\/feroterm.ro\/altep\/wp-json\/wp\/v2\/comments?post=6602"}],"wp:featuredmedia":[{"embeddable":true,"href":"https:\/\/feroterm.ro\/altep\/wp-json\/wp\/v2\/media\/6604"}],"wp:attachment":[{"href":"https:\/\/feroterm.ro\/altep\/wp-json\/wp\/v2\/media?parent=6602"}],"wp:term":[{"taxonomy":"product_brand","embeddable":true,"href":"https:\/\/feroterm.ro\/altep\/wp-json\/wp\/v2\/product_brand?post=6602"},{"taxonomy":"product_cat","embeddable":true,"href":"https:\/\/feroterm.ro\/altep\/wp-json\/wp\/v2\/product_cat?post=6602"},{"taxonomy":"product_tag","embeddable":true,"href":"https:\/\/feroterm.ro\/altep\/wp-json\/wp\/v2\/product_tag?post=6602"}],"curies":[{"name":"wp","href":"https:\/\/api.w.org\/{rel}","templated":true}]}}