{"id":6563,"date":"2025-04-07T10:33:37","date_gmt":"2025-04-07T10:33:37","guid":{"rendered":"https:\/\/feroterm.ro\/altep\/?post_type=product&#038;p=6563"},"modified":"2025-04-07T10:36:06","modified_gmt":"2025-04-07T10:36:06","slug":"cazan-industrial-altep-agro","status":"publish","type":"product","link":"https:\/\/feroterm.ro\/altep\/produs\/cazan-industrial-altep-agro\/","title":{"rendered":"Cazan industrial Altep AGRO"},"content":{"rendered":"<h3>AGRO<\/h3>\n<p>Este un cazan industrial cu schimb\u0103tor de caldura din \u021bevi pe combustibil solid, cu alimentare manuala.\u00a0Acest cazan este prevazut sa func\u021bioneze pe balo\u021bi de paie cu forma cilindrica dar si dreptunghiulara.\u00a0Umiditatea balo\u021bilor de paie nu trebuie sa dep\u0103\u0219easc\u0103\u00a0<b>20% &#8211; 25%<\/b>, acestea fiind bine uscate \u00eenainte de a fi balotate timp de c\u00e2teva zile\u00a0\u00a0\u00eenainte. Cele mai bune pentru ardere sunt acelea care au fost uscate dupa c\u00e2teva ploi si dupa balotate.<\/p>\n<p>Cazanul AGRO are o camera de ardere foarte voluminoas\u0103, este prev\u0103zut\u0103 pentru alimentare cu un balot din paie mare sau c\u00e2\u021biva balo\u021bi mai mici \u0219i arderea acestora.<br \/>\nTemperatura este controlata de un microprocesor incorporat \u00eentr-un controller automatizat. Acesta stabilizeaz\u0103 temperatura apei prin reducerea \u0219i cre\u0219terea constanta a num\u0103rului de rota\u021bii ale ventilatorului ce alimenteaz\u0103 cazanul cu aer circular. Partea convex\u0103 a cazanului este format\u0103 din doua r\u00e2nduri de tuburi de foc.<br \/>\nAvantajele de baza ale cazanului sunt : siguran\u021ba, eficien\u021ba, fiabilitate, economie combustibili, durata de ardere \u00eendelungat\u0103 dup\u0103 o singura \u00eenc\u0103rcare a combustibilului \u00een cazan.<\/p>\n<table class=\"table table-hover\">\n<thead class=\"thead-dark\">\n<tr>\n<th>Parametri<\/th>\n<th><abbr title=\"Unitate de m\u0103sur\u0103\">U.M.<\/abbr><\/th>\n<th colspan=\"2\">Altep AGRO<\/th>\n<\/tr>\n<\/thead>\n<tbody>\n<tr>\n<th>Puterea nominal\u0103 a cazanului<\/th>\n<td>kW<\/td>\n<td>150-300<\/td>\n<td>300-600<\/td>\n<\/tr>\n<tr>\n<th>Combustibil<\/th>\n<td>\u2013<\/td>\n<td colspan=\"2\">Paie, umiditate max 20%<\/td>\n<\/tr>\n<tr>\n<th>Suprafa\u021ba schimb\u0103torului de c\u0103ldur\u0103<\/th>\n<td>m\u00b2<\/td>\n<td>22<\/td>\n<td>58,5<\/td>\n<\/tr>\n<tr>\n<th>Randament<\/th>\n<td>%<\/td>\n<td colspan=\"2\">86<\/td>\n<\/tr>\n<\/tbody>\n<thead class=\"thead-dark\">\n<tr>\n<th colspan=\"4\">Dimensiunile camerei de ardere<\/th>\n<\/tr>\n<\/thead>\n<tbody>\n<tr>\n<th>Ad\u00e2ncime<\/th>\n<td>mm<\/td>\n<td>1440<\/td>\n<td>3165<\/td>\n<\/tr>\n<tr>\n<th>Diametru<\/th>\n<td>mm<\/td>\n<td>1300<\/td>\n<td>1600<\/td>\n<\/tr>\n<tr>\n<th>Volum<\/th>\n<td>dm\u00b3<\/td>\n<td>1900<\/td>\n<td>5060<\/td>\n<\/tr>\n<tr>\n<th>Volumul apei din cazan<\/th>\n<td>m\u00b3<\/td>\n<td>3,1<\/td>\n<td>5,78<\/td>\n<\/tr>\n<tr>\n<th>Greutate cazan, f\u0103r\u0103 ap\u0103<\/th>\n<td>kg<\/td>\n<td>3000<\/td>\n<td>7000<\/td>\n<\/tr>\n<tr>\n<th>Tiraj necesar ale gazelor arse<\/th>\n<td>Pa<\/td>\n<td colspan=\"2\">60-80<\/td>\n<\/tr>\n<tr>\n<th>Temperatura gazelor arse la ie\u0219ire din cazan<\/th>\n<td>\u00b0C<\/td>\n<td colspan=\"2\">100-180<\/td>\n<\/tr>\n<tr>\n<th>Temperatura min a apei recomandata<\/th>\n<td>\u00b0C<\/td>\n<td colspan=\"2\">58<\/td>\n<\/tr>\n<tr>\n<th>Temperatura maxima a apei<\/th>\n<td>\u00b0C<\/td>\n<td colspan=\"2\">85<\/td>\n<\/tr>\n<tr>\n<th>Presiunea nominal\u0103 a apei (max admisa)<\/th>\n<td>mPa<\/td>\n<td colspan=\"2\">0,30<\/td>\n<\/tr>\n<tr>\n<th>Presiunea experimentat\u0103 a apei, max<\/th>\n<td>mPa<\/td>\n<td colspan=\"2\">0,50<\/td>\n<\/tr>\n<tr>\n<th>Consum curent electric, max<\/th>\n<td>W<\/td>\n<td>270<\/td>\n<td>1500<\/td>\n<\/tr>\n<tr>\n<th>\u00cembinarea exterioar\u0103 la co\u0219ul de fum<\/th>\n<td>mm<\/td>\n<td colspan=\"2\">298<\/td>\n<\/tr>\n<tr>\n<th>Diametrul \u021bevilor re\u021belei de apa (Du)<\/th>\n<td>mm<\/td>\n<td colspan=\"2\">80 (FL)<\/td>\n<\/tr>\n<\/tbody>\n<thead class=\"thead-dark\">\n<tr>\n<th colspan=\"4\">Dimensiuni burlan<\/th>\n<\/tr>\n<\/thead>\n<tbody>\n<tr>\n<th>Sec\u021biunea transversal\u0103<\/th>\n<td>cm\u00b2<\/td>\n<td>706<\/td>\n<td>1970<\/td>\n<\/tr>\n<tr>\n<th>Diametrul interior<\/th>\n<td>mm<\/td>\n<td>300<\/td>\n<td>500<\/td>\n<\/tr>\n<tr>\n<th>\u00cen\u0103l\u021bime (min admisa)<\/th>\n<td>m<\/td>\n<td>10<\/td>\n<td>16<\/td>\n<\/tr>\n<tr>\n<th>Diametrul \u021bevii de sub siguran\u021bele supapei (Du)<\/th>\n<td>mm<\/td>\n<td colspan=\"2\">50 (FL)<\/td>\n<\/tr>\n<\/tbody>\n<\/table>\n","protected":false},"excerpt":{"rendered":"<p>AGRO \u2013cazan industrial cu tuburi de foc cu alimentare manuala , care poate fi instalat \u00een module mobile cat \u0219i \u00een cele fixe cu circuit \u00eenchis al sistemului de \u00eenc\u0103lzire.<br \/>\nCazanul este prev\u0103zut sa incalzeasca spa\u021bii menajere,industriale \u0219i alte loca\u021bii de dimensiuni mari preg\u0103tind \u0219i furnizand caldura \u00een timpul arderii balotilor de paie.<\/p>\n","protected":false},"featured_media":6567,"comment_status":"open","ping_status":"closed","template":"","meta":[],"product_brand":[],"product_cat":[54],"product_tag":[],"class_list":{"0":"post-6563","1":"product","2":"type-product","3":"status-publish","4":"has-post-thumbnail","6":"product_cat-centrale-si-cazane-industriale","8":"first","9":"instock","10":"shipping-taxable","11":"purchasable","12":"product-type-variable"},"yoast_head":"<!-- This site is optimized with the Yoast SEO Premium plugin v21.2 (Yoast SEO v24.8.1) - https:\/\/yoast.com\/wordpress\/plugins\/seo\/ -->\n<title>Cazan industrial Altep AGRO - Altep<\/title>\n<meta name=\"robots\" content=\"index, follow, max-snippet:-1, max-image-preview:large, max-video-preview:-1\" \/>\n<link rel=\"canonical\" href=\"https:\/\/feroterm.ro\/altep\/produs\/cazan-industrial-altep-agro\/\" \/>\n<meta property=\"og:locale\" content=\"ro_RO\" \/>\n<meta property=\"og:type\" content=\"article\" \/>\n<meta property=\"og:title\" content=\"Cazan industrial Altep AGRO - Altep\" \/>\n<meta property=\"og:description\" content=\"AGRO \u2013cazan industrial cu tuburi de foc cu alimentare manuala , care poate fi instalat \u00een module mobile cat \u0219i \u00een cele fixe cu circuit \u00eenchis al sistemului de \u00eenc\u0103lzire. Cazanul este prev\u0103zut sa incalzeasca spa\u021bii menajere,industriale \u0219i alte loca\u021bii de dimensiuni mari preg\u0103tind \u0219i furnizand caldura \u00een timpul arderii balotilor de paie.\" \/>\n<meta property=\"og:url\" content=\"https:\/\/feroterm.ro\/altep\/produs\/cazan-industrial-altep-agro\/\" \/>\n<meta property=\"og:site_name\" content=\"FEROTERM\" \/>\n<meta property=\"article:modified_time\" content=\"2025-04-07T10:36:06+00:00\" \/>\n<meta property=\"og:image\" content=\"https:\/\/feroterm.ro\/altep\/wp-content\/uploads\/2025\/04\/AGRO-300-600-kW.jpg\" \/>\n\t<meta property=\"og:image:width\" content=\"482\" \/>\n\t<meta property=\"og:image:height\" content=\"482\" \/>\n\t<meta property=\"og:image:type\" content=\"image\/jpeg\" \/>\n<meta name=\"twitter:card\" content=\"summary_large_image\" \/>\n<meta name=\"twitter:label1\" content=\"Timp estimat pentru citire\" \/>\n\t<meta name=\"twitter:data1\" content=\"2 minute\" \/>\n<script type=\"application\/ld+json\" class=\"yoast-schema-graph\">{\"@context\":\"https:\/\/schema.org\",\"@graph\":[{\"@type\":\"WebPage\",\"@id\":\"https:\/\/feroterm.ro\/altep\/produs\/cazan-industrial-altep-agro\/\",\"url\":\"https:\/\/feroterm.ro\/altep\/produs\/cazan-industrial-altep-agro\/\",\"name\":\"Cazan industrial Altep AGRO - Altep\",\"isPartOf\":{\"@id\":\"https:\/\/feroterm.ro\/altep\/#website\"},\"primaryImageOfPage\":{\"@id\":\"https:\/\/feroterm.ro\/altep\/produs\/cazan-industrial-altep-agro\/#primaryimage\"},\"image\":{\"@id\":\"https:\/\/feroterm.ro\/altep\/produs\/cazan-industrial-altep-agro\/#primaryimage\"},\"thumbnailUrl\":\"https:\/\/feroterm.ro\/altep\/wp-content\/uploads\/2025\/04\/AGRO-300-600-kW.jpg\",\"datePublished\":\"2025-04-07T10:33:37+00:00\",\"dateModified\":\"2025-04-07T10:36:06+00:00\",\"breadcrumb\":{\"@id\":\"https:\/\/feroterm.ro\/altep\/produs\/cazan-industrial-altep-agro\/#breadcrumb\"},\"inLanguage\":\"ro-RO\",\"potentialAction\":[{\"@type\":\"ReadAction\",\"target\":[\"https:\/\/feroterm.ro\/altep\/produs\/cazan-industrial-altep-agro\/\"]}]},{\"@type\":\"ImageObject\",\"inLanguage\":\"ro-RO\",\"@id\":\"https:\/\/feroterm.ro\/altep\/produs\/cazan-industrial-altep-agro\/#primaryimage\",\"url\":\"https:\/\/feroterm.ro\/altep\/wp-content\/uploads\/2025\/04\/AGRO-300-600-kW.jpg\",\"contentUrl\":\"https:\/\/feroterm.ro\/altep\/wp-content\/uploads\/2025\/04\/AGRO-300-600-kW.jpg\",\"width\":482,\"height\":482},{\"@type\":\"BreadcrumbList\",\"@id\":\"https:\/\/feroterm.ro\/altep\/produs\/cazan-industrial-altep-agro\/#breadcrumb\",\"itemListElement\":[{\"@type\":\"ListItem\",\"position\":1,\"name\":\"Magazin\",\"item\":\"https:\/\/feroterm.ro\/altep\/magazin\/\"},{\"@type\":\"ListItem\",\"position\":2,\"name\":\"Cazan industrial Altep AGRO\"}]},{\"@type\":\"WebSite\",\"@id\":\"https:\/\/feroterm.ro\/altep\/#website\",\"url\":\"https:\/\/feroterm.ro\/altep\/\",\"name\":\"FEROTERM\",\"description\":\"Comercializam toata gama de cazane Altep\",\"publisher\":{\"@id\":\"https:\/\/feroterm.ro\/altep\/#organization\"},\"potentialAction\":[{\"@type\":\"SearchAction\",\"target\":{\"@type\":\"EntryPoint\",\"urlTemplate\":\"https:\/\/feroterm.ro\/altep\/?s={search_term_string}\"},\"query-input\":{\"@type\":\"PropertyValueSpecification\",\"valueRequired\":true,\"valueName\":\"search_term_string\"}}],\"inLanguage\":\"ro-RO\"},{\"@type\":\"Organization\",\"@id\":\"https:\/\/feroterm.ro\/altep\/#organization\",\"name\":\"FEROTERM\",\"url\":\"https:\/\/feroterm.ro\/altep\/\",\"logo\":{\"@type\":\"ImageObject\",\"inLanguage\":\"ro-RO\",\"@id\":\"https:\/\/feroterm.ro\/altep\/#\/schema\/logo\/image\/\",\"url\":\"https:\/\/feroterm.ro\/altep\/wp-content\/uploads\/2025\/04\/logo-feroterm.png\",\"contentUrl\":\"https:\/\/feroterm.ro\/altep\/wp-content\/uploads\/2025\/04\/logo-feroterm.png\",\"width\":346,\"height\":56,\"caption\":\"FEROTERM\"},\"image\":{\"@id\":\"https:\/\/feroterm.ro\/altep\/#\/schema\/logo\/image\/\"}}]}<\/script>\n<!-- \/ Yoast SEO Premium plugin. -->","yoast_head_json":{"title":"Cazan industrial Altep AGRO - Altep","robots":{"index":"index","follow":"follow","max-snippet":"max-snippet:-1","max-image-preview":"max-image-preview:large","max-video-preview":"max-video-preview:-1"},"canonical":"https:\/\/feroterm.ro\/altep\/produs\/cazan-industrial-altep-agro\/","og_locale":"ro_RO","og_type":"article","og_title":"Cazan industrial Altep AGRO - Altep","og_description":"AGRO \u2013cazan industrial cu tuburi de foc cu alimentare manuala , care poate fi instalat \u00een module mobile cat \u0219i \u00een cele fixe cu circuit \u00eenchis al sistemului de \u00eenc\u0103lzire. Cazanul este prev\u0103zut sa incalzeasca spa\u021bii menajere,industriale \u0219i alte loca\u021bii de dimensiuni mari preg\u0103tind \u0219i furnizand caldura \u00een timpul arderii balotilor de paie.","og_url":"https:\/\/feroterm.ro\/altep\/produs\/cazan-industrial-altep-agro\/","og_site_name":"FEROTERM","article_modified_time":"2025-04-07T10:36:06+00:00","og_image":[{"width":482,"height":482,"url":"https:\/\/feroterm.ro\/altep\/wp-content\/uploads\/2025\/04\/AGRO-300-600-kW.jpg","type":"image\/jpeg"}],"twitter_card":"summary_large_image","twitter_misc":{"Timp estimat pentru citire":"2 minute"},"schema":{"@context":"https:\/\/schema.org","@graph":[{"@type":"WebPage","@id":"https:\/\/feroterm.ro\/altep\/produs\/cazan-industrial-altep-agro\/","url":"https:\/\/feroterm.ro\/altep\/produs\/cazan-industrial-altep-agro\/","name":"Cazan industrial Altep AGRO - Altep","isPartOf":{"@id":"https:\/\/feroterm.ro\/altep\/#website"},"primaryImageOfPage":{"@id":"https:\/\/feroterm.ro\/altep\/produs\/cazan-industrial-altep-agro\/#primaryimage"},"image":{"@id":"https:\/\/feroterm.ro\/altep\/produs\/cazan-industrial-altep-agro\/#primaryimage"},"thumbnailUrl":"https:\/\/feroterm.ro\/altep\/wp-content\/uploads\/2025\/04\/AGRO-300-600-kW.jpg","datePublished":"2025-04-07T10:33:37+00:00","dateModified":"2025-04-07T10:36:06+00:00","breadcrumb":{"@id":"https:\/\/feroterm.ro\/altep\/produs\/cazan-industrial-altep-agro\/#breadcrumb"},"inLanguage":"ro-RO","potentialAction":[{"@type":"ReadAction","target":["https:\/\/feroterm.ro\/altep\/produs\/cazan-industrial-altep-agro\/"]}]},{"@type":"ImageObject","inLanguage":"ro-RO","@id":"https:\/\/feroterm.ro\/altep\/produs\/cazan-industrial-altep-agro\/#primaryimage","url":"https:\/\/feroterm.ro\/altep\/wp-content\/uploads\/2025\/04\/AGRO-300-600-kW.jpg","contentUrl":"https:\/\/feroterm.ro\/altep\/wp-content\/uploads\/2025\/04\/AGRO-300-600-kW.jpg","width":482,"height":482},{"@type":"BreadcrumbList","@id":"https:\/\/feroterm.ro\/altep\/produs\/cazan-industrial-altep-agro\/#breadcrumb","itemListElement":[{"@type":"ListItem","position":1,"name":"Magazin","item":"https:\/\/feroterm.ro\/altep\/magazin\/"},{"@type":"ListItem","position":2,"name":"Cazan industrial Altep AGRO"}]},{"@type":"WebSite","@id":"https:\/\/feroterm.ro\/altep\/#website","url":"https:\/\/feroterm.ro\/altep\/","name":"FEROTERM","description":"Comercializam toata gama de cazane Altep","publisher":{"@id":"https:\/\/feroterm.ro\/altep\/#organization"},"potentialAction":[{"@type":"SearchAction","target":{"@type":"EntryPoint","urlTemplate":"https:\/\/feroterm.ro\/altep\/?s={search_term_string}"},"query-input":{"@type":"PropertyValueSpecification","valueRequired":true,"valueName":"search_term_string"}}],"inLanguage":"ro-RO"},{"@type":"Organization","@id":"https:\/\/feroterm.ro\/altep\/#organization","name":"FEROTERM","url":"https:\/\/feroterm.ro\/altep\/","logo":{"@type":"ImageObject","inLanguage":"ro-RO","@id":"https:\/\/feroterm.ro\/altep\/#\/schema\/logo\/image\/","url":"https:\/\/feroterm.ro\/altep\/wp-content\/uploads\/2025\/04\/logo-feroterm.png","contentUrl":"https:\/\/feroterm.ro\/altep\/wp-content\/uploads\/2025\/04\/logo-feroterm.png","width":346,"height":56,"caption":"FEROTERM"},"image":{"@id":"https:\/\/feroterm.ro\/altep\/#\/schema\/logo\/image\/"}}]}},"_links":{"self":[{"href":"https:\/\/feroterm.ro\/altep\/wp-json\/wp\/v2\/product\/6563","targetHints":{"allow":["GET"]}}],"collection":[{"href":"https:\/\/feroterm.ro\/altep\/wp-json\/wp\/v2\/product"}],"about":[{"href":"https:\/\/feroterm.ro\/altep\/wp-json\/wp\/v2\/types\/product"}],"replies":[{"embeddable":true,"href":"https:\/\/feroterm.ro\/altep\/wp-json\/wp\/v2\/comments?post=6563"}],"wp:featuredmedia":[{"embeddable":true,"href":"https:\/\/feroterm.ro\/altep\/wp-json\/wp\/v2\/media\/6567"}],"wp:attachment":[{"href":"https:\/\/feroterm.ro\/altep\/wp-json\/wp\/v2\/media?parent=6563"}],"wp:term":[{"taxonomy":"product_brand","embeddable":true,"href":"https:\/\/feroterm.ro\/altep\/wp-json\/wp\/v2\/product_brand?post=6563"},{"taxonomy":"product_cat","embeddable":true,"href":"https:\/\/feroterm.ro\/altep\/wp-json\/wp\/v2\/product_cat?post=6563"},{"taxonomy":"product_tag","embeddable":true,"href":"https:\/\/feroterm.ro\/altep\/wp-json\/wp\/v2\/product_tag?post=6563"}],"curies":[{"name":"wp","href":"https:\/\/api.w.org\/{rel}","templated":true}]}}