{"id":6548,"date":"2025-04-07T10:21:20","date_gmt":"2025-04-07T10:21:20","guid":{"rendered":"https:\/\/feroterm.ro\/altep\/?post_type=product&#038;p=6548"},"modified":"2025-04-07T10:21:20","modified_gmt":"2025-04-07T10:21:20","slug":"arzator-altep","status":"publish","type":"product","link":"https:\/\/feroterm.ro\/altep\/produs\/arzator-altep\/","title":{"rendered":"Arzator Altep"},"content":{"rendered":"<h3>Caracteristici<\/h3>\n<p>Arz\u0103toarele cu pele\u021bi Altep sunt un dispozitiv tehnologic modern pentru arderea biomasei. Arz\u0103toarele sunt echipate cu un mecanism care cur\u0103\u021b\u0103 arz\u0103torul de zgur\u0103 \u0219i cenu\u0219\u0103 formate in urma arderii combustibilului.<\/p>\n<p>Aprinderea arz\u0103torului, arderea combustibilului, stingerea \u0219i cur\u0103\u021barea arz\u0103torului se efectueaz\u0103 automat, adic\u0103 arz\u0103torul nu are nevoie de \u00eentre\u021binere. Aprinderea const\u0103 \u00een \u00eenc\u0103rcarea ini\u021bial\u0103 \u0219i aprinderea fl\u0103c\u0103rii prin \u00eenc\u0103lzirea combustibilului la temperatura de aprindere, folosind o brichet\u0103 instalat\u0103 \u00een arz\u0103tor. Arderea \u0219i stingerea arz\u0103torului sunt controlate de dispozitivul de control (vezi manualul dispozitivul de control).<\/p>\n<p>Cur\u0103\u021barea const\u0103 \u00een aruncarea reziduurilor de combustie. Cur\u0103\u021barea se efectueaz\u0103 ciclic \u0219i contribuie la arderea complet\u0103 a combustibilului, ceea ce asigur\u0103 func\u021bionarea economic\u0103 \u0219i respectarea mediului.Cur\u0103\u021barea prelunge\u0219te durata de via\u021b\u0103 a arz\u0103torului. Arz\u0103toarele de acest tip sunt compatibile cu cazanele de \u00eenc\u0103lzire cu combustibil solid, precum \u0219i cu unele cazane pe gaz \u0219i pe ulei echipate cu o camer\u0103 de ardere \u0219i cutie de cenu\u0219\u0103.<\/p>\n<p>Arz\u0103torul Altep este un dispozitiv ecologic conceput pentru a arde combustibili din surse regenerabile, cum ar fi pelete sau agro-pelete. Arz\u0103torul este controlat de dispozitivul de control inclus in pachetul de livrare a dispozitivului de control. Reglarea lin\u0103 a raportului combustibil-oxigen v\u0103 permite s\u0103 regla\u021bi puterea dispozitivului \u00een func\u021bie de necesit\u0103\u021bi. La dispozitivul de control pot fi conectate p\u00e2n\u0103 la 4 pompe \u0219i 3 supape de amestecare. Poate deservi p\u00e2n\u0103 la 6 senzori de temperatur\u0103 (inclusiv senzori pentru sistemul de \u00eenc\u0103lzire, ap\u0103 cald\u0103 menajer\u0103, supap\u0103, debit de retur, senzori tampon rezervor). Numeroase solu\u021bii pentru confort sporit, inclusiv senzorul de gaze arse PID, regulatorul de camer\u0103, sonda lambda, fac \u00eentre\u021binerea \u0219i func\u021bionarea arz\u0103torului c\u00e2t mai simple \u0219i convenabile posibil.<\/p>\n<p>Arz\u0103torul este echipat cu numeroase dispozitive de protec\u021bie \u00eempotriva incendiilor care opresc alimentarea cu combustibil \u00een caz de accident sau supra\u00eenc\u0103lzire, iar acest lucru, la r\u00e2ndul s\u0103u, ajut\u0103 la prevenirea r\u0103sp\u00e2ndirii focului \u0219i a producerii unui incendiu. Penile de curent nu vor afecta negativ dispozitivul, deoarece doar o cantitate mic\u0103 de combustibil este alimentat\u0103 \u00een camera de ardere.<\/p>\n<p>Combustibilul care intr\u0103 \u00een arz\u0103tor trebuie depozitat \u00eentr-un recipient \u00eenchis ermetic \u0219i trebuie transportat folosind un alimentator spiralat Altep cu lungime \u0219i capacitate corespunz\u0103toare.<\/p>\n","protected":false},"excerpt":{"rendered":"<p>Caracteristici Arz\u0103toarele cu pele\u021bi Altep sunt un dispozitiv tehnologic modern pentru arderea biomasei. Arz\u0103toarele sunt echipate cu un mecanism care cur\u0103\u021b\u0103 arz\u0103torul de zgur\u0103 \u0219i cenu\u0219\u0103 formate in urma arderii combustibilului. Aprinderea arz\u0103torului, arderea combustibilului, stingerea \u0219i cur\u0103\u021barea arz\u0103torului se efectueaz\u0103 automat, adic\u0103 arz\u0103torul nu are nevoie de \u00eentre\u021binere. Aprinderea const\u0103 \u00een \u00eenc\u0103rcarea ini\u021bial\u0103 \u0219i [&#8230;]\n","protected":false},"featured_media":6560,"comment_status":"open","ping_status":"closed","template":"","meta":[],"product_brand":[],"product_cat":[56],"product_tag":[],"class_list":{"0":"post-6548","1":"product","2":"type-product","3":"status-publish","4":"has-post-thumbnail","6":"product_cat-arzatoare-pe-peleti","8":"first","9":"instock","10":"shipping-taxable","11":"purchasable","12":"product-type-variable"},"yoast_head":"<!-- This site is optimized with the Yoast SEO Premium plugin v21.2 (Yoast SEO v24.8.1) - https:\/\/yoast.com\/wordpress\/plugins\/seo\/ -->\n<title>Arzator Altep - Altep<\/title>\n<meta name=\"robots\" content=\"index, follow, max-snippet:-1, max-image-preview:large, max-video-preview:-1\" \/>\n<link rel=\"canonical\" href=\"https:\/\/feroterm.ro\/altep\/produs\/arzator-altep\/\" \/>\n<meta property=\"og:locale\" content=\"ro_RO\" \/>\n<meta property=\"og:type\" content=\"article\" \/>\n<meta property=\"og:title\" content=\"Arzator Altep - Altep\" \/>\n<meta property=\"og:description\" content=\"Caracteristici Arz\u0103toarele cu pele\u021bi Altep sunt un dispozitiv tehnologic modern pentru arderea biomasei. Arz\u0103toarele sunt echipate cu un mecanism care cur\u0103\u021b\u0103 arz\u0103torul de zgur\u0103 \u0219i cenu\u0219\u0103 formate in urma arderii combustibilului. Aprinderea arz\u0103torului, arderea combustibilului, stingerea \u0219i cur\u0103\u021barea arz\u0103torului se efectueaz\u0103 automat, adic\u0103 arz\u0103torul nu are nevoie de \u00eentre\u021binere. Aprinderea const\u0103 \u00een \u00eenc\u0103rcarea ini\u021bial\u0103 \u0219i [...]\" \/>\n<meta property=\"og:url\" content=\"https:\/\/feroterm.ro\/altep\/produs\/arzator-altep\/\" \/>\n<meta property=\"og:site_name\" content=\"FEROTERM\" \/>\n<meta property=\"og:image\" content=\"https:\/\/feroterm.ro\/altep\/wp-content\/uploads\/2025\/04\/Arzator-_Altep_-20-kW.jpg\" \/>\n\t<meta property=\"og:image:width\" content=\"450\" \/>\n\t<meta property=\"og:image:height\" content=\"450\" \/>\n\t<meta property=\"og:image:type\" content=\"image\/jpeg\" \/>\n<meta name=\"twitter:card\" content=\"summary_large_image\" \/>\n<meta name=\"twitter:label1\" content=\"Timp estimat pentru citire\" \/>\n\t<meta name=\"twitter:data1\" content=\"3 minute\" \/>\n<script type=\"application\/ld+json\" class=\"yoast-schema-graph\">{\"@context\":\"https:\/\/schema.org\",\"@graph\":[{\"@type\":\"WebPage\",\"@id\":\"https:\/\/feroterm.ro\/altep\/produs\/arzator-altep\/\",\"url\":\"https:\/\/feroterm.ro\/altep\/produs\/arzator-altep\/\",\"name\":\"Arzator Altep - Altep\",\"isPartOf\":{\"@id\":\"https:\/\/feroterm.ro\/altep\/#website\"},\"primaryImageOfPage\":{\"@id\":\"https:\/\/feroterm.ro\/altep\/produs\/arzator-altep\/#primaryimage\"},\"image\":{\"@id\":\"https:\/\/feroterm.ro\/altep\/produs\/arzator-altep\/#primaryimage\"},\"thumbnailUrl\":\"https:\/\/feroterm.ro\/altep\/wp-content\/uploads\/2025\/04\/Arzator-_Altep_-20-kW.jpg\",\"datePublished\":\"2025-04-07T10:21:20+00:00\",\"breadcrumb\":{\"@id\":\"https:\/\/feroterm.ro\/altep\/produs\/arzator-altep\/#breadcrumb\"},\"inLanguage\":\"ro-RO\",\"potentialAction\":[{\"@type\":\"ReadAction\",\"target\":[\"https:\/\/feroterm.ro\/altep\/produs\/arzator-altep\/\"]}]},{\"@type\":\"ImageObject\",\"inLanguage\":\"ro-RO\",\"@id\":\"https:\/\/feroterm.ro\/altep\/produs\/arzator-altep\/#primaryimage\",\"url\":\"https:\/\/feroterm.ro\/altep\/wp-content\/uploads\/2025\/04\/Arzator-_Altep_-20-kW.jpg\",\"contentUrl\":\"https:\/\/feroterm.ro\/altep\/wp-content\/uploads\/2025\/04\/Arzator-_Altep_-20-kW.jpg\",\"width\":450,\"height\":450},{\"@type\":\"BreadcrumbList\",\"@id\":\"https:\/\/feroterm.ro\/altep\/produs\/arzator-altep\/#breadcrumb\",\"itemListElement\":[{\"@type\":\"ListItem\",\"position\":1,\"name\":\"Magazin\",\"item\":\"https:\/\/feroterm.ro\/altep\/magazin\/\"},{\"@type\":\"ListItem\",\"position\":2,\"name\":\"Arzator Altep\"}]},{\"@type\":\"WebSite\",\"@id\":\"https:\/\/feroterm.ro\/altep\/#website\",\"url\":\"https:\/\/feroterm.ro\/altep\/\",\"name\":\"FEROTERM\",\"description\":\"Comercializam toata gama de cazane Altep\",\"publisher\":{\"@id\":\"https:\/\/feroterm.ro\/altep\/#organization\"},\"potentialAction\":[{\"@type\":\"SearchAction\",\"target\":{\"@type\":\"EntryPoint\",\"urlTemplate\":\"https:\/\/feroterm.ro\/altep\/?s={search_term_string}\"},\"query-input\":{\"@type\":\"PropertyValueSpecification\",\"valueRequired\":true,\"valueName\":\"search_term_string\"}}],\"inLanguage\":\"ro-RO\"},{\"@type\":\"Organization\",\"@id\":\"https:\/\/feroterm.ro\/altep\/#organization\",\"name\":\"FEROTERM\",\"url\":\"https:\/\/feroterm.ro\/altep\/\",\"logo\":{\"@type\":\"ImageObject\",\"inLanguage\":\"ro-RO\",\"@id\":\"https:\/\/feroterm.ro\/altep\/#\/schema\/logo\/image\/\",\"url\":\"https:\/\/feroterm.ro\/altep\/wp-content\/uploads\/2025\/04\/logo-feroterm.png\",\"contentUrl\":\"https:\/\/feroterm.ro\/altep\/wp-content\/uploads\/2025\/04\/logo-feroterm.png\",\"width\":346,\"height\":56,\"caption\":\"FEROTERM\"},\"image\":{\"@id\":\"https:\/\/feroterm.ro\/altep\/#\/schema\/logo\/image\/\"}}]}<\/script>\n<!-- \/ Yoast SEO Premium plugin. -->","yoast_head_json":{"title":"Arzator Altep - Altep","robots":{"index":"index","follow":"follow","max-snippet":"max-snippet:-1","max-image-preview":"max-image-preview:large","max-video-preview":"max-video-preview:-1"},"canonical":"https:\/\/feroterm.ro\/altep\/produs\/arzator-altep\/","og_locale":"ro_RO","og_type":"article","og_title":"Arzator Altep - Altep","og_description":"Caracteristici Arz\u0103toarele cu pele\u021bi Altep sunt un dispozitiv tehnologic modern pentru arderea biomasei. Arz\u0103toarele sunt echipate cu un mecanism care cur\u0103\u021b\u0103 arz\u0103torul de zgur\u0103 \u0219i cenu\u0219\u0103 formate in urma arderii combustibilului. Aprinderea arz\u0103torului, arderea combustibilului, stingerea \u0219i cur\u0103\u021barea arz\u0103torului se efectueaz\u0103 automat, adic\u0103 arz\u0103torul nu are nevoie de \u00eentre\u021binere. Aprinderea const\u0103 \u00een \u00eenc\u0103rcarea ini\u021bial\u0103 \u0219i [...]","og_url":"https:\/\/feroterm.ro\/altep\/produs\/arzator-altep\/","og_site_name":"FEROTERM","og_image":[{"width":450,"height":450,"url":"https:\/\/feroterm.ro\/altep\/wp-content\/uploads\/2025\/04\/Arzator-_Altep_-20-kW.jpg","type":"image\/jpeg"}],"twitter_card":"summary_large_image","twitter_misc":{"Timp estimat pentru citire":"3 minute"},"schema":{"@context":"https:\/\/schema.org","@graph":[{"@type":"WebPage","@id":"https:\/\/feroterm.ro\/altep\/produs\/arzator-altep\/","url":"https:\/\/feroterm.ro\/altep\/produs\/arzator-altep\/","name":"Arzator Altep - Altep","isPartOf":{"@id":"https:\/\/feroterm.ro\/altep\/#website"},"primaryImageOfPage":{"@id":"https:\/\/feroterm.ro\/altep\/produs\/arzator-altep\/#primaryimage"},"image":{"@id":"https:\/\/feroterm.ro\/altep\/produs\/arzator-altep\/#primaryimage"},"thumbnailUrl":"https:\/\/feroterm.ro\/altep\/wp-content\/uploads\/2025\/04\/Arzator-_Altep_-20-kW.jpg","datePublished":"2025-04-07T10:21:20+00:00","breadcrumb":{"@id":"https:\/\/feroterm.ro\/altep\/produs\/arzator-altep\/#breadcrumb"},"inLanguage":"ro-RO","potentialAction":[{"@type":"ReadAction","target":["https:\/\/feroterm.ro\/altep\/produs\/arzator-altep\/"]}]},{"@type":"ImageObject","inLanguage":"ro-RO","@id":"https:\/\/feroterm.ro\/altep\/produs\/arzator-altep\/#primaryimage","url":"https:\/\/feroterm.ro\/altep\/wp-content\/uploads\/2025\/04\/Arzator-_Altep_-20-kW.jpg","contentUrl":"https:\/\/feroterm.ro\/altep\/wp-content\/uploads\/2025\/04\/Arzator-_Altep_-20-kW.jpg","width":450,"height":450},{"@type":"BreadcrumbList","@id":"https:\/\/feroterm.ro\/altep\/produs\/arzator-altep\/#breadcrumb","itemListElement":[{"@type":"ListItem","position":1,"name":"Magazin","item":"https:\/\/feroterm.ro\/altep\/magazin\/"},{"@type":"ListItem","position":2,"name":"Arzator Altep"}]},{"@type":"WebSite","@id":"https:\/\/feroterm.ro\/altep\/#website","url":"https:\/\/feroterm.ro\/altep\/","name":"FEROTERM","description":"Comercializam toata gama de cazane Altep","publisher":{"@id":"https:\/\/feroterm.ro\/altep\/#organization"},"potentialAction":[{"@type":"SearchAction","target":{"@type":"EntryPoint","urlTemplate":"https:\/\/feroterm.ro\/altep\/?s={search_term_string}"},"query-input":{"@type":"PropertyValueSpecification","valueRequired":true,"valueName":"search_term_string"}}],"inLanguage":"ro-RO"},{"@type":"Organization","@id":"https:\/\/feroterm.ro\/altep\/#organization","name":"FEROTERM","url":"https:\/\/feroterm.ro\/altep\/","logo":{"@type":"ImageObject","inLanguage":"ro-RO","@id":"https:\/\/feroterm.ro\/altep\/#\/schema\/logo\/image\/","url":"https:\/\/feroterm.ro\/altep\/wp-content\/uploads\/2025\/04\/logo-feroterm.png","contentUrl":"https:\/\/feroterm.ro\/altep\/wp-content\/uploads\/2025\/04\/logo-feroterm.png","width":346,"height":56,"caption":"FEROTERM"},"image":{"@id":"https:\/\/feroterm.ro\/altep\/#\/schema\/logo\/image\/"}}]}},"_links":{"self":[{"href":"https:\/\/feroterm.ro\/altep\/wp-json\/wp\/v2\/product\/6548","targetHints":{"allow":["GET"]}}],"collection":[{"href":"https:\/\/feroterm.ro\/altep\/wp-json\/wp\/v2\/product"}],"about":[{"href":"https:\/\/feroterm.ro\/altep\/wp-json\/wp\/v2\/types\/product"}],"replies":[{"embeddable":true,"href":"https:\/\/feroterm.ro\/altep\/wp-json\/wp\/v2\/comments?post=6548"}],"wp:featuredmedia":[{"embeddable":true,"href":"https:\/\/feroterm.ro\/altep\/wp-json\/wp\/v2\/media\/6560"}],"wp:attachment":[{"href":"https:\/\/feroterm.ro\/altep\/wp-json\/wp\/v2\/media?parent=6548"}],"wp:term":[{"taxonomy":"product_brand","embeddable":true,"href":"https:\/\/feroterm.ro\/altep\/wp-json\/wp\/v2\/product_brand?post=6548"},{"taxonomy":"product_cat","embeddable":true,"href":"https:\/\/feroterm.ro\/altep\/wp-json\/wp\/v2\/product_cat?post=6548"},{"taxonomy":"product_tag","embeddable":true,"href":"https:\/\/feroterm.ro\/altep\/wp-json\/wp\/v2\/product_tag?post=6548"}],"curies":[{"name":"wp","href":"https:\/\/api.w.org\/{rel}","templated":true}]}}