{"id":6531,"date":"2025-04-07T10:16:57","date_gmt":"2025-04-07T10:16:57","guid":{"rendered":"https:\/\/feroterm.ro\/altep\/?post_type=product&#038;p=6531"},"modified":"2025-04-07T12:42:26","modified_gmt":"2025-04-07T12:42:26","slug":"termo-acumulator-rotund-fara-schimbator-de-caldura","status":"publish","type":"product","link":"https:\/\/feroterm.ro\/altep\/produs\/termo-acumulator-rotund-fara-schimbator-de-caldura\/","title":{"rendered":"Termo-acumulator rotund f\u0103r\u0103 schimb\u0103tor de c\u0103ldur\u0103"},"content":{"rendered":"<h3>Termo-acumulator rotund\u00a0f\u0103r\u0103 schimb\u0103tor de c\u0103ldur\u0103<\/h3>\n<p>Boiler vertical pentru apa menajera ALTEP \u0422\u04100, \u0422\u041090, \u0422\u0410180, destinat acumul\u0103rii , conserv\u0103rii \u0219i transferului de energie termica sub forma de apa c\u0103tre sistemul de \u00eenc\u0103lzire. Pentru cazurile \u00een care este necesara o acumulare gradata de energie pentru consumul de c\u0103ldura.<\/p>\n<p>Rezervoarele tampon sunt proiectate pentru func\u021bionarea continua f\u0103r\u0103 supraveghere, cu condi\u021bia respect\u0103rii regulilor de instalare \u0219i func\u021bionare.<\/p>\n<p>Termoizolarea de la 200 la 1500 l \u2013 100 mm : \u021bes\u0103tura hidro-rezistenta cordura \u2013 material u\u0219or \u0219i rezistent.<\/p>\n<p>Pentru izolarea boilerului este folosita vata minerala ISOVER .<\/p>\n<p>Datorita caracteristicilor \u021bes\u0103turii .<\/p>\n<p>Rezist\u0103 la ardere \u0219i expunere la UV.<\/p>\n<p>Vat\u0103 mineral\u0103 ISOVER este utilizat\u0103 pentru izolare<\/p>\n<p>Izola\u021bie termic\u0103 de la 2000 la 10000 litri. &#8211; 100 mm: piele faux\u0103 \u0219i spum\u0103 poliuretanic\u0103.<\/p>\n","protected":false},"excerpt":{"rendered":"<p>Termo-acumulator rotund\u00a0f\u0103r\u0103 schimb\u0103tor de c\u0103ldur\u0103 Boiler vertical pentru apa menajera ALTEP \u0422\u04100, \u0422\u041090, \u0422\u0410180, destinat acumul\u0103rii , conserv\u0103rii \u0219i transferului de energie termica sub forma de apa c\u0103tre sistemul de \u00eenc\u0103lzire. Pentru cazurile \u00een care este necesara o acumulare gradata de energie pentru consumul de c\u0103ldura. Rezervoarele tampon sunt proiectate pentru func\u021bionarea continua f\u0103r\u0103 supraveghere, [&#8230;]\n","protected":false},"featured_media":6546,"comment_status":"open","ping_status":"closed","template":"","meta":[],"product_brand":[],"product_cat":[55,57],"product_tag":[],"class_list":{"0":"post-6531","1":"product","2":"type-product","3":"status-publish","4":"has-post-thumbnail","6":"product_cat-boilere-acumulatoare-si-puffere","7":"product_cat-accesorii","9":"first","10":"instock","11":"shipping-taxable","12":"product-type-variable"},"yoast_head":"<!-- This site is optimized with the Yoast SEO Premium plugin v21.2 (Yoast SEO v24.8.1) - https:\/\/yoast.com\/wordpress\/plugins\/seo\/ -->\n<title>Termo-acumulator rotund f\u0103r\u0103 schimb\u0103tor de c\u0103ldur\u0103 - Altep<\/title>\n<meta name=\"robots\" content=\"index, follow, max-snippet:-1, max-image-preview:large, max-video-preview:-1\" \/>\n<link rel=\"canonical\" href=\"https:\/\/feroterm.ro\/altep\/produs\/termo-acumulator-rotund-fara-schimbator-de-caldura\/\" \/>\n<meta property=\"og:locale\" content=\"ro_RO\" \/>\n<meta property=\"og:type\" content=\"article\" \/>\n<meta property=\"og:title\" content=\"Termo-acumulator rotund f\u0103r\u0103 schimb\u0103tor de c\u0103ldur\u0103 - Altep\" \/>\n<meta property=\"og:description\" content=\"Termo-acumulator rotund\u00a0f\u0103r\u0103 schimb\u0103tor de c\u0103ldur\u0103 Boiler vertical pentru apa menajera ALTEP \u0422\u04100, \u0422\u041090, \u0422\u0410180, destinat acumul\u0103rii , conserv\u0103rii \u0219i transferului de energie termica sub forma de apa c\u0103tre sistemul de \u00eenc\u0103lzire. Pentru cazurile \u00een care este necesara o acumulare gradata de energie pentru consumul de c\u0103ldura. Rezervoarele tampon sunt proiectate pentru func\u021bionarea continua f\u0103r\u0103 supraveghere, [...]\" \/>\n<meta property=\"og:url\" content=\"https:\/\/feroterm.ro\/altep\/produs\/termo-acumulator-rotund-fara-schimbator-de-caldura\/\" \/>\n<meta property=\"og:site_name\" content=\"FEROTERM\" \/>\n<meta property=\"article:modified_time\" content=\"2025-04-07T12:42:26+00:00\" \/>\n<meta property=\"og:image\" content=\"https:\/\/feroterm.ro\/altep\/wp-content\/uploads\/2025\/04\/Termo-acumulator-rotund-cu-schimbatoare-de-caldura-2.png\" \/>\n\t<meta property=\"og:image:width\" content=\"482\" \/>\n\t<meta property=\"og:image:height\" content=\"482\" \/>\n\t<meta property=\"og:image:type\" content=\"image\/png\" \/>\n<meta name=\"twitter:card\" content=\"summary_large_image\" \/>\n<meta name=\"twitter:label1\" content=\"Timp estimat pentru citire\" \/>\n\t<meta name=\"twitter:data1\" content=\"1 minut\" \/>\n<script type=\"application\/ld+json\" class=\"yoast-schema-graph\">{\"@context\":\"https:\/\/schema.org\",\"@graph\":[{\"@type\":\"WebPage\",\"@id\":\"https:\/\/feroterm.ro\/altep\/produs\/termo-acumulator-rotund-fara-schimbator-de-caldura\/\",\"url\":\"https:\/\/feroterm.ro\/altep\/produs\/termo-acumulator-rotund-fara-schimbator-de-caldura\/\",\"name\":\"Termo-acumulator rotund f\u0103r\u0103 schimb\u0103tor de c\u0103ldur\u0103 - Altep\",\"isPartOf\":{\"@id\":\"https:\/\/feroterm.ro\/altep\/#website\"},\"primaryImageOfPage\":{\"@id\":\"https:\/\/feroterm.ro\/altep\/produs\/termo-acumulator-rotund-fara-schimbator-de-caldura\/#primaryimage\"},\"image\":{\"@id\":\"https:\/\/feroterm.ro\/altep\/produs\/termo-acumulator-rotund-fara-schimbator-de-caldura\/#primaryimage\"},\"thumbnailUrl\":\"https:\/\/feroterm.ro\/altep\/wp-content\/uploads\/2025\/04\/Termo-acumulator-rotund-cu-schimbatoare-de-caldura-2.png\",\"datePublished\":\"2025-04-07T10:16:57+00:00\",\"dateModified\":\"2025-04-07T12:42:26+00:00\",\"breadcrumb\":{\"@id\":\"https:\/\/feroterm.ro\/altep\/produs\/termo-acumulator-rotund-fara-schimbator-de-caldura\/#breadcrumb\"},\"inLanguage\":\"ro-RO\",\"potentialAction\":[{\"@type\":\"ReadAction\",\"target\":[\"https:\/\/feroterm.ro\/altep\/produs\/termo-acumulator-rotund-fara-schimbator-de-caldura\/\"]}]},{\"@type\":\"ImageObject\",\"inLanguage\":\"ro-RO\",\"@id\":\"https:\/\/feroterm.ro\/altep\/produs\/termo-acumulator-rotund-fara-schimbator-de-caldura\/#primaryimage\",\"url\":\"https:\/\/feroterm.ro\/altep\/wp-content\/uploads\/2025\/04\/Termo-acumulator-rotund-cu-schimbatoare-de-caldura-2.png\",\"contentUrl\":\"https:\/\/feroterm.ro\/altep\/wp-content\/uploads\/2025\/04\/Termo-acumulator-rotund-cu-schimbatoare-de-caldura-2.png\",\"width\":482,\"height\":482},{\"@type\":\"BreadcrumbList\",\"@id\":\"https:\/\/feroterm.ro\/altep\/produs\/termo-acumulator-rotund-fara-schimbator-de-caldura\/#breadcrumb\",\"itemListElement\":[{\"@type\":\"ListItem\",\"position\":1,\"name\":\"Magazin\",\"item\":\"https:\/\/feroterm.ro\/altep\/magazin\/\"},{\"@type\":\"ListItem\",\"position\":2,\"name\":\"Termo-acumulator rotund f\u0103r\u0103 schimb\u0103tor de c\u0103ldur\u0103\"}]},{\"@type\":\"WebSite\",\"@id\":\"https:\/\/feroterm.ro\/altep\/#website\",\"url\":\"https:\/\/feroterm.ro\/altep\/\",\"name\":\"FEROTERM\",\"description\":\"Comercializam toata gama de cazane Altep\",\"publisher\":{\"@id\":\"https:\/\/feroterm.ro\/altep\/#organization\"},\"potentialAction\":[{\"@type\":\"SearchAction\",\"target\":{\"@type\":\"EntryPoint\",\"urlTemplate\":\"https:\/\/feroterm.ro\/altep\/?s={search_term_string}\"},\"query-input\":{\"@type\":\"PropertyValueSpecification\",\"valueRequired\":true,\"valueName\":\"search_term_string\"}}],\"inLanguage\":\"ro-RO\"},{\"@type\":\"Organization\",\"@id\":\"https:\/\/feroterm.ro\/altep\/#organization\",\"name\":\"FEROTERM\",\"url\":\"https:\/\/feroterm.ro\/altep\/\",\"logo\":{\"@type\":\"ImageObject\",\"inLanguage\":\"ro-RO\",\"@id\":\"https:\/\/feroterm.ro\/altep\/#\/schema\/logo\/image\/\",\"url\":\"https:\/\/feroterm.ro\/altep\/wp-content\/uploads\/2025\/04\/logo-feroterm.png\",\"contentUrl\":\"https:\/\/feroterm.ro\/altep\/wp-content\/uploads\/2025\/04\/logo-feroterm.png\",\"width\":346,\"height\":56,\"caption\":\"FEROTERM\"},\"image\":{\"@id\":\"https:\/\/feroterm.ro\/altep\/#\/schema\/logo\/image\/\"}}]}<\/script>\n<!-- \/ Yoast SEO Premium plugin. -->","yoast_head_json":{"title":"Termo-acumulator rotund f\u0103r\u0103 schimb\u0103tor de c\u0103ldur\u0103 - Altep","robots":{"index":"index","follow":"follow","max-snippet":"max-snippet:-1","max-image-preview":"max-image-preview:large","max-video-preview":"max-video-preview:-1"},"canonical":"https:\/\/feroterm.ro\/altep\/produs\/termo-acumulator-rotund-fara-schimbator-de-caldura\/","og_locale":"ro_RO","og_type":"article","og_title":"Termo-acumulator rotund f\u0103r\u0103 schimb\u0103tor de c\u0103ldur\u0103 - Altep","og_description":"Termo-acumulator rotund\u00a0f\u0103r\u0103 schimb\u0103tor de c\u0103ldur\u0103 Boiler vertical pentru apa menajera ALTEP \u0422\u04100, \u0422\u041090, \u0422\u0410180, destinat acumul\u0103rii , conserv\u0103rii \u0219i transferului de energie termica sub forma de apa c\u0103tre sistemul de \u00eenc\u0103lzire. Pentru cazurile \u00een care este necesara o acumulare gradata de energie pentru consumul de c\u0103ldura. Rezervoarele tampon sunt proiectate pentru func\u021bionarea continua f\u0103r\u0103 supraveghere, [...]","og_url":"https:\/\/feroterm.ro\/altep\/produs\/termo-acumulator-rotund-fara-schimbator-de-caldura\/","og_site_name":"FEROTERM","article_modified_time":"2025-04-07T12:42:26+00:00","og_image":[{"width":482,"height":482,"url":"https:\/\/feroterm.ro\/altep\/wp-content\/uploads\/2025\/04\/Termo-acumulator-rotund-cu-schimbatoare-de-caldura-2.png","type":"image\/png"}],"twitter_card":"summary_large_image","twitter_misc":{"Timp estimat pentru citire":"1 minut"},"schema":{"@context":"https:\/\/schema.org","@graph":[{"@type":"WebPage","@id":"https:\/\/feroterm.ro\/altep\/produs\/termo-acumulator-rotund-fara-schimbator-de-caldura\/","url":"https:\/\/feroterm.ro\/altep\/produs\/termo-acumulator-rotund-fara-schimbator-de-caldura\/","name":"Termo-acumulator rotund f\u0103r\u0103 schimb\u0103tor de c\u0103ldur\u0103 - Altep","isPartOf":{"@id":"https:\/\/feroterm.ro\/altep\/#website"},"primaryImageOfPage":{"@id":"https:\/\/feroterm.ro\/altep\/produs\/termo-acumulator-rotund-fara-schimbator-de-caldura\/#primaryimage"},"image":{"@id":"https:\/\/feroterm.ro\/altep\/produs\/termo-acumulator-rotund-fara-schimbator-de-caldura\/#primaryimage"},"thumbnailUrl":"https:\/\/feroterm.ro\/altep\/wp-content\/uploads\/2025\/04\/Termo-acumulator-rotund-cu-schimbatoare-de-caldura-2.png","datePublished":"2025-04-07T10:16:57+00:00","dateModified":"2025-04-07T12:42:26+00:00","breadcrumb":{"@id":"https:\/\/feroterm.ro\/altep\/produs\/termo-acumulator-rotund-fara-schimbator-de-caldura\/#breadcrumb"},"inLanguage":"ro-RO","potentialAction":[{"@type":"ReadAction","target":["https:\/\/feroterm.ro\/altep\/produs\/termo-acumulator-rotund-fara-schimbator-de-caldura\/"]}]},{"@type":"ImageObject","inLanguage":"ro-RO","@id":"https:\/\/feroterm.ro\/altep\/produs\/termo-acumulator-rotund-fara-schimbator-de-caldura\/#primaryimage","url":"https:\/\/feroterm.ro\/altep\/wp-content\/uploads\/2025\/04\/Termo-acumulator-rotund-cu-schimbatoare-de-caldura-2.png","contentUrl":"https:\/\/feroterm.ro\/altep\/wp-content\/uploads\/2025\/04\/Termo-acumulator-rotund-cu-schimbatoare-de-caldura-2.png","width":482,"height":482},{"@type":"BreadcrumbList","@id":"https:\/\/feroterm.ro\/altep\/produs\/termo-acumulator-rotund-fara-schimbator-de-caldura\/#breadcrumb","itemListElement":[{"@type":"ListItem","position":1,"name":"Magazin","item":"https:\/\/feroterm.ro\/altep\/magazin\/"},{"@type":"ListItem","position":2,"name":"Termo-acumulator rotund f\u0103r\u0103 schimb\u0103tor de c\u0103ldur\u0103"}]},{"@type":"WebSite","@id":"https:\/\/feroterm.ro\/altep\/#website","url":"https:\/\/feroterm.ro\/altep\/","name":"FEROTERM","description":"Comercializam toata gama de cazane Altep","publisher":{"@id":"https:\/\/feroterm.ro\/altep\/#organization"},"potentialAction":[{"@type":"SearchAction","target":{"@type":"EntryPoint","urlTemplate":"https:\/\/feroterm.ro\/altep\/?s={search_term_string}"},"query-input":{"@type":"PropertyValueSpecification","valueRequired":true,"valueName":"search_term_string"}}],"inLanguage":"ro-RO"},{"@type":"Organization","@id":"https:\/\/feroterm.ro\/altep\/#organization","name":"FEROTERM","url":"https:\/\/feroterm.ro\/altep\/","logo":{"@type":"ImageObject","inLanguage":"ro-RO","@id":"https:\/\/feroterm.ro\/altep\/#\/schema\/logo\/image\/","url":"https:\/\/feroterm.ro\/altep\/wp-content\/uploads\/2025\/04\/logo-feroterm.png","contentUrl":"https:\/\/feroterm.ro\/altep\/wp-content\/uploads\/2025\/04\/logo-feroterm.png","width":346,"height":56,"caption":"FEROTERM"},"image":{"@id":"https:\/\/feroterm.ro\/altep\/#\/schema\/logo\/image\/"}}]}},"_links":{"self":[{"href":"https:\/\/feroterm.ro\/altep\/wp-json\/wp\/v2\/product\/6531","targetHints":{"allow":["GET"]}}],"collection":[{"href":"https:\/\/feroterm.ro\/altep\/wp-json\/wp\/v2\/product"}],"about":[{"href":"https:\/\/feroterm.ro\/altep\/wp-json\/wp\/v2\/types\/product"}],"replies":[{"embeddable":true,"href":"https:\/\/feroterm.ro\/altep\/wp-json\/wp\/v2\/comments?post=6531"}],"wp:featuredmedia":[{"embeddable":true,"href":"https:\/\/feroterm.ro\/altep\/wp-json\/wp\/v2\/media\/6546"}],"wp:attachment":[{"href":"https:\/\/feroterm.ro\/altep\/wp-json\/wp\/v2\/media?parent=6531"}],"wp:term":[{"taxonomy":"product_brand","embeddable":true,"href":"https:\/\/feroterm.ro\/altep\/wp-json\/wp\/v2\/product_brand?post=6531"},{"taxonomy":"product_cat","embeddable":true,"href":"https:\/\/feroterm.ro\/altep\/wp-json\/wp\/v2\/product_cat?post=6531"},{"taxonomy":"product_tag","embeddable":true,"href":"https:\/\/feroterm.ro\/altep\/wp-json\/wp\/v2\/product_tag?post=6531"}],"curies":[{"name":"wp","href":"https:\/\/api.w.org\/{rel}","templated":true}]}}