{"id":6517,"date":"2025-04-07T10:13:02","date_gmt":"2025-04-07T10:13:02","guid":{"rendered":"https:\/\/feroterm.ro\/altep\/?post_type=product&#038;p=6517"},"modified":"2025-04-07T12:42:22","modified_gmt":"2025-04-07T12:42:22","slug":"termo-acumulator-rotund-cu-schimbatoare-de-caldura-ta1","status":"publish","type":"product","link":"https:\/\/feroterm.ro\/altep\/produs\/termo-acumulator-rotund-cu-schimbatoare-de-caldura-ta1\/","title":{"rendered":"Termo-acumulator rotund cu schimb\u0103toare de c\u0103ldur\u0103 &#8211; TA1"},"content":{"rendered":"","protected":false},"excerpt":{"rendered":"","protected":false},"featured_media":6518,"comment_status":"open","ping_status":"closed","template":"","meta":[],"product_brand":[],"product_cat":[55,57],"product_tag":[],"class_list":{"0":"post-6517","1":"product","2":"type-product","3":"status-publish","4":"has-post-thumbnail","6":"product_cat-boilere-acumulatoare-si-puffere","7":"product_cat-accesorii","9":"first","10":"instock","11":"shipping-taxable","12":"product-type-variable"},"yoast_head":"<!-- This site is optimized with the Yoast SEO Premium plugin v21.2 (Yoast SEO v24.8.1) - https:\/\/yoast.com\/wordpress\/plugins\/seo\/ -->\n<title>Termo-acumulator rotund cu schimb\u0103toare de c\u0103ldur\u0103 - TA1 - Altep<\/title>\n<meta name=\"robots\" content=\"index, follow, max-snippet:-1, max-image-preview:large, max-video-preview:-1\" \/>\n<link rel=\"canonical\" href=\"https:\/\/feroterm.ro\/altep\/produs\/termo-acumulator-rotund-cu-schimbatoare-de-caldura-ta1\/\" \/>\n<meta property=\"og:locale\" content=\"ro_RO\" \/>\n<meta property=\"og:type\" content=\"article\" \/>\n<meta property=\"og:title\" content=\"Termo-acumulator rotund cu schimb\u0103toare de c\u0103ldur\u0103 - TA1 - Altep\" \/>\n<meta property=\"og:url\" content=\"https:\/\/feroterm.ro\/altep\/produs\/termo-acumulator-rotund-cu-schimbatoare-de-caldura-ta1\/\" \/>\n<meta property=\"og:site_name\" content=\"FEROTERM\" \/>\n<meta property=\"article:modified_time\" content=\"2025-04-07T12:42:22+00:00\" \/>\n<meta property=\"og:image\" content=\"https:\/\/feroterm.ro\/altep\/wp-content\/uploads\/2025\/04\/Termo-acumulator-rotund-cu-schimbatoare-de-caldura-TA1-480-L.png\" \/>\n\t<meta property=\"og:image:width\" content=\"290\" \/>\n\t<meta property=\"og:image:height\" content=\"290\" \/>\n\t<meta property=\"og:image:type\" content=\"image\/png\" \/>\n<meta name=\"twitter:card\" content=\"summary_large_image\" \/>\n<meta name=\"twitter:label1\" content=\"Timp estimat pentru citire\" \/>\n\t<meta name=\"twitter:data1\" content=\"1 minut\" \/>\n<script type=\"application\/ld+json\" class=\"yoast-schema-graph\">{\"@context\":\"https:\/\/schema.org\",\"@graph\":[{\"@type\":\"WebPage\",\"@id\":\"https:\/\/feroterm.ro\/altep\/produs\/termo-acumulator-rotund-cu-schimbatoare-de-caldura-ta1\/\",\"url\":\"https:\/\/feroterm.ro\/altep\/produs\/termo-acumulator-rotund-cu-schimbatoare-de-caldura-ta1\/\",\"name\":\"Termo-acumulator rotund cu schimb\u0103toare de c\u0103ldur\u0103 - TA1 - Altep\",\"isPartOf\":{\"@id\":\"https:\/\/feroterm.ro\/altep\/#website\"},\"primaryImageOfPage\":{\"@id\":\"https:\/\/feroterm.ro\/altep\/produs\/termo-acumulator-rotund-cu-schimbatoare-de-caldura-ta1\/#primaryimage\"},\"image\":{\"@id\":\"https:\/\/feroterm.ro\/altep\/produs\/termo-acumulator-rotund-cu-schimbatoare-de-caldura-ta1\/#primaryimage\"},\"thumbnailUrl\":\"https:\/\/feroterm.ro\/altep\/wp-content\/uploads\/2025\/04\/Termo-acumulator-rotund-cu-schimbatoare-de-caldura-TA1-480-L.png\",\"datePublished\":\"2025-04-07T10:13:02+00:00\",\"dateModified\":\"2025-04-07T12:42:22+00:00\",\"breadcrumb\":{\"@id\":\"https:\/\/feroterm.ro\/altep\/produs\/termo-acumulator-rotund-cu-schimbatoare-de-caldura-ta1\/#breadcrumb\"},\"inLanguage\":\"ro-RO\",\"potentialAction\":[{\"@type\":\"ReadAction\",\"target\":[\"https:\/\/feroterm.ro\/altep\/produs\/termo-acumulator-rotund-cu-schimbatoare-de-caldura-ta1\/\"]}]},{\"@type\":\"ImageObject\",\"inLanguage\":\"ro-RO\",\"@id\":\"https:\/\/feroterm.ro\/altep\/produs\/termo-acumulator-rotund-cu-schimbatoare-de-caldura-ta1\/#primaryimage\",\"url\":\"https:\/\/feroterm.ro\/altep\/wp-content\/uploads\/2025\/04\/Termo-acumulator-rotund-cu-schimbatoare-de-caldura-TA1-480-L.png\",\"contentUrl\":\"https:\/\/feroterm.ro\/altep\/wp-content\/uploads\/2025\/04\/Termo-acumulator-rotund-cu-schimbatoare-de-caldura-TA1-480-L.png\",\"width\":290,\"height\":290},{\"@type\":\"BreadcrumbList\",\"@id\":\"https:\/\/feroterm.ro\/altep\/produs\/termo-acumulator-rotund-cu-schimbatoare-de-caldura-ta1\/#breadcrumb\",\"itemListElement\":[{\"@type\":\"ListItem\",\"position\":1,\"name\":\"Magazin\",\"item\":\"https:\/\/feroterm.ro\/altep\/magazin\/\"},{\"@type\":\"ListItem\",\"position\":2,\"name\":\"Termo-acumulator rotund cu schimb\u0103toare de c\u0103ldur\u0103 &#8211; TA1\"}]},{\"@type\":\"WebSite\",\"@id\":\"https:\/\/feroterm.ro\/altep\/#website\",\"url\":\"https:\/\/feroterm.ro\/altep\/\",\"name\":\"FEROTERM\",\"description\":\"Comercializam toata gama de cazane Altep\",\"publisher\":{\"@id\":\"https:\/\/feroterm.ro\/altep\/#organization\"},\"potentialAction\":[{\"@type\":\"SearchAction\",\"target\":{\"@type\":\"EntryPoint\",\"urlTemplate\":\"https:\/\/feroterm.ro\/altep\/?s={search_term_string}\"},\"query-input\":{\"@type\":\"PropertyValueSpecification\",\"valueRequired\":true,\"valueName\":\"search_term_string\"}}],\"inLanguage\":\"ro-RO\"},{\"@type\":\"Organization\",\"@id\":\"https:\/\/feroterm.ro\/altep\/#organization\",\"name\":\"FEROTERM\",\"url\":\"https:\/\/feroterm.ro\/altep\/\",\"logo\":{\"@type\":\"ImageObject\",\"inLanguage\":\"ro-RO\",\"@id\":\"https:\/\/feroterm.ro\/altep\/#\/schema\/logo\/image\/\",\"url\":\"https:\/\/feroterm.ro\/altep\/wp-content\/uploads\/2025\/04\/logo-feroterm.png\",\"contentUrl\":\"https:\/\/feroterm.ro\/altep\/wp-content\/uploads\/2025\/04\/logo-feroterm.png\",\"width\":346,\"height\":56,\"caption\":\"FEROTERM\"},\"image\":{\"@id\":\"https:\/\/feroterm.ro\/altep\/#\/schema\/logo\/image\/\"}}]}<\/script>\n<!-- \/ Yoast SEO Premium plugin. -->","yoast_head_json":{"title":"Termo-acumulator rotund cu schimb\u0103toare de c\u0103ldur\u0103 - TA1 - Altep","robots":{"index":"index","follow":"follow","max-snippet":"max-snippet:-1","max-image-preview":"max-image-preview:large","max-video-preview":"max-video-preview:-1"},"canonical":"https:\/\/feroterm.ro\/altep\/produs\/termo-acumulator-rotund-cu-schimbatoare-de-caldura-ta1\/","og_locale":"ro_RO","og_type":"article","og_title":"Termo-acumulator rotund cu schimb\u0103toare de c\u0103ldur\u0103 - TA1 - Altep","og_url":"https:\/\/feroterm.ro\/altep\/produs\/termo-acumulator-rotund-cu-schimbatoare-de-caldura-ta1\/","og_site_name":"FEROTERM","article_modified_time":"2025-04-07T12:42:22+00:00","og_image":[{"width":290,"height":290,"url":"https:\/\/feroterm.ro\/altep\/wp-content\/uploads\/2025\/04\/Termo-acumulator-rotund-cu-schimbatoare-de-caldura-TA1-480-L.png","type":"image\/png"}],"twitter_card":"summary_large_image","twitter_misc":{"Timp estimat pentru citire":"1 minut"},"schema":{"@context":"https:\/\/schema.org","@graph":[{"@type":"WebPage","@id":"https:\/\/feroterm.ro\/altep\/produs\/termo-acumulator-rotund-cu-schimbatoare-de-caldura-ta1\/","url":"https:\/\/feroterm.ro\/altep\/produs\/termo-acumulator-rotund-cu-schimbatoare-de-caldura-ta1\/","name":"Termo-acumulator rotund cu schimb\u0103toare de c\u0103ldur\u0103 - TA1 - Altep","isPartOf":{"@id":"https:\/\/feroterm.ro\/altep\/#website"},"primaryImageOfPage":{"@id":"https:\/\/feroterm.ro\/altep\/produs\/termo-acumulator-rotund-cu-schimbatoare-de-caldura-ta1\/#primaryimage"},"image":{"@id":"https:\/\/feroterm.ro\/altep\/produs\/termo-acumulator-rotund-cu-schimbatoare-de-caldura-ta1\/#primaryimage"},"thumbnailUrl":"https:\/\/feroterm.ro\/altep\/wp-content\/uploads\/2025\/04\/Termo-acumulator-rotund-cu-schimbatoare-de-caldura-TA1-480-L.png","datePublished":"2025-04-07T10:13:02+00:00","dateModified":"2025-04-07T12:42:22+00:00","breadcrumb":{"@id":"https:\/\/feroterm.ro\/altep\/produs\/termo-acumulator-rotund-cu-schimbatoare-de-caldura-ta1\/#breadcrumb"},"inLanguage":"ro-RO","potentialAction":[{"@type":"ReadAction","target":["https:\/\/feroterm.ro\/altep\/produs\/termo-acumulator-rotund-cu-schimbatoare-de-caldura-ta1\/"]}]},{"@type":"ImageObject","inLanguage":"ro-RO","@id":"https:\/\/feroterm.ro\/altep\/produs\/termo-acumulator-rotund-cu-schimbatoare-de-caldura-ta1\/#primaryimage","url":"https:\/\/feroterm.ro\/altep\/wp-content\/uploads\/2025\/04\/Termo-acumulator-rotund-cu-schimbatoare-de-caldura-TA1-480-L.png","contentUrl":"https:\/\/feroterm.ro\/altep\/wp-content\/uploads\/2025\/04\/Termo-acumulator-rotund-cu-schimbatoare-de-caldura-TA1-480-L.png","width":290,"height":290},{"@type":"BreadcrumbList","@id":"https:\/\/feroterm.ro\/altep\/produs\/termo-acumulator-rotund-cu-schimbatoare-de-caldura-ta1\/#breadcrumb","itemListElement":[{"@type":"ListItem","position":1,"name":"Magazin","item":"https:\/\/feroterm.ro\/altep\/magazin\/"},{"@type":"ListItem","position":2,"name":"Termo-acumulator rotund cu schimb\u0103toare de c\u0103ldur\u0103 &#8211; TA1"}]},{"@type":"WebSite","@id":"https:\/\/feroterm.ro\/altep\/#website","url":"https:\/\/feroterm.ro\/altep\/","name":"FEROTERM","description":"Comercializam toata gama de cazane Altep","publisher":{"@id":"https:\/\/feroterm.ro\/altep\/#organization"},"potentialAction":[{"@type":"SearchAction","target":{"@type":"EntryPoint","urlTemplate":"https:\/\/feroterm.ro\/altep\/?s={search_term_string}"},"query-input":{"@type":"PropertyValueSpecification","valueRequired":true,"valueName":"search_term_string"}}],"inLanguage":"ro-RO"},{"@type":"Organization","@id":"https:\/\/feroterm.ro\/altep\/#organization","name":"FEROTERM","url":"https:\/\/feroterm.ro\/altep\/","logo":{"@type":"ImageObject","inLanguage":"ro-RO","@id":"https:\/\/feroterm.ro\/altep\/#\/schema\/logo\/image\/","url":"https:\/\/feroterm.ro\/altep\/wp-content\/uploads\/2025\/04\/logo-feroterm.png","contentUrl":"https:\/\/feroterm.ro\/altep\/wp-content\/uploads\/2025\/04\/logo-feroterm.png","width":346,"height":56,"caption":"FEROTERM"},"image":{"@id":"https:\/\/feroterm.ro\/altep\/#\/schema\/logo\/image\/"}}]}},"_links":{"self":[{"href":"https:\/\/feroterm.ro\/altep\/wp-json\/wp\/v2\/product\/6517","targetHints":{"allow":["GET"]}}],"collection":[{"href":"https:\/\/feroterm.ro\/altep\/wp-json\/wp\/v2\/product"}],"about":[{"href":"https:\/\/feroterm.ro\/altep\/wp-json\/wp\/v2\/types\/product"}],"replies":[{"embeddable":true,"href":"https:\/\/feroterm.ro\/altep\/wp-json\/wp\/v2\/comments?post=6517"}],"wp:featuredmedia":[{"embeddable":true,"href":"https:\/\/feroterm.ro\/altep\/wp-json\/wp\/v2\/media\/6518"}],"wp:attachment":[{"href":"https:\/\/feroterm.ro\/altep\/wp-json\/wp\/v2\/media?parent=6517"}],"wp:term":[{"taxonomy":"product_brand","embeddable":true,"href":"https:\/\/feroterm.ro\/altep\/wp-json\/wp\/v2\/product_brand?post=6517"},{"taxonomy":"product_cat","embeddable":true,"href":"https:\/\/feroterm.ro\/altep\/wp-json\/wp\/v2\/product_cat?post=6517"},{"taxonomy":"product_tag","embeddable":true,"href":"https:\/\/feroterm.ro\/altep\/wp-json\/wp\/v2\/product_tag?post=6517"}],"curies":[{"name":"wp","href":"https:\/\/api.w.org\/{rel}","templated":true}]}}