{"id":6511,"date":"2025-04-07T10:05:38","date_gmt":"2025-04-07T10:05:38","guid":{"rendered":"https:\/\/feroterm.ro\/altep\/?post_type=product&#038;p=6511"},"modified":"2025-04-07T12:42:13","modified_gmt":"2025-04-07T12:42:13","slug":"termo-acumulator-plat-cu-schimbatoare-de-caldura-tap","status":"publish","type":"product","link":"https:\/\/feroterm.ro\/altep\/produs\/termo-acumulator-plat-cu-schimbatoare-de-caldura-tap\/","title":{"rendered":"Termo-acumulator plat cu schimb\u0103toare de c\u0103ldur\u0103 &#8211; TAP"},"content":{"rendered":"<h3>Termo-acumulator plat\u00a0cu schimb\u0103toare de c\u0103ldur\u0103<\/h3>\n<p>Rezervoarele tampon sunt proiectate pentru func\u021bionarea continua f\u0103r\u0103 supraveghere, cu condi\u021bia respect\u0103rii regulilor de instalare \u0219i func\u021bionare.<\/p>\n<p>Termoizolarea: \u021bes\u0103tura hidro-rezistenta Cordura \u2013 material u\u0219or \u0219i rezistent.<\/p>\n<p>Pentru izolarea boilerului este folosita vata minerala ISOVER .<\/p>\n<p>Datorit\u0103 caracteristicilor de \u021besere a p\u00e2nzei \u0219i de aplicare a unui strat de poliuretan \u0219i clorur\u0103 de polivinil pe interiorul \u021bes\u0103turii, care \u00eempiedic\u0103 colectarea murd\u0103riei \u00eentre fibre, are o rezisten\u021b\u0103 excelent\u0103 la uzur\u0103 \u0219i ap\u0103.<\/p>\n<p>Rezistenta excelenta la expunerea razelor ultraviolete \u0219i decolorare.<\/p>\n","protected":false},"excerpt":{"rendered":"<p>&#8211; economisi\u021bi spa\u021biu<br \/>\n&#8211; u\u0219or de montat<br \/>\n&#8211; prelucrare anticorosiva<br \/>\n&#8211; termoizolare de calitate 100mm \u2013 completare de baza<br \/>\n&#8211; presiune exercitata 6 bari<\/p>\n","protected":false},"featured_media":6512,"comment_status":"open","ping_status":"closed","template":"","meta":[],"product_brand":[],"product_cat":[55,57],"product_tag":[],"class_list":{"0":"post-6511","1":"product","2":"type-product","3":"status-publish","4":"has-post-thumbnail","6":"product_cat-boilere-acumulatoare-si-puffere","7":"product_cat-accesorii","9":"first","10":"instock","11":"shipping-taxable","12":"product-type-variable"},"yoast_head":"<!-- This site is optimized with the Yoast SEO Premium plugin v21.2 (Yoast SEO v24.8.1) - https:\/\/yoast.com\/wordpress\/plugins\/seo\/ -->\n<title>Termo-acumulator plat cu schimb\u0103toare de c\u0103ldur\u0103 - TAP - Altep<\/title>\n<meta name=\"robots\" content=\"index, follow, max-snippet:-1, max-image-preview:large, max-video-preview:-1\" \/>\n<link rel=\"canonical\" href=\"https:\/\/feroterm.ro\/altep\/produs\/termo-acumulator-plat-cu-schimbatoare-de-caldura-tap\/\" \/>\n<meta property=\"og:locale\" content=\"ro_RO\" \/>\n<meta property=\"og:type\" content=\"article\" \/>\n<meta property=\"og:title\" content=\"Termo-acumulator plat cu schimb\u0103toare de c\u0103ldur\u0103 - TAP - Altep\" \/>\n<meta property=\"og:description\" content=\"- economisi\u021bi spa\u021biu - u\u0219or de montat - prelucrare anticorosiva - termoizolare de calitate 100mm \u2013 completare de baza - presiune exercitata 6 bari\" \/>\n<meta property=\"og:url\" content=\"https:\/\/feroterm.ro\/altep\/produs\/termo-acumulator-plat-cu-schimbatoare-de-caldura-tap\/\" \/>\n<meta property=\"og:site_name\" content=\"FEROTERM\" \/>\n<meta property=\"article:modified_time\" content=\"2025-04-07T12:42:13+00:00\" \/>\n<meta property=\"og:image\" content=\"https:\/\/feroterm.ro\/altep\/wp-content\/uploads\/2025\/04\/Termo-acumulator-plat-cu-schimbatoare-de-caldura-TAP-480-L-1.png\" \/>\n\t<meta property=\"og:image:width\" content=\"482\" \/>\n\t<meta property=\"og:image:height\" content=\"482\" \/>\n\t<meta property=\"og:image:type\" content=\"image\/png\" \/>\n<meta name=\"twitter:card\" content=\"summary_large_image\" \/>\n<meta name=\"twitter:label1\" content=\"Timp estimat pentru citire\" \/>\n\t<meta name=\"twitter:data1\" content=\"1 minut\" \/>\n<script type=\"application\/ld+json\" class=\"yoast-schema-graph\">{\"@context\":\"https:\/\/schema.org\",\"@graph\":[{\"@type\":\"WebPage\",\"@id\":\"https:\/\/feroterm.ro\/altep\/produs\/termo-acumulator-plat-cu-schimbatoare-de-caldura-tap\/\",\"url\":\"https:\/\/feroterm.ro\/altep\/produs\/termo-acumulator-plat-cu-schimbatoare-de-caldura-tap\/\",\"name\":\"Termo-acumulator plat cu schimb\u0103toare de c\u0103ldur\u0103 - TAP - Altep\",\"isPartOf\":{\"@id\":\"https:\/\/feroterm.ro\/altep\/#website\"},\"primaryImageOfPage\":{\"@id\":\"https:\/\/feroterm.ro\/altep\/produs\/termo-acumulator-plat-cu-schimbatoare-de-caldura-tap\/#primaryimage\"},\"image\":{\"@id\":\"https:\/\/feroterm.ro\/altep\/produs\/termo-acumulator-plat-cu-schimbatoare-de-caldura-tap\/#primaryimage\"},\"thumbnailUrl\":\"https:\/\/feroterm.ro\/altep\/wp-content\/uploads\/2025\/04\/Termo-acumulator-plat-cu-schimbatoare-de-caldura-TAP-480-L-1.png\",\"datePublished\":\"2025-04-07T10:05:38+00:00\",\"dateModified\":\"2025-04-07T12:42:13+00:00\",\"breadcrumb\":{\"@id\":\"https:\/\/feroterm.ro\/altep\/produs\/termo-acumulator-plat-cu-schimbatoare-de-caldura-tap\/#breadcrumb\"},\"inLanguage\":\"ro-RO\",\"potentialAction\":[{\"@type\":\"ReadAction\",\"target\":[\"https:\/\/feroterm.ro\/altep\/produs\/termo-acumulator-plat-cu-schimbatoare-de-caldura-tap\/\"]}]},{\"@type\":\"ImageObject\",\"inLanguage\":\"ro-RO\",\"@id\":\"https:\/\/feroterm.ro\/altep\/produs\/termo-acumulator-plat-cu-schimbatoare-de-caldura-tap\/#primaryimage\",\"url\":\"https:\/\/feroterm.ro\/altep\/wp-content\/uploads\/2025\/04\/Termo-acumulator-plat-cu-schimbatoare-de-caldura-TAP-480-L-1.png\",\"contentUrl\":\"https:\/\/feroterm.ro\/altep\/wp-content\/uploads\/2025\/04\/Termo-acumulator-plat-cu-schimbatoare-de-caldura-TAP-480-L-1.png\",\"width\":482,\"height\":482},{\"@type\":\"BreadcrumbList\",\"@id\":\"https:\/\/feroterm.ro\/altep\/produs\/termo-acumulator-plat-cu-schimbatoare-de-caldura-tap\/#breadcrumb\",\"itemListElement\":[{\"@type\":\"ListItem\",\"position\":1,\"name\":\"Magazin\",\"item\":\"https:\/\/feroterm.ro\/altep\/magazin\/\"},{\"@type\":\"ListItem\",\"position\":2,\"name\":\"Termo-acumulator plat cu schimb\u0103toare de c\u0103ldur\u0103 &#8211; TAP\"}]},{\"@type\":\"WebSite\",\"@id\":\"https:\/\/feroterm.ro\/altep\/#website\",\"url\":\"https:\/\/feroterm.ro\/altep\/\",\"name\":\"FEROTERM\",\"description\":\"Comercializam toata gama de cazane Altep\",\"publisher\":{\"@id\":\"https:\/\/feroterm.ro\/altep\/#organization\"},\"potentialAction\":[{\"@type\":\"SearchAction\",\"target\":{\"@type\":\"EntryPoint\",\"urlTemplate\":\"https:\/\/feroterm.ro\/altep\/?s={search_term_string}\"},\"query-input\":{\"@type\":\"PropertyValueSpecification\",\"valueRequired\":true,\"valueName\":\"search_term_string\"}}],\"inLanguage\":\"ro-RO\"},{\"@type\":\"Organization\",\"@id\":\"https:\/\/feroterm.ro\/altep\/#organization\",\"name\":\"FEROTERM\",\"url\":\"https:\/\/feroterm.ro\/altep\/\",\"logo\":{\"@type\":\"ImageObject\",\"inLanguage\":\"ro-RO\",\"@id\":\"https:\/\/feroterm.ro\/altep\/#\/schema\/logo\/image\/\",\"url\":\"https:\/\/feroterm.ro\/altep\/wp-content\/uploads\/2025\/04\/logo-feroterm.png\",\"contentUrl\":\"https:\/\/feroterm.ro\/altep\/wp-content\/uploads\/2025\/04\/logo-feroterm.png\",\"width\":346,\"height\":56,\"caption\":\"FEROTERM\"},\"image\":{\"@id\":\"https:\/\/feroterm.ro\/altep\/#\/schema\/logo\/image\/\"}}]}<\/script>\n<!-- \/ Yoast SEO Premium plugin. -->","yoast_head_json":{"title":"Termo-acumulator plat cu schimb\u0103toare de c\u0103ldur\u0103 - TAP - Altep","robots":{"index":"index","follow":"follow","max-snippet":"max-snippet:-1","max-image-preview":"max-image-preview:large","max-video-preview":"max-video-preview:-1"},"canonical":"https:\/\/feroterm.ro\/altep\/produs\/termo-acumulator-plat-cu-schimbatoare-de-caldura-tap\/","og_locale":"ro_RO","og_type":"article","og_title":"Termo-acumulator plat cu schimb\u0103toare de c\u0103ldur\u0103 - TAP - Altep","og_description":"- economisi\u021bi spa\u021biu - u\u0219or de montat - prelucrare anticorosiva - termoizolare de calitate 100mm \u2013 completare de baza - presiune exercitata 6 bari","og_url":"https:\/\/feroterm.ro\/altep\/produs\/termo-acumulator-plat-cu-schimbatoare-de-caldura-tap\/","og_site_name":"FEROTERM","article_modified_time":"2025-04-07T12:42:13+00:00","og_image":[{"width":482,"height":482,"url":"https:\/\/feroterm.ro\/altep\/wp-content\/uploads\/2025\/04\/Termo-acumulator-plat-cu-schimbatoare-de-caldura-TAP-480-L-1.png","type":"image\/png"}],"twitter_card":"summary_large_image","twitter_misc":{"Timp estimat pentru citire":"1 minut"},"schema":{"@context":"https:\/\/schema.org","@graph":[{"@type":"WebPage","@id":"https:\/\/feroterm.ro\/altep\/produs\/termo-acumulator-plat-cu-schimbatoare-de-caldura-tap\/","url":"https:\/\/feroterm.ro\/altep\/produs\/termo-acumulator-plat-cu-schimbatoare-de-caldura-tap\/","name":"Termo-acumulator plat cu schimb\u0103toare de c\u0103ldur\u0103 - TAP - Altep","isPartOf":{"@id":"https:\/\/feroterm.ro\/altep\/#website"},"primaryImageOfPage":{"@id":"https:\/\/feroterm.ro\/altep\/produs\/termo-acumulator-plat-cu-schimbatoare-de-caldura-tap\/#primaryimage"},"image":{"@id":"https:\/\/feroterm.ro\/altep\/produs\/termo-acumulator-plat-cu-schimbatoare-de-caldura-tap\/#primaryimage"},"thumbnailUrl":"https:\/\/feroterm.ro\/altep\/wp-content\/uploads\/2025\/04\/Termo-acumulator-plat-cu-schimbatoare-de-caldura-TAP-480-L-1.png","datePublished":"2025-04-07T10:05:38+00:00","dateModified":"2025-04-07T12:42:13+00:00","breadcrumb":{"@id":"https:\/\/feroterm.ro\/altep\/produs\/termo-acumulator-plat-cu-schimbatoare-de-caldura-tap\/#breadcrumb"},"inLanguage":"ro-RO","potentialAction":[{"@type":"ReadAction","target":["https:\/\/feroterm.ro\/altep\/produs\/termo-acumulator-plat-cu-schimbatoare-de-caldura-tap\/"]}]},{"@type":"ImageObject","inLanguage":"ro-RO","@id":"https:\/\/feroterm.ro\/altep\/produs\/termo-acumulator-plat-cu-schimbatoare-de-caldura-tap\/#primaryimage","url":"https:\/\/feroterm.ro\/altep\/wp-content\/uploads\/2025\/04\/Termo-acumulator-plat-cu-schimbatoare-de-caldura-TAP-480-L-1.png","contentUrl":"https:\/\/feroterm.ro\/altep\/wp-content\/uploads\/2025\/04\/Termo-acumulator-plat-cu-schimbatoare-de-caldura-TAP-480-L-1.png","width":482,"height":482},{"@type":"BreadcrumbList","@id":"https:\/\/feroterm.ro\/altep\/produs\/termo-acumulator-plat-cu-schimbatoare-de-caldura-tap\/#breadcrumb","itemListElement":[{"@type":"ListItem","position":1,"name":"Magazin","item":"https:\/\/feroterm.ro\/altep\/magazin\/"},{"@type":"ListItem","position":2,"name":"Termo-acumulator plat cu schimb\u0103toare de c\u0103ldur\u0103 &#8211; TAP"}]},{"@type":"WebSite","@id":"https:\/\/feroterm.ro\/altep\/#website","url":"https:\/\/feroterm.ro\/altep\/","name":"FEROTERM","description":"Comercializam toata gama de cazane Altep","publisher":{"@id":"https:\/\/feroterm.ro\/altep\/#organization"},"potentialAction":[{"@type":"SearchAction","target":{"@type":"EntryPoint","urlTemplate":"https:\/\/feroterm.ro\/altep\/?s={search_term_string}"},"query-input":{"@type":"PropertyValueSpecification","valueRequired":true,"valueName":"search_term_string"}}],"inLanguage":"ro-RO"},{"@type":"Organization","@id":"https:\/\/feroterm.ro\/altep\/#organization","name":"FEROTERM","url":"https:\/\/feroterm.ro\/altep\/","logo":{"@type":"ImageObject","inLanguage":"ro-RO","@id":"https:\/\/feroterm.ro\/altep\/#\/schema\/logo\/image\/","url":"https:\/\/feroterm.ro\/altep\/wp-content\/uploads\/2025\/04\/logo-feroterm.png","contentUrl":"https:\/\/feroterm.ro\/altep\/wp-content\/uploads\/2025\/04\/logo-feroterm.png","width":346,"height":56,"caption":"FEROTERM"},"image":{"@id":"https:\/\/feroterm.ro\/altep\/#\/schema\/logo\/image\/"}}]}},"_links":{"self":[{"href":"https:\/\/feroterm.ro\/altep\/wp-json\/wp\/v2\/product\/6511","targetHints":{"allow":["GET"]}}],"collection":[{"href":"https:\/\/feroterm.ro\/altep\/wp-json\/wp\/v2\/product"}],"about":[{"href":"https:\/\/feroterm.ro\/altep\/wp-json\/wp\/v2\/types\/product"}],"replies":[{"embeddable":true,"href":"https:\/\/feroterm.ro\/altep\/wp-json\/wp\/v2\/comments?post=6511"}],"wp:featuredmedia":[{"embeddable":true,"href":"https:\/\/feroterm.ro\/altep\/wp-json\/wp\/v2\/media\/6512"}],"wp:attachment":[{"href":"https:\/\/feroterm.ro\/altep\/wp-json\/wp\/v2\/media?parent=6511"}],"wp:term":[{"taxonomy":"product_brand","embeddable":true,"href":"https:\/\/feroterm.ro\/altep\/wp-json\/wp\/v2\/product_brand?post=6511"},{"taxonomy":"product_cat","embeddable":true,"href":"https:\/\/feroterm.ro\/altep\/wp-json\/wp\/v2\/product_cat?post=6511"},{"taxonomy":"product_tag","embeddable":true,"href":"https:\/\/feroterm.ro\/altep\/wp-json\/wp\/v2\/product_tag?post=6511"}],"curies":[{"name":"wp","href":"https:\/\/api.w.org\/{rel}","templated":true}]}}