{"id":6468,"date":"2025-04-07T08:25:06","date_gmt":"2025-04-07T08:25:06","guid":{"rendered":"https:\/\/feroterm.ro\/altep\/?post_type=product&#038;p=6468"},"modified":"2025-04-09T06:36:21","modified_gmt":"2025-04-09T06:36:21","slug":"altep-classic-plus","status":"publish","type":"product","link":"https:\/\/feroterm.ro\/altep\/produs\/altep-classic-plus\/","title":{"rendered":"Altep Classic Plus"},"content":{"rendered":"<h3>Cazane pe combustibili solizi\u00a0Classic Plus<\/h3>\n<p>Cazanele pe combustibili solizi Classic, Classic Plus Folosite pentru \u00eenc\u0103lzirea \u00eenc\u0103perilor casnice, industriale \u0219i a altor hale sau spa\u021bii care necesita sa fie \u00eenc\u0103lzite prin sistemul de \u00eenc\u0103lzire centrala. Pentru a preg\u0103ti furnizarea c\u0103ldurii pentru necesit\u0103\u021bile tehnologice utiliz\u00e2nd combustibili solizi c\u0103: lemne, de\u0219euri de lemn, c\u0103rbune, rumegu\u0219 \u0219i diverse brichete \u0219i turb\u0103. Construc\u021bia cazanului permite cea mai eficienta utilizare a c\u0103ldurii din arderea diferitelor tipuri de combustibili solizi cu un con\u021binut sc\u0103zut de calorii \u0219i cea mai mare putere termica a cazanului este ob\u021binut\u0103 prin arderea antracitului. Durata de ardere a unei \u00eenc\u0103rc\u0103ri totale depinde \u00een mod direct de combustibili \u0219i calitatea lor \u0219i pierderea de c\u0103ldur\u0103 a \u00eenc\u0103perii \u00eenc\u0103lzite. Alimentarea cazanului se face numai prin modul manual cu combustibili solizi.<\/p>\n<h4>\u00a0 \u00a0\u00a0Arderea combustibilului \u00een cuptor<\/h4>\n<p>Arderea combustibilului \u00een\u00a0cuptor se realizeaz\u0103 datorit\u0103 tirajului de aer astfel :<\/p>\n<ul>\n<li>\u00cen\u00a0cazanul\u00a0Classic Plus\u00a0\u2013 pe canalul de alimentare cu aer cu ajutorul unui ventilator de sub gr\u0103tarul de fonta.aerul este necesar pentru procesul de combustie,ce se regleaz\u0103 automat de controler;<\/li>\n<li>\u00a0\u00cen cazanul\u00a0Classic\u00a0\u2013 fereastra supapei de alimentare cu aer,care se astupa cu un capac de sub gr\u0103tarul de fonta. Cantitatea de aer necesara pentru procesul de combustie se reguleaz\u0103\u00a0 cu ajutorul unui regulator mecanic al tirajului de aer, prin tensionarea sau sl\u0103birea lan\u021bului controleaz\u0103 pozi\u021bia capacului supapei.<\/li>\n<\/ul>\n<div class=\"s_alert s_alert_md alert-delta w-100 clearfix\" data-name=\"Alert\">\n<p><span style=\"font-size: 14.4px;\">Cazanele cu combustibili solizi Classic de la 20 kW <\/span><span style=\"font-size: 14.4px;\">nu sunt echipate cu control mecanic de tiraj!<\/span><\/p>\n<\/div>\n<p>Cazanele\u00a0Classic Plus\/Classic\u00a0sunt echipate cu o supapa de siguran\u021b\u0103, montate pe partea superioar\u0103 a panoului. La presiune ridicata, supapa se deschide automat,astfel presiunea din cazan este normalizat\u0103.<\/p>\n<p>Hornul cazanului este de forma rotunda. Acesta are un \u0219ubler, astfel se poate regla tirajul \u0219i economisi combustibilul.<\/p>\n<p>Cazanele\u00a0\u00a0Classic, Classic Plus\u00a0au urm\u0103torii indicatori de putere : 20, 24, 30, 40, 50 \u0219i 60 kW, suficient pentru a \u00eenc\u0103lzi o suprafa\u021b\u0103 de 300 m\u00b2 a unui imobil sau spa\u021biu \u00eenchis.<\/p>\n<h4>\u00a0 \u00a0 Caracteristicile\u00a0 cazanului<\/h4>\n<p>Carcasa \u0219i schimb\u0103torul de c\u0103ldur\u0103 sunt f\u0103cute din o\u021bel de calitate cu grosimea de 5 mm.Este rezistent la temperaturi foarte ridicate \u0219i este proiectat pentru o func\u021bionare pe termen lung. Pentru a evita pierderea de c\u0103ldur\u0103 ,este \u00eenvelit cu un strat de material izolant de 50 mm grosime, amplasat sub carcasa decorativa. Toate u\u0219ile cazanului sunt izolate termic, ceea ce previne pierderea de c\u0103ldur\u0103 \u0219i accidentele de arsuri umane.<\/p>\n<p>\u00cen partea superioar\u0103 a cazanului se afla un schimb\u0103tor de c\u0103ldura cu trei cai. Are o forma de rafturi orizontale \u00een care apa circula constant. Astfel ca schimb\u0103toarele de c\u0103ldur\u0103 orizontale se \u00eenc\u0103lzesc rapid, asigur\u00e2nd cel mai eficient transfer de c\u0103ldur\u0103. Gr\u0103tarul din \u021bevi este realizat f\u0103r\u0103 sudura cu pere\u021bi gro\u0219i prin care apa circula constant din din stratul cu ap\u0103 al carcasei cazanului,ceea ce le spore\u0219te perioada de func\u021bionare \u0219i reprezinta o zona suplimentara de eliminare a c\u0103ldurii cazanului. Cazane pe combustibil solid Classic Plus, \u00een versiunea lor de baza sunt recomandate sa fie \u00eenzestrate cu un sistem de comanda \u0219i o turbina cu injec\u021bie. Pentru a cre\u0219te confortul utiliz\u0103rii acestui cazan ,este posibila instalarea unui regulator mecanic de temperatura. Astfel cazanul Clasic cu combustibili solizi nu este \u00eenzestrat cu unitate de automatizare \u0219i turbina cu injec\u021bie. Acest model poate func\u021biona numai cu controlul mecanic al tirajului de aer.<\/p>\n<p>&nbsp;<\/p>\n<div class=\"row justify-content-center\">\n<div class=\"col-auto\">\n<table class=\"table table-hover\">\n<thead class=\"thead-dark\">\n<tr>\n<th>Parametri<\/th>\n<th><abbr title=\"Unitate de m\u0103sur\u0103\">U.M.<\/abbr><\/th>\n<th colspan=\"5\">Classic Plus<\/th>\n<\/tr>\n<\/thead>\n<tbody>\n<tr>\n<th scope=\"row\">Puterea nominal\u0103 a cazanului<\/th>\n<td>kW<\/td>\n<td>24<\/td>\n<td>30<\/td>\n<td>40<\/td>\n<td>50<\/td>\n<td>60<\/td>\n<\/tr>\n<tr>\n<th scope=\"row\">Suprafa\u021ba schimb\u0103torului de c\u0103ldur\u0103<\/th>\n<td>m\u00b2<\/td>\n<td>1,4<\/td>\n<td>1,8<\/td>\n<td>2,0<\/td>\n<td>2,4<\/td>\n<td>2,9<\/td>\n<\/tr>\n<tr>\n<th scope=\"row\">Eficienta, minim<\/th>\n<td>%<\/td>\n<th colspan=\"5\">91<\/th>\n<\/tr>\n<tr>\n<th scope=\"row\">Volumul camerei de ardere<\/th>\n<td>dm\u00b3<\/td>\n<td>47<\/td>\n<td>68<\/td>\n<td>77<\/td>\n<td>96<\/td>\n<td>115<\/td>\n<\/tr>\n<tr>\n<th scope=\"row\">Volumul apei din cazan<\/th>\n<td>l<\/td>\n<td>63<\/td>\n<td>71<\/td>\n<td>79<\/td>\n<td>90<\/td>\n<td>108<\/td>\n<\/tr>\n<tr>\n<th scope=\"row\">Greutatea cazanului f\u0103r\u0103 ap\u0103<\/th>\n<td>kg<\/td>\n<td>255<\/td>\n<td>315<\/td>\n<td>335<\/td>\n<td>370<\/td>\n<td>400<\/td>\n<\/tr>\n<tr>\n<th scope=\"row\">Temperatura gazelor arse<\/th>\n<td>\u00b0C<\/td>\n<td colspan=\"5\">100 &#8211; 180<\/td>\n<\/tr>\n<tr>\n<th scope=\"row\">Temperatura apei minim recomandata<\/th>\n<td>\u00b0C<\/td>\n<td colspan=\"5\">58<\/td>\n<\/tr>\n<tr>\n<th scope=\"row\">Temperatura maxim\u0103 a apei<\/th>\n<td>\u00b0C<\/td>\n<td colspan=\"5\">85<\/td>\n<\/tr>\n<tr>\n<th scope=\"row\">Presiunea nominal\u0103 a apei (maxim)<\/th>\n<td>\u041cP\u0430<\/td>\n<td colspan=\"5\">0,15<\/td>\n<\/tr>\n<tr>\n<th scope=\"row\">Consumul de energie electrica, min<\/th>\n<td>W<\/td>\n<td colspan=\"5\">85<\/td>\n<\/tr>\n<tr>\n<th scope=\"row\">Diametrul extern racord cos<\/th>\n<td>mm<\/td>\n<td>159<\/td>\n<td>195<\/td>\n<td>159<\/td>\n<td>178<\/td>\n<td>178<\/td>\n<\/tr>\n<tr>\n<th scope=\"row\">Diametru conexiune re\u021belei de apa<\/th>\n<td>mm<\/td>\n<td colspan=\"5\">50<\/td>\n<\/tr>\n<\/tbody>\n<thead class=\"thead-dark\">\n<tr>\n<th colspan=\"7\">Dimensiuni burlan<\/th>\n<\/tr>\n<\/thead>\n<tbody>\n<tr>\n<th scope=\"row\">Sec\u021biunea transversal\u0103<\/th>\n<td>cm\u00b2<\/td>\n<td>201<\/td>\n<td>201<\/td>\n<td>201<\/td>\n<td>248<\/td>\n<td>248<\/td>\n<\/tr>\n<tr>\n<th scope=\"row\">Diametru intern<\/th>\n<td>mm<\/td>\n<td>160<\/td>\n<td>160<\/td>\n<td>160<\/td>\n<td>180<\/td>\n<td>180<\/td>\n<\/tr>\n<tr>\n<th scope=\"row\">\u00cen\u0103l\u021bime (minim permisa)<\/th>\n<td>mm<\/td>\n<td>5<\/td>\n<td>5<\/td>\n<td>5<\/td>\n<td>5<\/td>\n<td>6<\/td>\n<\/tr>\n<tr>\n<th scope=\"row\">Diametrul \u021bevii de sub siguran\u021bele supapei<\/th>\n<td>m\u00b3\/ora<\/td>\n<td colspan=\"5\">15<\/td>\n<\/tr>\n<\/tbody>\n<\/table>\n<\/div>\n<\/div>\n","protected":false},"excerpt":{"rendered":"<p>Classic \u2013 reglaj mecanic al procesului de ardere utilizand regulatorul rotativ<\/p>\n","protected":false},"featured_media":6469,"comment_status":"open","ping_status":"closed","template":"","meta":[],"product_brand":[],"product_cat":[52],"product_tag":[],"class_list":{"0":"post-6468","1":"product","2":"type-product","3":"status-publish","4":"has-post-thumbnail","6":"product_cat-cazane-pe-combustibil-solid","8":"first","9":"instock","10":"shipping-taxable","11":"purchasable","12":"product-type-variable"},"yoast_head":"<!-- This site is optimized with the Yoast SEO Premium plugin v21.2 (Yoast SEO v24.8.1) - https:\/\/yoast.com\/wordpress\/plugins\/seo\/ -->\n<title>Altep Classic Plus - Altep<\/title>\n<meta name=\"robots\" content=\"index, follow, max-snippet:-1, max-image-preview:large, max-video-preview:-1\" \/>\n<link rel=\"canonical\" href=\"https:\/\/feroterm.ro\/altep\/produs\/altep-classic-plus\/\" \/>\n<meta property=\"og:locale\" content=\"ro_RO\" \/>\n<meta property=\"og:type\" content=\"article\" \/>\n<meta property=\"og:title\" content=\"Altep Classic Plus - Altep\" \/>\n<meta property=\"og:description\" content=\"Classic \u2013 reglaj mecanic al procesului de ardere utilizand regulatorul rotativ\" \/>\n<meta property=\"og:url\" content=\"https:\/\/feroterm.ro\/altep\/produs\/altep-classic-plus\/\" \/>\n<meta property=\"og:site_name\" content=\"FEROTERM\" \/>\n<meta property=\"article:modified_time\" content=\"2025-04-09T06:36:21+00:00\" \/>\n<meta property=\"og:image\" content=\"https:\/\/feroterm.ro\/altep\/wp-content\/uploads\/2025\/04\/Classic-Plus-20-kW.png\" \/>\n\t<meta property=\"og:image:width\" content=\"1024\" \/>\n\t<meta property=\"og:image:height\" content=\"1024\" \/>\n\t<meta property=\"og:image:type\" content=\"image\/png\" \/>\n<meta name=\"twitter:card\" content=\"summary_large_image\" \/>\n<meta name=\"twitter:label1\" content=\"Timp estimat pentru citire\" \/>\n\t<meta name=\"twitter:data1\" content=\"4 minute\" \/>\n<script type=\"application\/ld+json\" class=\"yoast-schema-graph\">{\"@context\":\"https:\/\/schema.org\",\"@graph\":[{\"@type\":\"WebPage\",\"@id\":\"https:\/\/feroterm.ro\/altep\/produs\/altep-classic-plus\/\",\"url\":\"https:\/\/feroterm.ro\/altep\/produs\/altep-classic-plus\/\",\"name\":\"Altep Classic Plus - Altep\",\"isPartOf\":{\"@id\":\"https:\/\/feroterm.ro\/altep\/#website\"},\"primaryImageOfPage\":{\"@id\":\"https:\/\/feroterm.ro\/altep\/produs\/altep-classic-plus\/#primaryimage\"},\"image\":{\"@id\":\"https:\/\/feroterm.ro\/altep\/produs\/altep-classic-plus\/#primaryimage\"},\"thumbnailUrl\":\"https:\/\/feroterm.ro\/altep\/wp-content\/uploads\/2025\/04\/Classic-Plus-20-kW.png\",\"datePublished\":\"2025-04-07T08:25:06+00:00\",\"dateModified\":\"2025-04-09T06:36:21+00:00\",\"breadcrumb\":{\"@id\":\"https:\/\/feroterm.ro\/altep\/produs\/altep-classic-plus\/#breadcrumb\"},\"inLanguage\":\"ro-RO\",\"potentialAction\":[{\"@type\":\"ReadAction\",\"target\":[\"https:\/\/feroterm.ro\/altep\/produs\/altep-classic-plus\/\"]}]},{\"@type\":\"ImageObject\",\"inLanguage\":\"ro-RO\",\"@id\":\"https:\/\/feroterm.ro\/altep\/produs\/altep-classic-plus\/#primaryimage\",\"url\":\"https:\/\/feroterm.ro\/altep\/wp-content\/uploads\/2025\/04\/Classic-Plus-20-kW.png\",\"contentUrl\":\"https:\/\/feroterm.ro\/altep\/wp-content\/uploads\/2025\/04\/Classic-Plus-20-kW.png\",\"width\":1024,\"height\":1024},{\"@type\":\"BreadcrumbList\",\"@id\":\"https:\/\/feroterm.ro\/altep\/produs\/altep-classic-plus\/#breadcrumb\",\"itemListElement\":[{\"@type\":\"ListItem\",\"position\":1,\"name\":\"Magazin\",\"item\":\"https:\/\/feroterm.ro\/altep\/magazin\/\"},{\"@type\":\"ListItem\",\"position\":2,\"name\":\"Altep Classic Plus\"}]},{\"@type\":\"WebSite\",\"@id\":\"https:\/\/feroterm.ro\/altep\/#website\",\"url\":\"https:\/\/feroterm.ro\/altep\/\",\"name\":\"FEROTERM\",\"description\":\"Comercializam toata gama de cazane Altep\",\"publisher\":{\"@id\":\"https:\/\/feroterm.ro\/altep\/#organization\"},\"potentialAction\":[{\"@type\":\"SearchAction\",\"target\":{\"@type\":\"EntryPoint\",\"urlTemplate\":\"https:\/\/feroterm.ro\/altep\/?s={search_term_string}\"},\"query-input\":{\"@type\":\"PropertyValueSpecification\",\"valueRequired\":true,\"valueName\":\"search_term_string\"}}],\"inLanguage\":\"ro-RO\"},{\"@type\":\"Organization\",\"@id\":\"https:\/\/feroterm.ro\/altep\/#organization\",\"name\":\"FEROTERM\",\"url\":\"https:\/\/feroterm.ro\/altep\/\",\"logo\":{\"@type\":\"ImageObject\",\"inLanguage\":\"ro-RO\",\"@id\":\"https:\/\/feroterm.ro\/altep\/#\/schema\/logo\/image\/\",\"url\":\"https:\/\/feroterm.ro\/altep\/wp-content\/uploads\/2025\/04\/logo-feroterm.png\",\"contentUrl\":\"https:\/\/feroterm.ro\/altep\/wp-content\/uploads\/2025\/04\/logo-feroterm.png\",\"width\":346,\"height\":56,\"caption\":\"FEROTERM\"},\"image\":{\"@id\":\"https:\/\/feroterm.ro\/altep\/#\/schema\/logo\/image\/\"}}]}<\/script>\n<!-- \/ Yoast SEO Premium plugin. -->","yoast_head_json":{"title":"Altep Classic Plus - Altep","robots":{"index":"index","follow":"follow","max-snippet":"max-snippet:-1","max-image-preview":"max-image-preview:large","max-video-preview":"max-video-preview:-1"},"canonical":"https:\/\/feroterm.ro\/altep\/produs\/altep-classic-plus\/","og_locale":"ro_RO","og_type":"article","og_title":"Altep Classic Plus - Altep","og_description":"Classic \u2013 reglaj mecanic al procesului de ardere utilizand regulatorul rotativ","og_url":"https:\/\/feroterm.ro\/altep\/produs\/altep-classic-plus\/","og_site_name":"FEROTERM","article_modified_time":"2025-04-09T06:36:21+00:00","og_image":[{"width":1024,"height":1024,"url":"https:\/\/feroterm.ro\/altep\/wp-content\/uploads\/2025\/04\/Classic-Plus-20-kW.png","type":"image\/png"}],"twitter_card":"summary_large_image","twitter_misc":{"Timp estimat pentru citire":"4 minute"},"schema":{"@context":"https:\/\/schema.org","@graph":[{"@type":"WebPage","@id":"https:\/\/feroterm.ro\/altep\/produs\/altep-classic-plus\/","url":"https:\/\/feroterm.ro\/altep\/produs\/altep-classic-plus\/","name":"Altep Classic Plus - Altep","isPartOf":{"@id":"https:\/\/feroterm.ro\/altep\/#website"},"primaryImageOfPage":{"@id":"https:\/\/feroterm.ro\/altep\/produs\/altep-classic-plus\/#primaryimage"},"image":{"@id":"https:\/\/feroterm.ro\/altep\/produs\/altep-classic-plus\/#primaryimage"},"thumbnailUrl":"https:\/\/feroterm.ro\/altep\/wp-content\/uploads\/2025\/04\/Classic-Plus-20-kW.png","datePublished":"2025-04-07T08:25:06+00:00","dateModified":"2025-04-09T06:36:21+00:00","breadcrumb":{"@id":"https:\/\/feroterm.ro\/altep\/produs\/altep-classic-plus\/#breadcrumb"},"inLanguage":"ro-RO","potentialAction":[{"@type":"ReadAction","target":["https:\/\/feroterm.ro\/altep\/produs\/altep-classic-plus\/"]}]},{"@type":"ImageObject","inLanguage":"ro-RO","@id":"https:\/\/feroterm.ro\/altep\/produs\/altep-classic-plus\/#primaryimage","url":"https:\/\/feroterm.ro\/altep\/wp-content\/uploads\/2025\/04\/Classic-Plus-20-kW.png","contentUrl":"https:\/\/feroterm.ro\/altep\/wp-content\/uploads\/2025\/04\/Classic-Plus-20-kW.png","width":1024,"height":1024},{"@type":"BreadcrumbList","@id":"https:\/\/feroterm.ro\/altep\/produs\/altep-classic-plus\/#breadcrumb","itemListElement":[{"@type":"ListItem","position":1,"name":"Magazin","item":"https:\/\/feroterm.ro\/altep\/magazin\/"},{"@type":"ListItem","position":2,"name":"Altep Classic Plus"}]},{"@type":"WebSite","@id":"https:\/\/feroterm.ro\/altep\/#website","url":"https:\/\/feroterm.ro\/altep\/","name":"FEROTERM","description":"Comercializam toata gama de cazane Altep","publisher":{"@id":"https:\/\/feroterm.ro\/altep\/#organization"},"potentialAction":[{"@type":"SearchAction","target":{"@type":"EntryPoint","urlTemplate":"https:\/\/feroterm.ro\/altep\/?s={search_term_string}"},"query-input":{"@type":"PropertyValueSpecification","valueRequired":true,"valueName":"search_term_string"}}],"inLanguage":"ro-RO"},{"@type":"Organization","@id":"https:\/\/feroterm.ro\/altep\/#organization","name":"FEROTERM","url":"https:\/\/feroterm.ro\/altep\/","logo":{"@type":"ImageObject","inLanguage":"ro-RO","@id":"https:\/\/feroterm.ro\/altep\/#\/schema\/logo\/image\/","url":"https:\/\/feroterm.ro\/altep\/wp-content\/uploads\/2025\/04\/logo-feroterm.png","contentUrl":"https:\/\/feroterm.ro\/altep\/wp-content\/uploads\/2025\/04\/logo-feroterm.png","width":346,"height":56,"caption":"FEROTERM"},"image":{"@id":"https:\/\/feroterm.ro\/altep\/#\/schema\/logo\/image\/"}}]}},"_links":{"self":[{"href":"https:\/\/feroterm.ro\/altep\/wp-json\/wp\/v2\/product\/6468","targetHints":{"allow":["GET"]}}],"collection":[{"href":"https:\/\/feroterm.ro\/altep\/wp-json\/wp\/v2\/product"}],"about":[{"href":"https:\/\/feroterm.ro\/altep\/wp-json\/wp\/v2\/types\/product"}],"replies":[{"embeddable":true,"href":"https:\/\/feroterm.ro\/altep\/wp-json\/wp\/v2\/comments?post=6468"}],"wp:featuredmedia":[{"embeddable":true,"href":"https:\/\/feroterm.ro\/altep\/wp-json\/wp\/v2\/media\/6469"}],"wp:attachment":[{"href":"https:\/\/feroterm.ro\/altep\/wp-json\/wp\/v2\/media?parent=6468"}],"wp:term":[{"taxonomy":"product_brand","embeddable":true,"href":"https:\/\/feroterm.ro\/altep\/wp-json\/wp\/v2\/product_brand?post=6468"},{"taxonomy":"product_cat","embeddable":true,"href":"https:\/\/feroterm.ro\/altep\/wp-json\/wp\/v2\/product_cat?post=6468"},{"taxonomy":"product_tag","embeddable":true,"href":"https:\/\/feroterm.ro\/altep\/wp-json\/wp\/v2\/product_tag?post=6468"}],"curies":[{"name":"wp","href":"https:\/\/api.w.org\/{rel}","templated":true}]}}