{"id":5663,"date":"2023-09-21T06:53:56","date_gmt":"2023-09-21T06:53:56","guid":{"rendered":"https:\/\/soberus.ro\/?page_id=5663"},"modified":"2025-01-22T21:28:23","modified_gmt":"2025-01-22T21:28:23","slug":"despre-noi","status":"publish","type":"page","link":"https:\/\/feroterm.ro\/altep\/despre-noi\/","title":{"rendered":"Despre noi"},"content":{"rendered":"\t\t<div data-elementor-type=\"wp-page\" data-elementor-id=\"5663\" class=\"elementor elementor-5663\" data-elementor-post-type=\"page\">\n\t\t\t\t<div data-particle_enable=\"false\" data-particle-mobile-disabled=\"false\" class=\"elementor-element elementor-element-84d4b32 e-flex e-con-boxed e-con e-parent\" data-id=\"84d4b32\" data-element_type=\"container\">\n\t\t\t\t\t<div class=\"e-con-inner\">\n\t\t\t\t<div class=\"elementor-element elementor-element-34517b5 elementor-widget elementor-widget-spacer\" data-id=\"34517b5\" data-element_type=\"widget\" data-widget_type=\"spacer.default\">\n\t\t\t\t<div class=\"elementor-widget-container\">\n\t\t\t\t\t\t\t<div class=\"elementor-spacer\">\n\t\t\t<div class=\"elementor-spacer-inner\"><\/div>\n\t\t<\/div>\n\t\t\t\t\t\t<\/div>\n\t\t\t\t<\/div>\n\t\t\t\t<div class=\"elementor-element elementor-element-c496a92 elementor-headline--style-rotate elementor-widget elementor-widget-animated-headline\" data-id=\"c496a92\" data-element_type=\"widget\" data-settings=\"{&quot;headline_style&quot;:&quot;rotate&quot;,&quot;animation_type&quot;:&quot;swirl&quot;,&quot;rotate_iteration_delay&quot;:5000,&quot;loop&quot;:&quot;yes&quot;}\" data-widget_type=\"animated-headline.default\">\n\t\t\t\t<div class=\"elementor-widget-container\">\n\t\t\t\t\t\t\t<h3 class=\"elementor-headline elementor-headline-animation-type-swirl elementor-headline-letters\">\n\t\t\t\t\t<span class=\"elementor-headline-plain-text elementor-headline-text-wrapper\">Despre Noi<\/span>\n\t\t\t\t<span class=\"elementor-headline-dynamic-wrapper elementor-headline-text-wrapper\">\n\t\t\t\t<\/span>\n\t\t\t\t<\/h3>\n\t\t\t\t\t\t<\/div>\n\t\t\t\t<\/div>\n\t\t\t\t<div class=\"elementor-element elementor-element-3607bf1 elementor-widget elementor-widget-text-editor\" data-id=\"3607bf1\" data-element_type=\"widget\" data-widget_type=\"text-editor.default\">\n\t\t\t\t<div class=\"elementor-widget-container\">\n\t\t\t\t\t\t\t\t\t<p>Soberus, destina\u021bia dumneavoastr\u0103 de \u00eencredere pentru sobe teracot\u0103 de cea mai \u00eenalt\u0103 calitate cu designuri inspirate. Suntem m\u00e2ndri s\u0103 v\u0103 prezent\u0103m o istorie bogat\u0103 transpus\u0103 \u00een timpuri moderne prin sobele de teracot\u0103, care au fost \u0219i sunt parte integrant\u0103 a locuin\u021belor \u0219i a culturilor noastre. Iat\u0103 mai multe despre noi \u0219i ceea ce ne reprezint\u0103:<\/p><h4><strong>1. Experien\u021b\u0103 \u0219i Tradi\u021bie<\/strong><\/h4><p>Cu o experien\u021b\u0103 care dateaz\u0103 \u00eenc\u0103 din 1992, suntem dedica\u021bi s\u0103 aducem \u00een casele dumneavoastr\u0103 sobe autentice \u0219i func\u021bionale care s\u0103 aduc\u0103 un plus de calitate vie\u021bii.<\/p><h4><strong>2. Design \u0219i Inova\u021bie<\/strong><\/h4><p>Toate sobele comercializate de noi p\u0103streaz\u0103 un design tradi\u021bional dar totodat\u0103 \u00eembun\u0103t\u0103\u021bit dup\u0103 standardele actuale prin mobilitate \u0219i componente precum vizor, plite sau placaje cu marmur\u0103.<\/p><h4><strong>3. Materiale de Calitate<\/strong><\/h4><p>Calitatea materialelor este esen\u021bial\u0103 pentru noi. Lucr\u0103m direct cu fabrici de sobe care utilizeaz\u0103 numai teracot\u0103 de cea mai \u00eenalt\u0103 calitate, care este durabil\u0103, rezistent\u0103 la temperaturi ridicate \u0219i u\u0219or de \u00eentre\u021binut. Fiecare component\u0103 a sobelor este selectat\u0103 cu grij\u0103 pentru a v\u0103 asigura c\u0103 ve\u021bi avea un produs durabil \u0219i de \u00eencredere.<\/p><h4><strong>4. Serviciu Personalizat<\/strong><\/h4><p>Echipa noastr\u0103 de exper\u021bi v\u0103 va ghida \u00een alegerea celei mai potrivite sobe de teracot\u0103 pentru casa dumneavoastr\u0103, lu\u00e2nd \u00een considerare dimensiunea spa\u021biului, stilul dumneavoastr\u0103 \u0219i cerin\u021bele individuale. Suntem aici pentru a oferi consultan\u021b\u0103 \u0219i suport pe tot parcursul procesului.<\/p><h4><strong>5. Mediu \u00eenconjur\u0103tor<\/strong><\/h4><p>La Soberus, suntem con\u0219tien\u021bi de importan\u021ba protej\u0103rii mediului \u00eenconjur\u0103tor. Sobele comercializate de noi sunt eficiente din punct de vedere energetic, contribuind la reducerea impactului asupra mediului \u0219i economisind resursele dumneavoastr\u0103 financiare.<\/p><p>Cu fiecare produs pe care \u00eel oferim, ne propunem s\u0103 aducem calitate, frumuse\u021be \u0219i c\u0103ldur\u0103 \u00een casele dumneavoastr\u0103. Suntem bucuro\u0219i s\u0103 v\u0103 ajut\u0103m s\u0103 g\u0103si\u021bi soba perfect\u0103 pentru casa dvs. Cu Soberus, ve\u021bi descoperi un partener de \u00eencredere \u00een crearea unui spa\u021biu cald \u0219i primitor \u00een care s\u0103 v\u0103 bucura\u021bi de momente pre\u021bioase al\u0103turi de cei dragi.<\/p>\t\t\t\t\t\t\t\t<\/div>\n\t\t\t\t<\/div>\n\t\t\t\t\t<\/div>\n\t\t\t\t<\/div>\n\t\t\t\t<\/div>\n\t\t","protected":false},"excerpt":{"rendered":"<p>Despre Noi Soberus, destina\u021bia dumneavoastr\u0103 de \u00eencredere pentru sobe teracot\u0103 de cea mai \u00eenalt\u0103 calitate cu designuri inspirate. Suntem m\u00e2ndri s\u0103 v\u0103 prezent\u0103m o istorie bogat\u0103 transpus\u0103 \u00een timpuri moderne prin sobele de teracot\u0103, care au fost \u0219i sunt parte integrant\u0103 a locuin\u021belor \u0219i a culturilor noastre. Iat\u0103 mai multe despre noi \u0219i ceea ce [&#8230;]\n","protected":false},"author":1,"featured_media":0,"parent":0,"menu_order":0,"comment_status":"closed","ping_status":"closed","template":"","meta":{"footnotes":""},"class_list":["post-5663","page","type-page","status-publish","hentry"],"yoast_head":"<!-- This site is optimized with the Yoast SEO Premium plugin v21.2 (Yoast SEO v24.8.1) - https:\/\/yoast.com\/wordpress\/plugins\/seo\/ -->\n<title>Despre noi - FEROTERM<\/title>\n<meta name=\"description\" content=\"Despre Soberus, destina\u021bia dumneavoastr\u0103 de \u00eencredere pentru sobe de teracot\u0103 de cea mai \u00eenalt\u0103 calitate cu designuri inspirate. Suntem m\u00e2ndri s\u0103 v\u0103 prezent\u0103m o istorie bogat\u0103 transpus\u0103 \u00een timpuri moderne prin sobele de teracot\u0103, care au fost \u0219i sunt parte integrant\u0103 a locuin\u021belor \u0219i a culturilor noastre.\" \/>\n<meta name=\"robots\" content=\"index, follow, max-snippet:-1, max-image-preview:large, max-video-preview:-1\" \/>\n<link rel=\"canonical\" href=\"https:\/\/feroterm.ro\/altep\/despre-noi\/\" \/>\n<meta property=\"og:locale\" content=\"ro_RO\" \/>\n<meta property=\"og:type\" content=\"article\" \/>\n<meta property=\"og:title\" content=\"Despre noi - FEROTERM\" \/>\n<meta property=\"og:description\" content=\"Despre Soberus, destina\u021bia dumneavoastr\u0103 de \u00eencredere pentru sobe de teracot\u0103 de cea mai \u00eenalt\u0103 calitate cu designuri inspirate. Suntem m\u00e2ndri s\u0103 v\u0103 prezent\u0103m o istorie bogat\u0103 transpus\u0103 \u00een timpuri moderne prin sobele de teracot\u0103, care au fost \u0219i sunt parte integrant\u0103 a locuin\u021belor \u0219i a culturilor noastre.\" \/>\n<meta property=\"og:url\" content=\"https:\/\/feroterm.ro\/altep\/despre-noi\/\" \/>\n<meta property=\"og:site_name\" content=\"FEROTERM\" \/>\n<meta property=\"article:modified_time\" content=\"2025-01-22T21:28:23+00:00\" \/>\n<meta name=\"twitter:card\" content=\"summary_large_image\" \/>\n<meta name=\"twitter:label1\" content=\"Timp estimat pentru citire\" \/>\n\t<meta name=\"twitter:data1\" content=\"2 minute\" \/>\n<script type=\"application\/ld+json\" class=\"yoast-schema-graph\">{\"@context\":\"https:\/\/schema.org\",\"@graph\":[{\"@type\":\"WebPage\",\"@id\":\"https:\/\/feroterm.ro\/altep\/despre-noi\/\",\"url\":\"https:\/\/feroterm.ro\/altep\/despre-noi\/\",\"name\":\"Despre noi - FEROTERM\",\"isPartOf\":{\"@id\":\"https:\/\/feroterm.ro\/altep\/#website\"},\"datePublished\":\"2023-09-21T06:53:56+00:00\",\"dateModified\":\"2025-01-22T21:28:23+00:00\",\"description\":\"Despre Soberus, destina\u021bia dumneavoastr\u0103 de \u00eencredere pentru sobe de teracot\u0103 de cea mai \u00eenalt\u0103 calitate cu designuri inspirate. Suntem m\u00e2ndri s\u0103 v\u0103 prezent\u0103m o istorie bogat\u0103 transpus\u0103 \u00een timpuri moderne prin sobele de teracot\u0103, care au fost \u0219i sunt parte integrant\u0103 a locuin\u021belor \u0219i a culturilor noastre.\",\"inLanguage\":\"ro-RO\",\"potentialAction\":[{\"@type\":\"ReadAction\",\"target\":[\"https:\/\/feroterm.ro\/altep\/despre-noi\/\"]}]},{\"@type\":\"WebSite\",\"@id\":\"https:\/\/feroterm.ro\/altep\/#website\",\"url\":\"https:\/\/feroterm.ro\/altep\/\",\"name\":\"FEROTERM\",\"description\":\"Comercializam toata gama de cazane Altep\",\"publisher\":{\"@id\":\"https:\/\/feroterm.ro\/altep\/#organization\"},\"potentialAction\":[{\"@type\":\"SearchAction\",\"target\":{\"@type\":\"EntryPoint\",\"urlTemplate\":\"https:\/\/feroterm.ro\/altep\/?s={search_term_string}\"},\"query-input\":{\"@type\":\"PropertyValueSpecification\",\"valueRequired\":true,\"valueName\":\"search_term_string\"}}],\"inLanguage\":\"ro-RO\"},{\"@type\":\"Organization\",\"@id\":\"https:\/\/feroterm.ro\/altep\/#organization\",\"name\":\"FEROTERM\",\"url\":\"https:\/\/feroterm.ro\/altep\/\",\"logo\":{\"@type\":\"ImageObject\",\"inLanguage\":\"ro-RO\",\"@id\":\"https:\/\/feroterm.ro\/altep\/#\/schema\/logo\/image\/\",\"url\":\"https:\/\/feroterm.ro\/altep\/wp-content\/uploads\/2025\/04\/logo-feroterm.png\",\"contentUrl\":\"https:\/\/feroterm.ro\/altep\/wp-content\/uploads\/2025\/04\/logo-feroterm.png\",\"width\":346,\"height\":56,\"caption\":\"FEROTERM\"},\"image\":{\"@id\":\"https:\/\/feroterm.ro\/altep\/#\/schema\/logo\/image\/\"}}]}<\/script>\n<!-- \/ Yoast SEO Premium plugin. -->","yoast_head_json":{"title":"Despre noi - FEROTERM","description":"Despre Soberus, destina\u021bia dumneavoastr\u0103 de \u00eencredere pentru sobe de teracot\u0103 de cea mai \u00eenalt\u0103 calitate cu designuri inspirate. Suntem m\u00e2ndri s\u0103 v\u0103 prezent\u0103m o istorie bogat\u0103 transpus\u0103 \u00een timpuri moderne prin sobele de teracot\u0103, care au fost \u0219i sunt parte integrant\u0103 a locuin\u021belor \u0219i a culturilor noastre.","robots":{"index":"index","follow":"follow","max-snippet":"max-snippet:-1","max-image-preview":"max-image-preview:large","max-video-preview":"max-video-preview:-1"},"canonical":"https:\/\/feroterm.ro\/altep\/despre-noi\/","og_locale":"ro_RO","og_type":"article","og_title":"Despre noi - FEROTERM","og_description":"Despre Soberus, destina\u021bia dumneavoastr\u0103 de \u00eencredere pentru sobe de teracot\u0103 de cea mai \u00eenalt\u0103 calitate cu designuri inspirate. Suntem m\u00e2ndri s\u0103 v\u0103 prezent\u0103m o istorie bogat\u0103 transpus\u0103 \u00een timpuri moderne prin sobele de teracot\u0103, care au fost \u0219i sunt parte integrant\u0103 a locuin\u021belor \u0219i a culturilor noastre.","og_url":"https:\/\/feroterm.ro\/altep\/despre-noi\/","og_site_name":"FEROTERM","article_modified_time":"2025-01-22T21:28:23+00:00","twitter_card":"summary_large_image","twitter_misc":{"Timp estimat pentru citire":"2 minute"},"schema":{"@context":"https:\/\/schema.org","@graph":[{"@type":"WebPage","@id":"https:\/\/feroterm.ro\/altep\/despre-noi\/","url":"https:\/\/feroterm.ro\/altep\/despre-noi\/","name":"Despre noi - FEROTERM","isPartOf":{"@id":"https:\/\/feroterm.ro\/altep\/#website"},"datePublished":"2023-09-21T06:53:56+00:00","dateModified":"2025-01-22T21:28:23+00:00","description":"Despre Soberus, destina\u021bia dumneavoastr\u0103 de \u00eencredere pentru sobe de teracot\u0103 de cea mai \u00eenalt\u0103 calitate cu designuri inspirate. Suntem m\u00e2ndri s\u0103 v\u0103 prezent\u0103m o istorie bogat\u0103 transpus\u0103 \u00een timpuri moderne prin sobele de teracot\u0103, care au fost \u0219i sunt parte integrant\u0103 a locuin\u021belor \u0219i a culturilor noastre.","inLanguage":"ro-RO","potentialAction":[{"@type":"ReadAction","target":["https:\/\/feroterm.ro\/altep\/despre-noi\/"]}]},{"@type":"WebSite","@id":"https:\/\/feroterm.ro\/altep\/#website","url":"https:\/\/feroterm.ro\/altep\/","name":"FEROTERM","description":"Comercializam toata gama de cazane Altep","publisher":{"@id":"https:\/\/feroterm.ro\/altep\/#organization"},"potentialAction":[{"@type":"SearchAction","target":{"@type":"EntryPoint","urlTemplate":"https:\/\/feroterm.ro\/altep\/?s={search_term_string}"},"query-input":{"@type":"PropertyValueSpecification","valueRequired":true,"valueName":"search_term_string"}}],"inLanguage":"ro-RO"},{"@type":"Organization","@id":"https:\/\/feroterm.ro\/altep\/#organization","name":"FEROTERM","url":"https:\/\/feroterm.ro\/altep\/","logo":{"@type":"ImageObject","inLanguage":"ro-RO","@id":"https:\/\/feroterm.ro\/altep\/#\/schema\/logo\/image\/","url":"https:\/\/feroterm.ro\/altep\/wp-content\/uploads\/2025\/04\/logo-feroterm.png","contentUrl":"https:\/\/feroterm.ro\/altep\/wp-content\/uploads\/2025\/04\/logo-feroterm.png","width":346,"height":56,"caption":"FEROTERM"},"image":{"@id":"https:\/\/feroterm.ro\/altep\/#\/schema\/logo\/image\/"}}]}},"_links":{"self":[{"href":"https:\/\/feroterm.ro\/altep\/wp-json\/wp\/v2\/pages\/5663","targetHints":{"allow":["GET"]}}],"collection":[{"href":"https:\/\/feroterm.ro\/altep\/wp-json\/wp\/v2\/pages"}],"about":[{"href":"https:\/\/feroterm.ro\/altep\/wp-json\/wp\/v2\/types\/page"}],"author":[{"embeddable":true,"href":"https:\/\/feroterm.ro\/altep\/wp-json\/wp\/v2\/users\/1"}],"replies":[{"embeddable":true,"href":"https:\/\/feroterm.ro\/altep\/wp-json\/wp\/v2\/comments?post=5663"}],"version-history":[{"count":12,"href":"https:\/\/feroterm.ro\/altep\/wp-json\/wp\/v2\/pages\/5663\/revisions"}],"predecessor-version":[{"id":6397,"href":"https:\/\/feroterm.ro\/altep\/wp-json\/wp\/v2\/pages\/5663\/revisions\/6397"}],"wp:attachment":[{"href":"https:\/\/feroterm.ro\/altep\/wp-json\/wp\/v2\/media?parent=5663"}],"curies":[{"name":"wp","href":"https:\/\/api.w.org\/{rel}","templated":true}]}}